{"id":3044,"date":"2025-06-15T15:43:50","date_gmt":"2025-06-15T13:43:50","guid":{"rendered":"https:\/\/fts.you2.pl\/index.php\/produkt\/koszulka-bramkarska-fc-koln-2012-13-m\/"},"modified":"2025-09-19T16:23:20","modified_gmt":"2025-09-19T14:23:20","slug":"koszulka-bramkarska-fc-koln-2012-13-m","status":"publish","type":"product","link":"https:\/\/fts.you2.pl\/en\/koszulka-bramkarska-fc-koln-2012-13-m\/","title":{"rendered":"Koszulka bramkarska FC Koln 2012\/13 [M]"},"content":{"rendered":"<p><strong>Klub:<\/strong> FC Koln<\/p>\n<p><strong>Sezon:<\/strong> 2012\/13<\/p>\n<p><strong>Rozmiar: <\/strong>M<\/p>\n<p><strong>Stan:<\/strong> Bardzo dobry &#8211; nieznacznie uszkodzony nadruk sponsora oraz jedno mikro zaci\u0105gni\u0119cie na r\u0119kawku.<\/p>\n<p><strong>Wymiary (szeroko\u015b\u0107 pod pachami\/d\u0142ugo\u015b\u0107) w cm: <\/strong>50\/71<\/p>","protected":false},"excerpt":{"rendered":"<p data-start=\"0\" data-end=\"71\"><strong data-start=\"0\" data-end=\"69\">Oryginalna bramkarska koszulka pi\u0142karska FC K\u00f6ln \u2013 Erima 2012\/13.<\/strong><\/p>\n<p data-start=\"73\" data-end=\"566\" data-is-last-node=\"\" data-is-only-node=\"\">Wyj\u0105tkowa propozycja dla kolekcjoner\u00f3w \u2013 <strong data-start=\"126\" data-end=\"195\">oryginalna bramkarska koszulka pi\u0142karska FC K\u00f6ln z sezonu 2012\/13<\/strong>, wyprodukowana przez firm\u0119<strong> Erima<\/strong>. Klasyczny design z charakterystycznym logotypem sponsora <strong data-start=\"287\" data-end=\"295\">REWE<\/strong> oraz herbem klubu na piersi oddaje klimat tamtego sezonu w<strong> 2. Bundeslidze<\/strong>. Lekka, oddychaj\u0105ca tkanina zapewnia komfort noszenia, a unikalny styl wyr\u00f3\u017cnia j\u0105 spo\u015br\u00f3d standardowych modeli meczowych. Idealna dla fan\u00f3w \u201eKoz\u0142\u00f3w\u201d i mi\u0142o\u015bnik\u00f3w unikalnych bramkarskich koszulek.<\/p>","protected":false},"featured_media":13932,"template":"","meta":{"_kad_blocks_custom_css":"","_kad_blocks_head_custom_js":"","_kad_blocks_body_custom_js":"","_kad_blocks_footer_custom_js":"","_kad_post_transparent":"","_kad_post_title":"","_kad_post_layout":"","_kad_post_sidebar_id":"","_kad_post_content_style":"","_kad_post_vertical_padding":"","_kad_post_feature":"","_kad_post_feature_position":"","_kad_post_header":false,"_kad_post_footer":false},"product_brand":[103],"product_cat":[31,46,174],"product_tag":[],"class_list":{"0":"post-3044","1":"product","2":"type-product","3":"status-publish","4":"has-post-thumbnail","6":"product_brand-erima","7":"product_cat-kluby-europejskie","8":"product_cat-kluby-niemieckie","9":"product_cat-pozostale-kluby-niemieckie","10":"pa_rozmiar-m","12":"first","13":"instock","14":"taxable","15":"shipping-taxable","16":"purchasable","17":"product-type-simple","18":"entry","19":"content-bg","20":"loop-entry"},"taxonomy_info":{"product_brand":[{"value":103,"label":"Erima"}],"product_cat":[{"value":31,"label":"Kluby Europejskie"},{"value":46,"label":"Kluby Niemieckie"},{"value":174,"label":"Pozosta\u0142e kluby niemieckie"}],"pa_rozmiar":[{"value":28,"label":"M"}]},"featured_image_src_large":["https:\/\/fts.you2.pl\/wp-content\/uploads\/2025\/09\/Photoroom_012_20250614_140801-1024x1024.png",1024,1024,true],"author_info":[],"comment_info":"","_links":{"self":[{"href":"https:\/\/fts.you2.pl\/en\/wp-json\/wp\/v2\/product\/3044","targetHints":{"allow":["GET"]}}],"collection":[{"href":"https:\/\/fts.you2.pl\/en\/wp-json\/wp\/v2\/product"}],"about":[{"href":"https:\/\/fts.you2.pl\/en\/wp-json\/wp\/v2\/types\/product"}],"wp:featuredmedia":[{"embeddable":true,"href":"https:\/\/fts.you2.pl\/en\/wp-json\/wp\/v2\/media\/13932"}],"wp:attachment":[{"href":"https:\/\/fts.you2.pl\/en\/wp-json\/wp\/v2\/media?parent=3044"}],"wp:term":[{"taxonomy":"product_brand","embeddable":true,"href":"https:\/\/fts.you2.pl\/en\/wp-json\/wp\/v2\/product_brand?post=3044"},{"taxonomy":"product_cat","embeddable":true,"href":"https:\/\/fts.you2.pl\/en\/wp-json\/wp\/v2\/product_cat?post=3044"},{"taxonomy":"product_tag","embeddable":true,"href":"https:\/\/fts.you2.pl\/en\/wp-json\/wp\/v2\/product_tag?post=3044"}],"curies":[{"name":"wp","href":"https:\/\/api.w.org\/{rel}","templated":true}]}}