{"id":3048,"date":"2025-06-15T15:44:13","date_gmt":"2025-06-15T13:44:13","guid":{"rendered":"https:\/\/fts.you2.pl\/index.php\/produkt\/fortuna-dusseldorf-2016-17-home-l\/"},"modified":"2025-09-19T16:25:09","modified_gmt":"2025-09-19T14:25:09","slug":"fortuna-dusseldorf-2016-17-home-l","status":"publish","type":"product","link":"https:\/\/fts.you2.pl\/en\/fortuna-dusseldorf-2016-17-home-l\/","title":{"rendered":"Koszulka pi\u0142karska Fortuna Dusseldorf 2016\/17 Home [L]"},"content":{"rendered":"<p><strong>Klub:<\/strong> Fortuna Dusseldorf<\/p>\n<p><strong>Sezon:<\/strong> 2016\/17 Home<\/p>\n<p><strong>Rozmiar: <\/strong>L<\/p>\n<p><strong>Stan:<\/strong> Dobry &#8211; pop\u0119kane nadruki z przodu oraz z ty\u0142u koszulki.<\/p>\n<p><strong>Wymiary (szeroko\u015b\u0107 pod pachami\/d\u0142ugo\u015b\u0107) w cm: <\/strong>54\/70<\/p>","protected":false},"excerpt":{"rendered":"<p data-start=\"0\" data-end=\"79\"><strong data-start=\"0\" data-end=\"77\">Oryginalna domowa koszulka pi\u0142karska Fortuny D\u00fcsseldorf z sezonu 2016\/17.<\/strong><\/p>\n<p data-start=\"81\" data-end=\"567\">Ta wyj\u0105tkowa koszulka pi\u0142karska Fortuny D\u00fcsseldorf z d\u0142ugim r\u0119kawem to model stworzony przez renomowan\u0105 firm\u0119 Puma na sezon 2016\/17, kiedy klub rywalizowa\u0142 na zapleczu Bundesligi, walcz\u0105c o powr\u00f3t do niemieckiej elity. Tradycyjna, bia\u0142a kolorystyka z czerwonymi detalami oddaje klasyczny charakter Fortuny, a subtelne wzory na froncie dodaj\u0105 ca\u0142o\u015bci nowoczesnego i dynamicznego wygl\u0105du. Herb klubu oraz logo Pumy s\u0105 starannie wykonane, podkre\u015blaj\u0105c autentyczno\u015b\u0107 i jako\u015b\u0107 tego modelu.<\/p>\n<p data-start=\"569\" data-end=\"942\">Wersja z d\u0142ugim r\u0119kawem zapewnia dodatkowy komfort w ch\u0142odniejsze dni, a elastyczne mankiety gwarantuj\u0105 idealne dopasowanie. Koszulka zosta\u0142a wykonana w technologii Puma dryCELL, kt\u00f3ra skutecznie odprowadza wilgo\u0107 i dba o komfort noszenia zar\u00f3wno na boisku, jak i na trybunach. To idealna propozycja dla kibic\u00f3w, kt\u00f3rzy ceni\u0105 sobie klasyczne wzory i pe\u0142n\u0105 funkcjonalno\u015b\u0107.<\/p>\n<p data-start=\"944\" data-end=\"1315\">Sezon 2016\/17 by\u0142 dla Fortuny czasem przebudowy, w kt\u00f3rym na boisku pojawia\u0142o si\u0119 wielu m\u0142odych, perspektywicznych zawodnik\u00f3w. Koszulka jest wi\u0119c symbolem trudnego, ale wa\u017cnego etapu w historii klubu. To \u015bwietny wyb\u00f3r dla kolekcjoner\u00f3w koszulek pi\u0142karskich, a tak\u017ce dla wszystkich fan\u00f3w niemieckiego futbolu, kt\u00f3rzy chc\u0105 mie\u0107 w swojej kolekcji co\u015b naprawd\u0119 wyj\u0105tkowego.<\/p>","protected":false},"featured_media":13964,"template":"","meta":{"_kad_blocks_custom_css":"","_kad_blocks_head_custom_js":"","_kad_blocks_body_custom_js":"","_kad_blocks_footer_custom_js":"","_kad_post_transparent":"","_kad_post_title":"","_kad_post_layout":"","_kad_post_sidebar_id":"","_kad_post_content_style":"","_kad_post_vertical_padding":"","_kad_post_feature":"","_kad_post_feature_position":"","_kad_post_header":false,"_kad_post_footer":false},"product_brand":[86],"product_cat":[31,46,174],"product_tag":[],"class_list":{"0":"post-3048","1":"product","2":"type-product","3":"status-publish","4":"has-post-thumbnail","6":"product_brand-puma","7":"product_cat-kluby-europejskie","8":"product_cat-kluby-niemieckie","9":"product_cat-pozostale-kluby-niemieckie","10":"pa_rozmiar-l","12":"first","13":"instock","14":"taxable","15":"shipping-taxable","16":"purchasable","17":"product-type-simple","18":"entry","19":"content-bg","20":"loop-entry"},"taxonomy_info":{"product_brand":[{"value":86,"label":"Puma"}],"product_cat":[{"value":31,"label":"Kluby Europejskie"},{"value":46,"label":"Kluby Niemieckie"},{"value":174,"label":"Pozosta\u0142e kluby niemieckie"}],"pa_rozmiar":[{"value":39,"label":"L"}]},"featured_image_src_large":["https:\/\/fts.you2.pl\/wp-content\/uploads\/2025\/09\/Photoroom_027_20250614_140801-1024x1024.png",1024,1024,true],"author_info":[],"comment_info":"","_links":{"self":[{"href":"https:\/\/fts.you2.pl\/en\/wp-json\/wp\/v2\/product\/3048","targetHints":{"allow":["GET"]}}],"collection":[{"href":"https:\/\/fts.you2.pl\/en\/wp-json\/wp\/v2\/product"}],"about":[{"href":"https:\/\/fts.you2.pl\/en\/wp-json\/wp\/v2\/types\/product"}],"wp:featuredmedia":[{"embeddable":true,"href":"https:\/\/fts.you2.pl\/en\/wp-json\/wp\/v2\/media\/13964"}],"wp:attachment":[{"href":"https:\/\/fts.you2.pl\/en\/wp-json\/wp\/v2\/media?parent=3048"}],"wp:term":[{"taxonomy":"product_brand","embeddable":true,"href":"https:\/\/fts.you2.pl\/en\/wp-json\/wp\/v2\/product_brand?post=3048"},{"taxonomy":"product_cat","embeddable":true,"href":"https:\/\/fts.you2.pl\/en\/wp-json\/wp\/v2\/product_cat?post=3048"},{"taxonomy":"product_tag","embeddable":true,"href":"https:\/\/fts.you2.pl\/en\/wp-json\/wp\/v2\/product_tag?post=3048"}],"curies":[{"name":"wp","href":"https:\/\/api.w.org\/{rel}","templated":true}]}}