{"id":3057,"date":"2025-06-15T15:44:07","date_gmt":"2025-06-15T13:44:07","guid":{"rendered":"https:\/\/fts.you2.pl\/index.php\/produkt\/manchester-united-2002-04-home-yxl\/"},"modified":"2025-09-19T16:29:21","modified_gmt":"2025-09-19T14:29:21","slug":"manchester-united-2002-04-home-yxl","status":"publish","type":"product","link":"https:\/\/fts.you2.pl\/en\/manchester-united-2002-04-home-yxl\/","title":{"rendered":"Koszulka pi\u0142karska Manchester United 2002\/04 Home [164 cm]"},"content":{"rendered":"<p><strong>Klub:<\/strong> Manchester United<\/p>\n<p><strong>Sezon:<\/strong> 2002\/04 Home<\/p>\n<p><strong>Rozmiar: <\/strong>164 cm<\/p>\n<p><strong>Stan:<\/strong> Doskona\u0142y<\/p>\n<p><strong>Wymiary (szeroko\u015b\u0107 pod pachami\/d\u0142ugo\u015b\u0107) w cm: <\/strong>50\/67<\/p>","protected":false},"excerpt":{"rendered":"<p data-start=\"0\" data-end=\"71\"><strong data-start=\"0\" data-end=\"69\">Oryginalna domowa koszulka pi\u0142karska Manchesteru United z lat 2002\u20132004 w rozmiarze m\u0142odzie\u017cowym.<\/strong><\/p>\n<p data-start=\"73\" data-end=\"588\">Prezentujemy kultow\u0105 <strong data-start=\"94\" data-end=\"157\">domow\u0105 koszulk\u0119 pi\u0142karsk\u0105 Manchesteru United z lat 2002\u20132004<\/strong>, wyprodukowan\u0105 przez <strong data-start=\"179\" data-end=\"187\">Nike<\/strong> w klasycznej czerwieni, b\u0119d\u0105cej symbolem Czerwonych Diab\u0142\u00f3w. Charakterystyczny, minimalistyczny design z czarnymi wyko\u0144czeniami przy ko\u0142nierzyku oraz haftowany herb klubu na piersi podkre\u015blaj\u0105 tradycj\u0119 i elegancj\u0119 jednego z najbardziej rozpoznawalnych klub\u00f3w \u015bwiata. Na froncie widnieje legendarny sponsor \u2013 <strong data-start=\"496\" data-end=\"508\">Vodafone<\/strong>, kt\u00f3ry w tamtym okresie towarzyszy\u0142 wielu ikonicznym chwilom na Old Trafford.<\/p>\n<p data-start=\"590\" data-end=\"1136\">Sezon 2002\/03 by\u0142 dla Manchesteru United niezwykle udany \u2013 pod wodz\u0105 <strong data-start=\"659\" data-end=\"682\">Sir Alexa Fergusona<\/strong> dru\u017cyna si\u0119gn\u0119\u0142a po <strong data-start=\"703\" data-end=\"725\">mistrzostwo Anglii<\/strong>, wyprzedzaj\u0105c rywali w Premier League. W tej w\u0142a\u015bnie koszulce b\u0142yszczeli tacy zawodnicy jak <strong data-start=\"818\" data-end=\"841\">Ruud van Nistelrooy<\/strong>, kt\u00f3ry zdoby\u0142 koron\u0119 kr\u00f3la strzelc\u00f3w, <strong data-start=\"880\" data-end=\"894\">Ryan Giggs<\/strong>, <strong data-start=\"896\" data-end=\"912\">Paul Scholes<\/strong>, <strong data-start=\"914\" data-end=\"930\">Gary Neville<\/strong> czy m\u0142ody jeszcze wtedy <strong data-start=\"955\" data-end=\"976\">Cristiano Ronaldo<\/strong>, kt\u00f3ry do\u0142\u0105czy\u0142 do zespo\u0142u w 2003 roku. To w tym stroju United toczyli pami\u0119tne boje na Old Trafford oraz na wyjazdach, walcz\u0105c o sukcesy w Anglii i Europie.<\/p>\n<p data-start=\"1138\" data-end=\"1443\"><strong data-start=\"1138\" data-end=\"1178\">Koszulka Manchester United 2002\u20132004<\/strong> to po\u0142\u0105czenie klasyki z wygod\u0105 \u2013 wykonana z lekkiego, oddychaj\u0105cego materia\u0142u zapewnia komfort noszenia, zar\u00f3wno na boisku, jak i na co dzie\u0144. To model, kt\u00f3ry dla wielu fan\u00f3w jest symbolem ery pe\u0142nej sukces\u00f3w i wielkich nazwisk w dru\u017cynie z Old Trafford.<\/p>\n<p data-start=\"1445\" data-end=\"1687\">Dzi\u015b ta <strong data-start=\"1453\" data-end=\"1493\">koszulka pi\u0142karska Manchester United<\/strong> to nie tylko element garderoby, ale tak\u017ce <strong data-start=\"1536\" data-end=\"1560\">cz\u0119\u015b\u0107 historii klubu<\/strong>, przypominaj\u0105ca o wielkich zwyci\u0119stwach i legendarnych pi\u0142karzach, kt\u00f3rzy zapisali si\u0119 z\u0142otymi zg\u0142oskami w dziejach futbolu.<\/p>","protected":false},"featured_media":14037,"template":"","meta":{"_kad_blocks_custom_css":"","_kad_blocks_head_custom_js":"","_kad_blocks_body_custom_js":"","_kad_blocks_footer_custom_js":"","_kad_post_transparent":"","_kad_post_title":"","_kad_post_layout":"","_kad_post_sidebar_id":"","_kad_post_content_style":"","_kad_post_vertical_padding":"","_kad_post_feature":"","_kad_post_feature_position":"","_kad_post_header":false,"_kad_post_footer":false},"product_brand":[55],"product_cat":[15,32,31,356,133],"product_tag":[],"class_list":{"0":"post-3057","1":"product","2":"type-product","3":"status-publish","4":"has-post-thumbnail","6":"product_brand-nike","7":"product_cat-bez-kategorii","8":"product_cat-kluby-angielskie","9":"product_cat-kluby-europejskie","10":"product_cat-koszulki-mlodziezowe","11":"product_cat-manchester-united","12":"pa_rozmiar-164-cm","14":"first","15":"instock","16":"taxable","17":"shipping-taxable","18":"purchasable","19":"product-type-simple","20":"entry","21":"content-bg","22":"loop-entry"},"taxonomy_info":{"product_brand":[{"value":55,"label":"Nike"}],"product_cat":[{"value":15,"label":"Bez kategorii"},{"value":32,"label":"Kluby Angielskie"},{"value":31,"label":"Kluby Europejskie"},{"value":356,"label":"Koszulki M\u0142odzie\u017cowe"},{"value":133,"label":"Manchester United"}],"pa_rozmiar":[{"value":403,"label":"164 cm"}]},"featured_image_src_large":["https:\/\/fts.you2.pl\/wp-content\/uploads\/2025\/09\/Photoroom_035_20250614_140801-1024x1024.png",1024,1024,true],"author_info":[],"comment_info":"","_links":{"self":[{"href":"https:\/\/fts.you2.pl\/en\/wp-json\/wp\/v2\/product\/3057","targetHints":{"allow":["GET"]}}],"collection":[{"href":"https:\/\/fts.you2.pl\/en\/wp-json\/wp\/v2\/product"}],"about":[{"href":"https:\/\/fts.you2.pl\/en\/wp-json\/wp\/v2\/types\/product"}],"wp:featuredmedia":[{"embeddable":true,"href":"https:\/\/fts.you2.pl\/en\/wp-json\/wp\/v2\/media\/14037"}],"wp:attachment":[{"href":"https:\/\/fts.you2.pl\/en\/wp-json\/wp\/v2\/media?parent=3057"}],"wp:term":[{"taxonomy":"product_brand","embeddable":true,"href":"https:\/\/fts.you2.pl\/en\/wp-json\/wp\/v2\/product_brand?post=3057"},{"taxonomy":"product_cat","embeddable":true,"href":"https:\/\/fts.you2.pl\/en\/wp-json\/wp\/v2\/product_cat?post=3057"},{"taxonomy":"product_tag","embeddable":true,"href":"https:\/\/fts.you2.pl\/en\/wp-json\/wp\/v2\/product_tag?post=3057"}],"curies":[{"name":"wp","href":"https:\/\/api.w.org\/{rel}","templated":true}]}}