{"id":3061,"date":"2025-06-15T15:44:03","date_gmt":"2025-06-15T13:44:03","guid":{"rendered":"https:\/\/fts.you2.pl\/index.php\/produkt\/palermo-2012-14-third-l\/"},"modified":"2025-09-19T16:30:57","modified_gmt":"2025-09-19T14:30:57","slug":"palermo-2012-14-third-l","status":"publish","type":"product","link":"https:\/\/fts.you2.pl\/en\/palermo-2012-14-third-l\/","title":{"rendered":"Koszulka pi\u0142karska Palermo 2012\/14 Third [L]"},"content":{"rendered":"<p><strong>Klub:<\/strong> Palermo<\/p>\n<p><strong>Sezon:<\/strong> 2012\/14 Third<\/p>\n<p><strong>Rozmiar: <\/strong>L<\/p>\n<p><strong>Stan: <\/strong>Zadowalaj\u0105cy &#8211; znaczne zabrudzenie materia\u0142u na jednym z ramion.<\/p>\n<p><strong>Wymiary (szeroko\u015b\u0107 pod pachami\/d\u0142ugo\u015b\u0107) w cm: <\/strong>52\/73<\/p>","protected":false},"excerpt":{"rendered":"<p data-start=\"0\" data-end=\"62\"><strong data-start=\"0\" data-end=\"60\">Oryginalna trzecia koszulka pi\u0142karska Palermo 2012-2014.<\/strong><\/p>\n<p data-start=\"64\" data-end=\"519\">Przedstawiamy <strong data-start=\"78\" data-end=\"148\">trzeci\u0105 koszulk\u0119 pi\u0142karsk\u0105 US Citt\u00e0 di Palermo z sezon\u00f3w 2012-2014<\/strong>, zaprojektowan\u0105 przez cenion\u0105 mark\u0119 <strong data-start=\"185\" data-end=\"193\">Puma<\/strong>. Ten wyj\u0105tkowy model wyr\u00f3\u017cnia si\u0119 <strong data-start=\"228\" data-end=\"332\">bia\u0142\u0105 baz\u0105, na kt\u00f3rej centralnie umieszczono charakterystyczny, sko\u015bny pas w r\u00f3\u017cowo-czarnych barwach<\/strong>, nawi\u0105zuj\u0105cy do tradycyjnych kolor\u00f3w sycylijskiego klubu. Na piersi znajduje si\u0119 <strong data-start=\"414\" data-end=\"440\">haftowany herb Palermo<\/strong>, a obok niego subtelne logo Pumy, podkre\u015blaj\u0105ce sportowy charakter koszulki.<\/p>\n<p data-start=\"521\" data-end=\"886\">Ten design to idealne po\u0142\u0105czenie <strong data-start=\"554\" data-end=\"581\">minimalizmu i elegancji<\/strong>, kt\u00f3re oddaje niepowtarzalny klimat klubu z Sycylii. Koszulka zosta\u0142a wykonana z <strong data-start=\"663\" data-end=\"700\">lekkich, oddychaj\u0105cych materia\u0142\u00f3w<\/strong>, zapewniaj\u0105cych pe\u0142en komfort noszenia zar\u00f3wno na boisku, jak i na trybunach. Delikatnie dopasowany kr\u00f3j podkre\u015bla nowoczesne podej\u015bcie Pumy do projektowania stroj\u00f3w w tamtym okresie.<\/p>\n<p data-start=\"888\" data-end=\"1200\">W latach 2012-2014 <strong data-start=\"907\" data-end=\"951\">Palermo rywalizowa\u0142o w Serie A i Serie B<\/strong>, walcz\u0105c o stabilizacj\u0119 w czo\u0142\u00f3wce w\u0142oskiego futbolu. W barwach dru\u017cyny wyst\u0119powali wtedy m.in. <strong data-start=\"1048\" data-end=\"1115\">Fabrizio Miccoli, Josip Ili\u010di\u0107, Paulo Dybala czy Andrea Belotti<\/strong>, kt\u00f3rzy przyci\u0105gali uwag\u0119 kibic\u00f3w i skaut\u00f3w z ca\u0142ej Europy swoimi umiej\u0119tno\u015bciami.<\/p>\n<p data-start=\"1202\" data-end=\"1465\"><strong data-start=\"1202\" data-end=\"1248\">Trzecia koszulka Palermo 2012-2014 od Pumy<\/strong> to nie tylko wyj\u0105tkowy projekt wizualny, ale te\u017c <strong data-start=\"1298\" data-end=\"1347\">symbol pasji i historii sycylijskiego futbolu<\/strong>. \u015awietna propozycja dla kolekcjoner\u00f3w i fan\u00f3w w\u0142oskich klub\u00f3w, kt\u00f3rzy ceni\u0105 oryginalne i rzadziej spotykane modele.<\/p>","protected":false},"featured_media":14067,"template":"","meta":{"_kad_blocks_custom_css":"","_kad_blocks_head_custom_js":"","_kad_blocks_body_custom_js":"","_kad_blocks_footer_custom_js":"","_kad_post_transparent":"","_kad_post_title":"","_kad_post_layout":"","_kad_post_sidebar_id":"","_kad_post_content_style":"","_kad_post_vertical_padding":"","_kad_post_feature":"","_kad_post_feature_position":"","_kad_post_header":false,"_kad_post_footer":false},"product_brand":[86],"product_cat":[31,117,152],"product_tag":[],"class_list":{"0":"post-3061","1":"product","2":"type-product","3":"status-publish","4":"has-post-thumbnail","6":"product_brand-puma","7":"product_cat-kluby-europejskie","8":"product_cat-kluby-wloskie","9":"product_cat-pozostale-kluby-wloskie","10":"pa_rozmiar-l","12":"first","13":"instock","14":"taxable","15":"shipping-taxable","16":"purchasable","17":"product-type-simple","18":"entry","19":"content-bg","20":"loop-entry"},"taxonomy_info":{"product_brand":[{"value":86,"label":"Puma"}],"product_cat":[{"value":31,"label":"Kluby Europejskie"},{"value":117,"label":"Kluby W\u0142oskie"},{"value":152,"label":"Pozosta\u0142e kluby w\u0142oskie"}],"pa_rozmiar":[{"value":39,"label":"L"}]},"featured_image_src_large":["https:\/\/fts.you2.pl\/wp-content\/uploads\/2025\/09\/Photoroom_109_20250614_140801-1024x1024.png",1024,1024,true],"author_info":[],"comment_info":"","_links":{"self":[{"href":"https:\/\/fts.you2.pl\/en\/wp-json\/wp\/v2\/product\/3061","targetHints":{"allow":["GET"]}}],"collection":[{"href":"https:\/\/fts.you2.pl\/en\/wp-json\/wp\/v2\/product"}],"about":[{"href":"https:\/\/fts.you2.pl\/en\/wp-json\/wp\/v2\/types\/product"}],"wp:featuredmedia":[{"embeddable":true,"href":"https:\/\/fts.you2.pl\/en\/wp-json\/wp\/v2\/media\/14067"}],"wp:attachment":[{"href":"https:\/\/fts.you2.pl\/en\/wp-json\/wp\/v2\/media?parent=3061"}],"wp:term":[{"taxonomy":"product_brand","embeddable":true,"href":"https:\/\/fts.you2.pl\/en\/wp-json\/wp\/v2\/product_brand?post=3061"},{"taxonomy":"product_cat","embeddable":true,"href":"https:\/\/fts.you2.pl\/en\/wp-json\/wp\/v2\/product_cat?post=3061"},{"taxonomy":"product_tag","embeddable":true,"href":"https:\/\/fts.you2.pl\/en\/wp-json\/wp\/v2\/product_tag?post=3061"}],"curies":[{"name":"wp","href":"https:\/\/api.w.org\/{rel}","templated":true}]}}