{"id":3063,"date":"2025-06-15T15:44:24","date_gmt":"2025-06-15T13:44:24","guid":{"rendered":"https:\/\/fts.you2.pl\/index.php\/produkt\/rakow-czestochowa-2022-23-home-2-petrasek-l\/"},"modified":"2025-09-19T16:32:02","modified_gmt":"2025-09-19T14:32:02","slug":"rakow-czestochowa-2022-23-home-2-petrasek-l","status":"publish","type":"product","link":"https:\/\/fts.you2.pl\/en\/rakow-czestochowa-2022-23-home-2-petrasek-l\/","title":{"rendered":"Koszulka pi\u0142karska Rak\u00f3w Cz\u0119stochowa 2022\/23 Home 2 Petrasek [L]"},"content":{"rendered":"<p><strong>Klub:<\/strong> Rak\u00f3w Cz\u0119stochowa<\/p>\n<p><strong>Sezon:<\/strong> 2022\/23 Home<\/p>\n<p><strong>Rozmiar: <\/strong>L<\/p>\n<p><strong>Stan:<\/strong> Doskona\u0142y<\/p>\n<p><strong>Wymiary (szeroko\u015b\u0107 pod pachami\/d\u0142ugo\u015b\u0107) w cm: <\/strong>53\/72<\/p>","protected":false},"excerpt":{"rendered":"<p data-start=\"158\" data-end=\"639\">Oryginalna <strong data-start=\"273\" data-end=\"338\">domowa koszulka pi\u0142karska Rakowa Cz\u0119stochowa z sezonu 2022\/23<\/strong> to wyj\u0105tkowa pami\u0105tka z <strong data-start=\"363\" data-end=\"387\">historycznego sezonu<\/strong>, w kt\u00f3rym klub si\u0119gn\u0105\u0142 po <strong data-start=\"414\" data-end=\"456\">pierwsze w dziejach mistrzostwo Polski<\/strong>. Utrzymana w charakterystycznych czerwono-niebieskich barwach, z dynamicznym wzorem i nowoczesnym krojem, koszulka odzwierciedla ofensywny, ambitny styl gry zespo\u0142u spod Jasnej G\u00f3ry.<\/p>\n<p data-start=\"641\" data-end=\"1002\">Na plecach widnieje nazwisko <strong data-start=\"670\" data-end=\"689\">Tomasa Petraska<\/strong>, charyzmatycznego kapitana i filaru defensywy Rakowa. Czeski stoper, kt\u00f3ry przeszed\u0142 z klubem drog\u0119 od I ligi a\u017c po podium Ekstraklasy, w sezonie <strong>2022\/23<\/strong> ponownie by\u0142 jednym z kluczowych ogniw zespo\u0142u <strong>Marka Papszuna<\/strong> \u2013 nie tylko skuteczny w odbiorze, ale te\u017c gro\u017any pod bramk\u0105 rywala przy sta\u0142ych fragmentach gry.<\/p>\n<p data-start=\"1273\" data-end=\"1535\">Dla kibic\u00f3w <strong>Rakowa<\/strong> to nie tylko trykot \u2013 to symbol zwyci\u0119stwa, lojalno\u015bci i pi\u0142karskiego marzenia spe\u0142nionego po latach ci\u0119\u017ckiej pracy. A dla fan\u00f3w futbolu \u2013 unikatowa koszulka z czas\u00f3w, gdy Rak\u00f3w nie tylko zachwyca\u0142 gr\u0105, ale te\u017c pisa\u0142 now\u0105 histori\u0119<strong> Ekstraklasy<\/strong>.<\/p>","protected":false},"featured_media":14084,"template":"","meta":{"_kad_blocks_custom_css":"","_kad_blocks_head_custom_js":"","_kad_blocks_body_custom_js":"","_kad_blocks_footer_custom_js":"","_kad_post_transparent":"","_kad_post_title":"","_kad_post_layout":"","_kad_post_sidebar_id":"","_kad_post_content_style":"","_kad_post_vertical_padding":"","_kad_post_feature":"","_kad_post_feature_position":"","_kad_post_header":false,"_kad_post_footer":false},"product_brand":[453],"product_cat":[31,159,160],"product_tag":[],"class_list":{"0":"post-3063","1":"product","2":"type-product","3":"status-publish","4":"has-post-thumbnail","6":"product_brand-4f","7":"product_cat-kluby-europejskie","8":"product_cat-kluby-polskie","9":"product_cat-pozostale-kluby-polskie","10":"pa_rozmiar-l","12":"first","13":"instock","14":"taxable","15":"shipping-taxable","16":"purchasable","17":"product-type-simple","18":"entry","19":"content-bg","20":"loop-entry"},"taxonomy_info":{"product_brand":[{"value":453,"label":"4F"}],"product_cat":[{"value":31,"label":"Kluby Europejskie"},{"value":159,"label":"Kluby Polskie"},{"value":160,"label":"Pozosta\u0142e kluby polskie"}],"pa_rozmiar":[{"value":39,"label":"L"}]},"featured_image_src_large":["https:\/\/fts.you2.pl\/wp-content\/uploads\/2025\/09\/Photoroom_066_20250614_140801-1024x1024.png",1024,1024,true],"author_info":[],"comment_info":"","_links":{"self":[{"href":"https:\/\/fts.you2.pl\/en\/wp-json\/wp\/v2\/product\/3063","targetHints":{"allow":["GET"]}}],"collection":[{"href":"https:\/\/fts.you2.pl\/en\/wp-json\/wp\/v2\/product"}],"about":[{"href":"https:\/\/fts.you2.pl\/en\/wp-json\/wp\/v2\/types\/product"}],"wp:featuredmedia":[{"embeddable":true,"href":"https:\/\/fts.you2.pl\/en\/wp-json\/wp\/v2\/media\/14084"}],"wp:attachment":[{"href":"https:\/\/fts.you2.pl\/en\/wp-json\/wp\/v2\/media?parent=3063"}],"wp:term":[{"taxonomy":"product_brand","embeddable":true,"href":"https:\/\/fts.you2.pl\/en\/wp-json\/wp\/v2\/product_brand?post=3063"},{"taxonomy":"product_cat","embeddable":true,"href":"https:\/\/fts.you2.pl\/en\/wp-json\/wp\/v2\/product_cat?post=3063"},{"taxonomy":"product_tag","embeddable":true,"href":"https:\/\/fts.you2.pl\/en\/wp-json\/wp\/v2\/product_tag?post=3063"}],"curies":[{"name":"wp","href":"https:\/\/api.w.org\/{rel}","templated":true}]}}