{"id":3067,"date":"2025-06-15T15:44:20","date_gmt":"2025-06-15T13:44:20","guid":{"rendered":"https:\/\/fts.you2.pl\/index.php\/produkt\/ssv-jahn-regensburg-2013-14-home-6-laurito-m\/"},"modified":"2025-09-19T16:33:34","modified_gmt":"2025-09-19T14:33:34","slug":"ssv-jahn-regensburg-2013-14-home-6-laurito-m","status":"publish","type":"product","link":"https:\/\/fts.you2.pl\/en\/ssv-jahn-regensburg-2013-14-home-6-laurito-m\/","title":{"rendered":"Koszula pi\u0142karska SSV Jahn Regensburg 2013\/14 Home 6 Laurito [M]"},"content":{"rendered":"<p><strong>Klub:<\/strong> SSV Jahn Regensburg<\/p>\n<p><strong>Sezon:<\/strong> 2013\/14 Home<\/p>\n<p><strong>Rozmiar: <\/strong>M<\/p>\n<p><strong>Stan:<\/strong> Doskona\u0142y<\/p>\n<p><strong>Wymiary (szeroko\u015b\u0107 pod pachami\/d\u0142ugo\u015b\u0107) w cm: <\/strong>54\/71<\/p>","protected":false},"excerpt":{"rendered":"<p data-start=\"119\" data-end=\"472\"><strong data-start=\"209\" data-end=\"279\">Oryginalna koszulka pi\u0142karska SSV Jahn Regensburg z sezonu 2013\/14<\/strong>, z oficjalnym nadrukiem <strong data-start=\"304\" data-end=\"321\">Andr\u00e9 Laurito<\/strong> \u2013 niemieckiego obro\u0144cy o solidnym ligowym do\u015bwiadczeniu, kt\u00f3ry w tym sezonie by\u0142 cz\u0119\u015bci\u0105 ekipy walcz\u0105cej na trzecim poziomie rozgrywkowym w Niemczech.<\/p>\n<p data-start=\"474\" data-end=\"722\">Domowy model utrzymany jest w tradycyjnych bia\u0142o-czerwonych barwach bawarskiego klubu. Prosty, klasyczny kr\u00f3j i herb Jahn Regensburg na piersi nadaj\u0105 jej charakteru i sprawiaj\u0105, \u017ce to \u015bwietna pozycja dla fan\u00f3w klub\u00f3w z mocnymi lokalnymi tradycjami.<\/p>\n<p data-start=\"724\" data-end=\"1033\">Sezon <strong>2013\/14<\/strong> to dla Regensburga okres przebudowy po spadku z <strong>2. Bundesligi<\/strong>. Laurito nale\u017ca\u0142 wtedy do podstawowych zawodnik\u00f3w defensywy, a ta koszulka z jego nazwiskiem to wyj\u0105tkowy element dla ka\u017cdego kolekcjonera koszulek pi\u0142karskich, kt\u00f3ry ceni sobie autentyczno\u015b\u0107 i histori\u0119 niemieckiego futbolu ligowego.<\/p>","protected":false},"featured_media":14113,"template":"","meta":{"_kad_blocks_custom_css":"","_kad_blocks_head_custom_js":"","_kad_blocks_body_custom_js":"","_kad_blocks_footer_custom_js":"","_kad_post_transparent":"","_kad_post_title":"","_kad_post_layout":"","_kad_post_sidebar_id":"","_kad_post_content_style":"","_kad_post_vertical_padding":"","_kad_post_feature":"","_kad_post_feature_position":"","_kad_post_header":false,"_kad_post_footer":false},"product_brand":[391],"product_cat":[31,46,174],"product_tag":[],"class_list":{"0":"post-3067","1":"product","2":"type-product","3":"status-publish","4":"has-post-thumbnail","6":"product_brand-saller","7":"product_cat-kluby-europejskie","8":"product_cat-kluby-niemieckie","9":"product_cat-pozostale-kluby-niemieckie","10":"pa_rozmiar-m","12":"first","13":"instock","14":"taxable","15":"shipping-taxable","16":"purchasable","17":"product-type-simple","18":"entry","19":"content-bg","20":"loop-entry"},"taxonomy_info":{"product_brand":[{"value":391,"label":"Saller"}],"product_cat":[{"value":31,"label":"Kluby Europejskie"},{"value":46,"label":"Kluby Niemieckie"},{"value":174,"label":"Pozosta\u0142e kluby niemieckie"}],"pa_rozmiar":[{"value":28,"label":"M"}]},"featured_image_src_large":["https:\/\/fts.you2.pl\/wp-content\/uploads\/2025\/09\/Photoroom_064_20250614_140801-1024x1024.png",1024,1024,true],"author_info":[],"comment_info":"","_links":{"self":[{"href":"https:\/\/fts.you2.pl\/en\/wp-json\/wp\/v2\/product\/3067","targetHints":{"allow":["GET"]}}],"collection":[{"href":"https:\/\/fts.you2.pl\/en\/wp-json\/wp\/v2\/product"}],"about":[{"href":"https:\/\/fts.you2.pl\/en\/wp-json\/wp\/v2\/types\/product"}],"wp:featuredmedia":[{"embeddable":true,"href":"https:\/\/fts.you2.pl\/en\/wp-json\/wp\/v2\/media\/14113"}],"wp:attachment":[{"href":"https:\/\/fts.you2.pl\/en\/wp-json\/wp\/v2\/media?parent=3067"}],"wp:term":[{"taxonomy":"product_brand","embeddable":true,"href":"https:\/\/fts.you2.pl\/en\/wp-json\/wp\/v2\/product_brand?post=3067"},{"taxonomy":"product_cat","embeddable":true,"href":"https:\/\/fts.you2.pl\/en\/wp-json\/wp\/v2\/product_cat?post=3067"},{"taxonomy":"product_tag","embeddable":true,"href":"https:\/\/fts.you2.pl\/en\/wp-json\/wp\/v2\/product_tag?post=3067"}],"curies":[{"name":"wp","href":"https:\/\/api.w.org\/{rel}","templated":true}]}}