{"id":3069,"date":"2025-06-12T11:06:41","date_gmt":"2025-06-12T09:06:41","guid":{"rendered":"https:\/\/fts.you2.pl\/index.php\/produkt\/stoke-city-fc-2019-20-home-xl\/"},"modified":"2025-09-19T16:34:33","modified_gmt":"2025-09-19T14:34:33","slug":"stoke-city-fc-2019-20-home-xl","status":"publish","type":"product","link":"https:\/\/fts.you2.pl\/en\/stoke-city-fc-2019-20-home-xl\/","title":{"rendered":"Koszulka pi\u0142karska Stoke City FC 2019\/20 Home [XL]"},"content":{"rendered":"<p><strong>Klub:<\/strong> Stoke City FC<\/p>\n<p><strong>Sezon:<\/strong> 2019\/20 Home<\/p>\n<p><strong>Rozmiar: <\/strong>XL<\/p>\n<p><strong>Stan:<\/strong> Doskona\u0142y<\/p>\n<p><strong>Wymiary (szeroko\u015b\u0107 pod pachami\/d\u0142ugo\u015b\u0107) w cm: <\/strong>56\/74<\/p>","protected":false},"excerpt":{"rendered":"<p data-start=\"0\" data-end=\"85\"><strong data-start=\"0\" data-end=\"83\">Oryginalna domowa koszulka pi\u0142karska Stoke City \u2013 Macron 2019\/20 w wersji z d\u0142ugim r\u0119kawem.<\/strong><\/p>\n<p data-start=\"87\" data-end=\"584\">Przedstawiamy <strong data-start=\"101\" data-end=\"170\">oryginaln\u0105, domow\u0105 koszulk\u0119 pi\u0142karsk\u0105 Stoke City z sezonu 2019\/20<\/strong>, wyprodukowan\u0105 przez w\u0142osk\u0105 firm\u0119 <strong data-start=\"205\" data-end=\"215\">Macron<\/strong>. To klasyczny model w <strong data-start=\"238\" data-end=\"256\">d\u0142ugim r\u0119kawie<\/strong>, kt\u00f3ry nawi\u0105zuje do wieloletnich tradycji klubu poprzez charakterystyczny design w <strong data-start=\"340\" data-end=\"371\">czerwono-bia\u0142e pionowe pasy<\/strong>. Koszulka zosta\u0142a stworzona z najwy\u017cszej jako\u015bci, lekkich i oddychaj\u0105cych materia\u0142\u00f3w, dzi\u0119ki technologii<strong> Macron MPerformanceSystem<\/strong>, zapewniaj\u0105cej pe\u0142en komfort zar\u00f3wno na boisku, jak i w codziennym u\u017cytkowaniu.<\/p>\n<p data-start=\"586\" data-end=\"891\">Na piersi znajduje si\u0119 elegancko wyhaftowany herb <strong data-start=\"636\" data-end=\"653\">Stoke City FC<\/strong>, symbolizuj\u0105cy bogat\u0105 histori\u0119 \u201eThe Potters\u201d, a obok niego widnieje logo Macron i sponsora g\u0142\u00f3wnego bet365. D\u0142ugi r\u0119kaw dodaje jej klasycznego wygl\u0105du, a elastyczne mankiety oraz dopasowany kr\u00f3j gwarantuj\u0105 wygod\u0119 i \u015bwietne dopasowanie.<\/p>\n<p data-start=\"893\" data-end=\"1210\">Sezon <strong>2019\/20<\/strong> by\u0142 dla <strong>Stoke City<\/strong> kolejnym okresem rywalizacji w wymagaj\u0105cej angielskiej <strong data-start=\"981\" data-end=\"997\">Championship<\/strong>, w kt\u00f3rym klub walczy\u0142 o stabilizacj\u0119 i powr\u00f3t do dawnej formy po spadku z Premier League. Dla kibic\u00f3w \u201eThe Potters\u201d ten model koszulki to symbol wierno\u015bci i wsparcia dru\u017cyny w trudniejszych momentach historii.<\/p>\n<p data-start=\"1212\" data-end=\"1495\"><strong data-start=\"1212\" data-end=\"1282\">Oryginalna koszulka pi\u0142karska Stoke City w wersji z d\u0142ugim r\u0119kawem<\/strong> to idealna propozycja dla kolekcjoner\u00f3w angielskiego futbolu, fan\u00f3w tradycyjnego designu i sympatyk\u00f3w klubu z<strong> Britannia Stadium<\/strong>, kt\u00f3rzy chc\u0105 wzbogaci\u0107 swoj\u0105 kolekcj\u0119 o autentyczny element klubowego dziedzictwa.<\/p>","protected":false},"featured_media":14126,"template":"","meta":{"_kad_blocks_custom_css":"","_kad_blocks_head_custom_js":"","_kad_blocks_body_custom_js":"","_kad_blocks_footer_custom_js":"","_kad_post_transparent":"","_kad_post_title":"","_kad_post_layout":"","_kad_post_sidebar_id":"","_kad_post_content_style":"","_kad_post_vertical_padding":"","_kad_post_feature":"","_kad_post_feature_position":"","_kad_post_header":false,"_kad_post_footer":false},"product_brand":[231],"product_cat":[32,31,33],"product_tag":[],"class_list":{"0":"post-3069","1":"product","2":"type-product","3":"status-publish","4":"has-post-thumbnail","6":"product_brand-macron","7":"product_cat-kluby-angielskie","8":"product_cat-kluby-europejskie","9":"product_cat-pozostale-kluby-angielskie","10":"pa_rozmiar-xl","12":"first","13":"instock","14":"taxable","15":"shipping-taxable","16":"purchasable","17":"product-type-simple","18":"entry","19":"content-bg","20":"loop-entry"},"taxonomy_info":{"product_brand":[{"value":231,"label":"macron"}],"product_cat":[{"value":32,"label":"Kluby Angielskie"},{"value":31,"label":"Kluby Europejskie"},{"value":33,"label":"Pozosta\u0142e kluby angielskie"}],"pa_rozmiar":[{"value":57,"label":"XL"}]},"featured_image_src_large":["https:\/\/fts.you2.pl\/wp-content\/uploads\/2025\/09\/Photoroom_046_20250622_101324-1024x1024.png",1024,1024,true],"author_info":[],"comment_info":"","_links":{"self":[{"href":"https:\/\/fts.you2.pl\/en\/wp-json\/wp\/v2\/product\/3069","targetHints":{"allow":["GET"]}}],"collection":[{"href":"https:\/\/fts.you2.pl\/en\/wp-json\/wp\/v2\/product"}],"about":[{"href":"https:\/\/fts.you2.pl\/en\/wp-json\/wp\/v2\/types\/product"}],"wp:featuredmedia":[{"embeddable":true,"href":"https:\/\/fts.you2.pl\/en\/wp-json\/wp\/v2\/media\/14126"}],"wp:attachment":[{"href":"https:\/\/fts.you2.pl\/en\/wp-json\/wp\/v2\/media?parent=3069"}],"wp:term":[{"taxonomy":"product_brand","embeddable":true,"href":"https:\/\/fts.you2.pl\/en\/wp-json\/wp\/v2\/product_brand?post=3069"},{"taxonomy":"product_cat","embeddable":true,"href":"https:\/\/fts.you2.pl\/en\/wp-json\/wp\/v2\/product_cat?post=3069"},{"taxonomy":"product_tag","embeddable":true,"href":"https:\/\/fts.you2.pl\/en\/wp-json\/wp\/v2\/product_tag?post=3069"}],"curies":[{"name":"wp","href":"https:\/\/api.w.org\/{rel}","templated":true}]}}