{"id":3079,"date":"2025-06-22T15:49:55","date_gmt":"2025-06-22T13:49:55","guid":{"rendered":"https:\/\/fts.you2.pl\/index.php\/produkt\/eintracht-frankfurt-2001-03-home-s\/"},"modified":"2025-09-19T16:38:45","modified_gmt":"2025-09-19T14:38:45","slug":"eintracht-frankfurt-2001-03-home-s","status":"publish","type":"product","link":"https:\/\/fts.you2.pl\/en\/eintracht-frankfurt-2001-03-home-s\/","title":{"rendered":"Koszulka pi\u0142karska Eintracht Frankfurt 2001\/03 Home [S]"},"content":{"rendered":"<p><strong>Klub:<\/strong> Eintracht Frankfurt<\/p>\n<p><strong>Sezon:<\/strong> 2001\/03 Home<\/p>\n<p><strong>Rozmiar: <\/strong>S<\/p>\n<p><strong>Stan:<\/strong> Zadowalaj\u0105cy &#8211; du\u017ce zaci\u0105gni\u0119cie pod herbem oraz kilka mikro na r\u0119kawku.<\/p>\n<p><strong>Wymiary (szeroko\u015b\u0107 pod pachami\/d\u0142ugo\u015b\u0107) w cm: <\/strong>58\/66<\/p>","protected":false},"excerpt":{"rendered":"<p><strong>Dodatkowe informacje:<\/strong> Na koszulce znajduj\u0105 si\u0119 bli\u017cej niezidentyfikowane autografy.<\/p>\n<p data-start=\"139\" data-end=\"553\"><strong>Oryginalna domowa koszulka pi\u0142karska Eintrachtu Frankfurt<\/strong> z sezon\u00f3w <strong data-start=\"291\" data-end=\"304\">2001\u20132003<\/strong>, wyprodukowana przez kultow\u0105 mark\u0119 <strong data-start=\"340\" data-end=\"348\">Fila<\/strong>, to klasyka niemieckiego futbolu z pocz\u0105tku XXI wieku. Utrzymana w tradycyjnych, <strong data-start=\"430\" data-end=\"458\">czerwono-czarnych pasach<\/strong>, z czarnym ko\u0142nierzem i detalami, doskonale oddaje to\u017csamo\u015b\u0107 klubu z Hesji.<\/p>\n<p data-start=\"555\" data-end=\"823\">Ten model nosili zawodnicy Eintrachtu zar\u00f3wno podczas gry w <strong data-start=\"615\" data-end=\"633\">2. Bundeslidze<\/strong>, jak i w sezonie powrotu do niemieckiej elity. By\u0142 to okres odbudowy dru\u017cyny po trudniejszych latach, a kibice z Frankfurtu nie przestali wspiera\u0107 klubu ani na chwil\u0119 \u2013 niezale\u017cnie od ligi.<\/p>\n<p data-start=\"825\" data-end=\"1156\">Koszulka produkcji Fili wyr\u00f3\u017cnia si\u0119 nie tylko designem, ale i <strong data-start=\"878\" data-end=\"921\">solidnym wykonaniem z pocz\u0105tku lat 2000<\/strong>, kt\u00f3re r\u00f3\u017cni si\u0119 od wsp\u00f3\u0142czesnych ultralekkich materia\u0142\u00f3w \u2013 tutaj mamy do czynienia z wytrzyma\u0142\u0105 tkanin\u0105 i oldschoolowym stylem. To obowi\u0105zkowy egzemplarz dla kolekcjoner\u00f3w i fan\u00f3w niemieckiej pi\u0142ki, kt\u00f3rzy doceniaj\u0105 koszulki z dusz\u0105.<\/p>","protected":false},"featured_media":14209,"template":"","meta":{"_kad_blocks_custom_css":"","_kad_blocks_head_custom_js":"","_kad_blocks_body_custom_js":"","_kad_blocks_footer_custom_js":"","_kad_post_transparent":"","_kad_post_title":"","_kad_post_layout":"","_kad_post_sidebar_id":"","_kad_post_content_style":"","_kad_post_vertical_padding":"","_kad_post_feature":"","_kad_post_feature_position":"","_kad_post_header":false,"_kad_post_footer":false},"product_brand":[454],"product_cat":[31,46,174],"product_tag":[],"class_list":{"0":"post-3079","1":"product","2":"type-product","3":"status-publish","4":"has-post-thumbnail","6":"product_brand-fila","7":"product_cat-kluby-europejskie","8":"product_cat-kluby-niemieckie","9":"product_cat-pozostale-kluby-niemieckie","10":"pa_rozmiar-s","12":"first","13":"instock","14":"taxable","15":"shipping-taxable","16":"purchasable","17":"product-type-simple","18":"entry","19":"content-bg","20":"loop-entry"},"taxonomy_info":{"product_brand":[{"value":454,"label":"Fila"}],"product_cat":[{"value":31,"label":"Kluby Europejskie"},{"value":46,"label":"Kluby Niemieckie"},{"value":174,"label":"Pozosta\u0142e kluby niemieckie"}],"pa_rozmiar":[{"value":19,"label":"S"}]},"featured_image_src_large":["https:\/\/fts.you2.pl\/wp-content\/uploads\/2025\/09\/Photoroom_012_20250622_101324-1024x1024.png",1024,1024,true],"author_info":[],"comment_info":"","_links":{"self":[{"href":"https:\/\/fts.you2.pl\/en\/wp-json\/wp\/v2\/product\/3079","targetHints":{"allow":["GET"]}}],"collection":[{"href":"https:\/\/fts.you2.pl\/en\/wp-json\/wp\/v2\/product"}],"about":[{"href":"https:\/\/fts.you2.pl\/en\/wp-json\/wp\/v2\/types\/product"}],"wp:featuredmedia":[{"embeddable":true,"href":"https:\/\/fts.you2.pl\/en\/wp-json\/wp\/v2\/media\/14209"}],"wp:attachment":[{"href":"https:\/\/fts.you2.pl\/en\/wp-json\/wp\/v2\/media?parent=3079"}],"wp:term":[{"taxonomy":"product_brand","embeddable":true,"href":"https:\/\/fts.you2.pl\/en\/wp-json\/wp\/v2\/product_brand?post=3079"},{"taxonomy":"product_cat","embeddable":true,"href":"https:\/\/fts.you2.pl\/en\/wp-json\/wp\/v2\/product_cat?post=3079"},{"taxonomy":"product_tag","embeddable":true,"href":"https:\/\/fts.you2.pl\/en\/wp-json\/wp\/v2\/product_tag?post=3079"}],"curies":[{"name":"wp","href":"https:\/\/api.w.org\/{rel}","templated":true}]}}