{"id":3081,"date":"2025-06-22T15:49:53","date_gmt":"2025-06-22T13:49:53","guid":{"rendered":"https:\/\/fts.you2.pl\/index.php\/produkt\/fc-koln-2021-22-third-19-ehizibue-l\/"},"modified":"2025-09-19T16:39:37","modified_gmt":"2025-09-19T14:39:37","slug":"fc-koln-2021-22-third-19-ehizibue-l","status":"publish","type":"product","link":"https:\/\/fts.you2.pl\/en\/fc-koln-2021-22-third-19-ehizibue-l\/","title":{"rendered":"Koszulka pi\u0142karska FC Koln 2021\/22 Third 19 Ehizibue [L]"},"content":{"rendered":"<p><strong>Klub:<\/strong> FC Koln<\/p>\n<p><strong>Sezon:<\/strong> 2021\/22 Third<\/p>\n<p><strong>Rozmiar: <\/strong>L<\/p>\n<p><strong>Stan:<\/strong> Bardzo dobry &#8211; jedyn\u0105 wad\u0105, prawdopodobnie fabryczn\u0105, jest niepoprawnie zszyty ko\u0142nierzyk na froncie.<\/p>\n<p><strong>Wymiary (szeroko\u015b\u0107 pod pachami\/d\u0142ugo\u015b\u0107) w cm: <\/strong>53\/73<\/p>","protected":false},"excerpt":{"rendered":"<p><strong>Oryginalna koszulka pi\u0142karska FC Koln<\/strong> z sezonu <strong>2021\/22<\/strong> s\u0142u\u017c\u0105ca jako trzeci komplet.<\/p>\n<p data-start=\"153\" data-end=\"676\"><strong>Oficjalna trzecia koszulka pi\u0142karska<\/strong> <strong>FC K\u00f6ln<\/strong> z sezonu <strong>2021\/22<\/strong> z nazwiskiem <strong data-start=\"292\" data-end=\"304\">Ehizibue<\/strong> i numerem <strong data-start=\"315\" data-end=\"321\">19<\/strong> na plecach. Nowoczesny design w ciemniejszej kolorystyce wyr\u00f3\u017cnia\u0142 si\u0119 na tle klasycznych domowych trykot\u00f3w, a\u00a0<strong>Kingsley Ehizibue<\/strong> \u2013 szybki i dynamiczny prawy obro\u0144ca \u2013 doskonale oddawa\u0142 jej charakter. To idealna propozycja dla fan\u00f3w <strong>FC K\u00f6ln<\/strong>, kolekcjoner\u00f3w rzadziej spotykanych modeli meczowych oraz tych, kt\u00f3rzy ceni\u0105 styl po\u0142\u0105czony z funkcjonalno\u015bci\u0105.<\/p>","protected":false},"featured_media":14227,"template":"","meta":{"_kad_blocks_custom_css":"","_kad_blocks_head_custom_js":"","_kad_blocks_body_custom_js":"","_kad_blocks_footer_custom_js":"","_kad_post_transparent":"","_kad_post_title":"","_kad_post_layout":"","_kad_post_sidebar_id":"","_kad_post_content_style":"","_kad_post_vertical_padding":"","_kad_post_feature":"","_kad_post_feature_position":"","_kad_post_header":false,"_kad_post_footer":false},"product_brand":[299],"product_cat":[31,46,174],"product_tag":[],"class_list":{"0":"post-3081","1":"product","2":"type-product","3":"status-publish","4":"has-post-thumbnail","6":"product_brand-uhlsport","7":"product_cat-kluby-europejskie","8":"product_cat-kluby-niemieckie","9":"product_cat-pozostale-kluby-niemieckie","10":"pa_rozmiar-l","12":"first","13":"instock","14":"taxable","15":"shipping-taxable","16":"purchasable","17":"product-type-simple","18":"entry","19":"content-bg","20":"loop-entry"},"taxonomy_info":{"product_brand":[{"value":299,"label":"Uhlsport"}],"product_cat":[{"value":31,"label":"Kluby Europejskie"},{"value":46,"label":"Kluby Niemieckie"},{"value":174,"label":"Pozosta\u0142e kluby niemieckie"}],"pa_rozmiar":[{"value":39,"label":"L"}]},"featured_image_src_large":["https:\/\/fts.you2.pl\/wp-content\/uploads\/2025\/09\/Photoroom_027_20250622_101324-1024x1024.png",1024,1024,true],"author_info":[],"comment_info":"","_links":{"self":[{"href":"https:\/\/fts.you2.pl\/en\/wp-json\/wp\/v2\/product\/3081","targetHints":{"allow":["GET"]}}],"collection":[{"href":"https:\/\/fts.you2.pl\/en\/wp-json\/wp\/v2\/product"}],"about":[{"href":"https:\/\/fts.you2.pl\/en\/wp-json\/wp\/v2\/types\/product"}],"wp:featuredmedia":[{"embeddable":true,"href":"https:\/\/fts.you2.pl\/en\/wp-json\/wp\/v2\/media\/14227"}],"wp:attachment":[{"href":"https:\/\/fts.you2.pl\/en\/wp-json\/wp\/v2\/media?parent=3081"}],"wp:term":[{"taxonomy":"product_brand","embeddable":true,"href":"https:\/\/fts.you2.pl\/en\/wp-json\/wp\/v2\/product_brand?post=3081"},{"taxonomy":"product_cat","embeddable":true,"href":"https:\/\/fts.you2.pl\/en\/wp-json\/wp\/v2\/product_cat?post=3081"},{"taxonomy":"product_tag","embeddable":true,"href":"https:\/\/fts.you2.pl\/en\/wp-json\/wp\/v2\/product_tag?post=3081"}],"curies":[{"name":"wp","href":"https:\/\/api.w.org\/{rel}","templated":true}]}}