{"id":3085,"date":"2025-06-22T15:49:49","date_gmt":"2025-06-22T13:49:49","guid":{"rendered":"https:\/\/fts.you2.pl\/index.php\/produkt\/koszulka-treningowa-psg-2008-09-xl\/"},"modified":"2025-09-19T16:41:12","modified_gmt":"2025-09-19T14:41:12","slug":"koszulka-treningowa-psg-2008-09-xl","status":"publish","type":"product","link":"https:\/\/fts.you2.pl\/en\/koszulka-treningowa-psg-2008-09-xl\/","title":{"rendered":"Koszulka treningowa PSG 2008\/09 [XL]"},"content":{"rendered":"<p><strong>Klub:<\/strong> PSG<\/p>\n<p><strong>Sezon:<\/strong> 2008\/09<\/p>\n<p><strong>Rozmiar: <\/strong>XL<\/p>\n<p><strong>Stan:<\/strong> Dobry &#8211; kilka mikro zaci\u0105gni\u0119\u0107 oraz jedna drobna plamka na froncie.<\/p>\n<p><strong>Wymiary (szeroko\u015b\u0107 pod pachami\/d\u0142ugo\u015b\u0107) w cm: <\/strong>57\/72<\/p>","protected":false},"excerpt":{"rendered":"<p><strong>Oryginalna treningowa koszulka pi\u0142karska<\/strong> francuskiego klubu <strong>Paris Saint Germain.<\/strong> Charakterystyczny dla klubu w tamtym czasie br\u0105zowy kolor po\u0142\u0105czony z poprzecznymi, bia\u0142ymi paskami daj\u0105 bardzo ciekaw\u0105 kompozycj\u0119 stanowi\u0105c\u0105 idealn\u0105 alternatyw\u0119 dla koszulki wyjazdowej.<\/p>","protected":false},"featured_media":14252,"template":"","meta":{"_kad_blocks_custom_css":"","_kad_blocks_head_custom_js":"","_kad_blocks_body_custom_js":"","_kad_blocks_footer_custom_js":"","_kad_post_transparent":"","_kad_post_title":"","_kad_post_layout":"","_kad_post_sidebar_id":"","_kad_post_content_style":"","_kad_post_vertical_padding":"","_kad_post_feature":"","_kad_post_feature_position":"","_kad_post_header":false,"_kad_post_footer":false},"product_brand":[55],"product_cat":[25,31,129,26,210],"product_tag":[],"class_list":{"0":"post-3085","1":"product","2":"type-product","3":"status-publish","4":"has-post-thumbnail","6":"product_brand-nike","7":"product_cat-inne","8":"product_cat-kluby-europejskie","9":"product_cat-kluby-francuskie","10":"product_cat-kurtki-bluzy-trening","11":"product_cat-paris-saint-germain","12":"pa_rozmiar-xl","14":"first","15":"instock","16":"taxable","17":"shipping-taxable","18":"purchasable","19":"product-type-simple","20":"entry","21":"content-bg","22":"loop-entry"},"taxonomy_info":{"product_brand":[{"value":55,"label":"Nike"}],"product_cat":[{"value":25,"label":"Inne"},{"value":31,"label":"Kluby Europejskie"},{"value":129,"label":"Kluby Francuskie"},{"value":26,"label":"Kurtki\/bluzy\/trening"},{"value":210,"label":"Paris Saint Germain"}],"pa_rozmiar":[{"value":57,"label":"XL"}]},"featured_image_src_large":["https:\/\/fts.you2.pl\/wp-content\/uploads\/2025\/09\/Photoroom_024_20250622_101324-1024x1024.png",1024,1024,true],"author_info":[],"comment_info":"","_links":{"self":[{"href":"https:\/\/fts.you2.pl\/en\/wp-json\/wp\/v2\/product\/3085","targetHints":{"allow":["GET"]}}],"collection":[{"href":"https:\/\/fts.you2.pl\/en\/wp-json\/wp\/v2\/product"}],"about":[{"href":"https:\/\/fts.you2.pl\/en\/wp-json\/wp\/v2\/types\/product"}],"wp:featuredmedia":[{"embeddable":true,"href":"https:\/\/fts.you2.pl\/en\/wp-json\/wp\/v2\/media\/14252"}],"wp:attachment":[{"href":"https:\/\/fts.you2.pl\/en\/wp-json\/wp\/v2\/media?parent=3085"}],"wp:term":[{"taxonomy":"product_brand","embeddable":true,"href":"https:\/\/fts.you2.pl\/en\/wp-json\/wp\/v2\/product_brand?post=3085"},{"taxonomy":"product_cat","embeddable":true,"href":"https:\/\/fts.you2.pl\/en\/wp-json\/wp\/v2\/product_cat?post=3085"},{"taxonomy":"product_tag","embeddable":true,"href":"https:\/\/fts.you2.pl\/en\/wp-json\/wp\/v2\/product_tag?post=3085"}],"curies":[{"name":"wp","href":"https:\/\/api.w.org\/{rel}","templated":true}]}}