{"id":3087,"date":"2025-06-22T15:49:48","date_gmt":"2025-06-22T13:49:48","guid":{"rendered":"https:\/\/fts.you2.pl\/index.php\/produkt\/rcd-mallorca-2016-17-home-xxl\/"},"modified":"2025-09-19T16:42:05","modified_gmt":"2025-09-19T14:42:05","slug":"rcd-mallorca-2016-17-home-xxl","status":"publish","type":"product","link":"https:\/\/fts.you2.pl\/en\/rcd-mallorca-2016-17-home-xxl\/","title":{"rendered":"Koszulka pi\u0142karska RCD Mallorca 2016\/17 Home [XXL]"},"content":{"rendered":"<p><strong>Klub:<\/strong> RCD Mallorca<\/p>\n<p><strong>Sezon:<\/strong> 2016\/17 Home<\/p>\n<p><strong>Rozmiar: <\/strong>XXL<\/p>\n<p><strong>Stan:<\/strong> Doskona\u0142y<\/p>\n<p><strong>Wymiary (szeroko\u015b\u0107 pod pachami\/d\u0142ugo\u015b\u0107) w cm: <\/strong>62\/78<\/p>","protected":false},"excerpt":{"rendered":"<p data-start=\"128\" data-end=\"555\">Oryginalna <strong data-start=\"231\" data-end=\"290\">domowa koszulka pi\u0142karska RCD Mallorca z sezonu 2016\/17<\/strong> to pozycja obowi\u0105zkowa dla fan\u00f3w hiszpa\u0144skiej pi\u0142ki i kolekcjoner\u00f3w rzadziej spotykanych trykot\u00f3w. Wyprodukowana przez brytyjsk\u0105 firm\u0119 <strong data-start=\"427\" data-end=\"436\">Umbro<\/strong>, \u0142\u0105czy tradycyjn\u0105 <strong data-start=\"455\" data-end=\"479\">czerwon\u0105 kolorystyk\u0119<\/strong> z subtelnymi czarnymi akcentami, nadaj\u0105c jej elegancki i nowoczesny wygl\u0105d.<\/p>\n<p data-start=\"557\" data-end=\"835\">Sezon <strong>2016\/17<\/strong> to dla <strong>Mallorki<\/strong> trudny okres \u2013 klub walczy\u0142 o utrzymanie w Segunda Divisi\u00f3n, pr\u00f3buj\u0105c odnale\u017a\u0107 drog\u0119 powrotn\u0105 do elity. Cho\u0107 sportowo nie by\u0142 to najlepszy czas.<\/p>\n<p data-start=\"837\" data-end=\"1113\"><strong>Koszulka<\/strong> posiada klasyczny kr\u00f3j, lekko sportowy ko\u0142nierzyk i haftowane emblematy \u2013 idealna zar\u00f3wno do noszenia, jak i jako element kolekcji. Dla kibic\u00f3w z Balear\u00f3w to nie tylko pami\u0105tka z konkretnego sezonu, ale te\u017c symbol lojalno\u015bci i wsparcia w trudniejszych chwilach klubu.<\/p>","protected":false},"featured_media":14268,"template":"","meta":{"_kad_blocks_custom_css":"","_kad_blocks_head_custom_js":"","_kad_blocks_body_custom_js":"","_kad_blocks_footer_custom_js":"","_kad_post_transparent":"","_kad_post_title":"","_kad_post_layout":"","_kad_post_sidebar_id":"","_kad_post_content_style":"","_kad_post_vertical_padding":"","_kad_post_feature":"","_kad_post_feature_position":"","_kad_post_header":false,"_kad_post_footer":false},"product_brand":[21],"product_cat":[31,87,88],"product_tag":[],"class_list":{"0":"post-3087","1":"product","2":"type-product","3":"status-publish","4":"has-post-thumbnail","6":"product_brand-umbro","7":"product_cat-kluby-europejskie","8":"product_cat-kluby-hiszpanskie","9":"product_cat-pozostale-kluby-hiszpanskie","10":"pa_rozmiar-xxl","12":"first","13":"instock","14":"taxable","15":"shipping-taxable","16":"purchasable","17":"product-type-simple","18":"entry","19":"content-bg","20":"loop-entry"},"taxonomy_info":{"product_brand":[{"value":21,"label":"Umbro"}],"product_cat":[{"value":31,"label":"Kluby Europejskie"},{"value":87,"label":"Kluby Hiszpa\u0144skie"},{"value":88,"label":"Pozosta\u0142e kluby hiszpa\u0144skie"}],"pa_rozmiar":[{"value":71,"label":"XXL"}]},"featured_image_src_large":["https:\/\/fts.you2.pl\/wp-content\/uploads\/2025\/09\/Photoroom_034_20250622_101324-1024x1024.png",1024,1024,true],"author_info":[],"comment_info":"","_links":{"self":[{"href":"https:\/\/fts.you2.pl\/en\/wp-json\/wp\/v2\/product\/3087","targetHints":{"allow":["GET"]}}],"collection":[{"href":"https:\/\/fts.you2.pl\/en\/wp-json\/wp\/v2\/product"}],"about":[{"href":"https:\/\/fts.you2.pl\/en\/wp-json\/wp\/v2\/types\/product"}],"wp:featuredmedia":[{"embeddable":true,"href":"https:\/\/fts.you2.pl\/en\/wp-json\/wp\/v2\/media\/14268"}],"wp:attachment":[{"href":"https:\/\/fts.you2.pl\/en\/wp-json\/wp\/v2\/media?parent=3087"}],"wp:term":[{"taxonomy":"product_brand","embeddable":true,"href":"https:\/\/fts.you2.pl\/en\/wp-json\/wp\/v2\/product_brand?post=3087"},{"taxonomy":"product_cat","embeddable":true,"href":"https:\/\/fts.you2.pl\/en\/wp-json\/wp\/v2\/product_cat?post=3087"},{"taxonomy":"product_tag","embeddable":true,"href":"https:\/\/fts.you2.pl\/en\/wp-json\/wp\/v2\/product_tag?post=3087"}],"curies":[{"name":"wp","href":"https:\/\/api.w.org\/{rel}","templated":true}]}}