{"id":3088,"date":"2025-06-22T15:49:47","date_gmt":"2025-06-22T13:49:47","guid":{"rendered":"https:\/\/fts.you2.pl\/index.php\/produkt\/real-madryt-2004-05-home-m\/"},"modified":"2025-09-19T16:42:26","modified_gmt":"2025-09-19T14:42:26","slug":"real-madryt-2004-05-home-m","status":"publish","type":"product","link":"https:\/\/fts.you2.pl\/en\/real-madryt-2004-05-home-m\/","title":{"rendered":"Koszulka pi\u0142karska Real Madryt 2004\/05 Home [M]"},"content":{"rendered":"<p><strong>Klub:<\/strong> Real Madryt<\/p>\n<p><strong>Sezon:<\/strong> 2004\/05 Home<\/p>\n<p><strong>Rozmiar: <\/strong>M<\/p>\n<p><strong>Stan:<\/strong> Zadowalaj\u0105cy &#8211; pop\u0119kany nadruk sponsora na froncie oraz paski na ramionach, poza tym wyst\u0119puj\u0105ce gdzieniegdzie mikro zaci\u0105gni\u0119cia.<\/p>\n<p><strong>Wymiary (szeroko\u015b\u0107 pod pachami\/d\u0142ugo\u015b\u0107) w cm: <\/strong>54\/69(prz\u00f3d), 74(ty\u0142)<\/p>","protected":false},"excerpt":{"rendered":"<p data-start=\"129\" data-end=\"577\">Oryginalna <strong data-start=\"228\" data-end=\"287\">domowa koszulka pi\u0142karska Realu Madryt z sezonu 2004\/05<\/strong> to prawdziwy rarytas z czas\u00f3w s\u0142ynnej ery <strong><em data-start=\"330\" data-end=\"342\">Gal\u00e1cticos<\/em>.<\/strong> Produkowana przez <strong data-start=\"362\" data-end=\"373\">Adidasa<\/strong>, zachowana w klasycznej <strong data-start=\"398\" data-end=\"420\">bia\u0142ej kolorystyce<\/strong>, prezentuje minimalistyczny, ale niezwykle elegancki design z charakterystycznymi trzema paskami na r\u0119kawach i logotypem sponsora Siemens Mobile na froncie.<\/p>\n<p data-start=\"579\" data-end=\"837\">W tym sezonie barwy \u201eKr\u00f3lewskich\u201d reprezentowali m.in. <strong data-start=\"634\" data-end=\"696\">Zinedine Zidane, Ronaldo Naz\u00e1rio, Lu\u00eds Figo, David Beckham<\/strong> i <strong data-start=\"699\" data-end=\"717\">Roberto Carlos<\/strong> \u2013 absolutne ikony \u015bwiatowej pi\u0142ki, kt\u00f3re razem tworzy\u0142y jeden z najbardziej rozpoznawalnych sk\u0142ad\u00f3w w historii futbolu.<\/p>\n<p data-start=\"839\" data-end=\"1126\">Cho\u0107 <strong>Real Madryt<\/strong> nie zdoby\u0142 wtedy mistrzostwa, ka\u017cdy mecz na <strong>Santiago Bernab\u00e9u<\/strong> by\u0142 spektaklem, a koszulka z tamtego okresu sta\u0142a si\u0119 symbolem luksusu, gwiazd i niesamowitej techniki. Wykonana w technologii <strong data-start=\"1045\" data-end=\"1058\">ClimaLite<\/strong>, zapewnia\u0142a komfort i wentylacj\u0119 zar\u00f3wno na boisku, jak i poza nim.<\/p>\n<p data-start=\"1128\" data-end=\"1271\">To idealna propozycja dla fan\u00f3w Realu, kolekcjoner\u00f3w oraz tych, kt\u00f3rzy pami\u0119taj\u0105 magi\u0119 tamtej dru\u017cyny i chc\u0105 mie\u0107 jej fragment w swojej szafie.<\/p>","protected":false},"featured_media":14275,"template":"","meta":{"_kad_blocks_custom_css":"","_kad_blocks_head_custom_js":"","_kad_blocks_body_custom_js":"","_kad_blocks_footer_custom_js":"","_kad_post_transparent":"","_kad_post_title":"","_kad_post_layout":"","_kad_post_sidebar_id":"","_kad_post_content_style":"","_kad_post_vertical_padding":"","_kad_post_feature":"","_kad_post_feature_position":"","_kad_post_header":false,"_kad_post_footer":false},"product_brand":[45],"product_cat":[31,87,399],"product_tag":[],"class_list":{"0":"post-3088","1":"product","2":"type-product","3":"status-publish","4":"has-post-thumbnail","6":"product_brand-adidas","7":"product_cat-kluby-europejskie","8":"product_cat-kluby-hiszpanskie","9":"product_cat-real-madryt","10":"pa_rozmiar-m","12":"first","13":"instock","14":"taxable","15":"shipping-taxable","16":"purchasable","17":"product-type-simple","18":"entry","19":"content-bg","20":"loop-entry"},"taxonomy_info":{"product_brand":[{"value":45,"label":"Adidas"}],"product_cat":[{"value":31,"label":"Kluby Europejskie"},{"value":87,"label":"Kluby Hiszpa\u0144skie"},{"value":399,"label":"Real Madryt"}],"pa_rozmiar":[{"value":28,"label":"M"}]},"featured_image_src_large":["https:\/\/fts.you2.pl\/wp-content\/uploads\/2025\/09\/Photoroom_038_20250622_101324-1024x1024.png",1024,1024,true],"author_info":[],"comment_info":"","_links":{"self":[{"href":"https:\/\/fts.you2.pl\/en\/wp-json\/wp\/v2\/product\/3088","targetHints":{"allow":["GET"]}}],"collection":[{"href":"https:\/\/fts.you2.pl\/en\/wp-json\/wp\/v2\/product"}],"about":[{"href":"https:\/\/fts.you2.pl\/en\/wp-json\/wp\/v2\/types\/product"}],"wp:featuredmedia":[{"embeddable":true,"href":"https:\/\/fts.you2.pl\/en\/wp-json\/wp\/v2\/media\/14275"}],"wp:attachment":[{"href":"https:\/\/fts.you2.pl\/en\/wp-json\/wp\/v2\/media?parent=3088"}],"wp:term":[{"taxonomy":"product_brand","embeddable":true,"href":"https:\/\/fts.you2.pl\/en\/wp-json\/wp\/v2\/product_brand?post=3088"},{"taxonomy":"product_cat","embeddable":true,"href":"https:\/\/fts.you2.pl\/en\/wp-json\/wp\/v2\/product_cat?post=3088"},{"taxonomy":"product_tag","embeddable":true,"href":"https:\/\/fts.you2.pl\/en\/wp-json\/wp\/v2\/product_tag?post=3088"}],"curies":[{"name":"wp","href":"https:\/\/api.w.org\/{rel}","templated":true}]}}