{"id":3089,"date":"2025-06-22T15:49:47","date_gmt":"2025-06-22T13:49:47","guid":{"rendered":"https:\/\/fts.you2.pl\/index.php\/produkt\/player-issue-rosenborg-bk-2017-home-26-jevtovic-s\/"},"modified":"2025-09-19T16:42:58","modified_gmt":"2025-09-19T14:42:58","slug":"player-issue-rosenborg-bk-2017-home-26-jevtovic-s","status":"publish","type":"product","link":"https:\/\/fts.you2.pl\/en\/player-issue-rosenborg-bk-2017-home-26-jevtovic-s\/","title":{"rendered":"Koszulka pi\u0142karska PLAYER ISSUE Rosenborg BK 2017 Home 26 Jevtovic [S]"},"content":{"rendered":"<p><strong>Klub:<\/strong> Rosenborg BK<\/p>\n<p><strong>Sezon:<\/strong> 2017 Home<\/p>\n<p><strong>Rozmiar: <\/strong>S<\/p>\n<p><strong>Stan:<\/strong> Zadowalaj\u0105cy &#8211; kilka mikro plamek na froncie oraz uszkodzony nadruk sponsora na plecach.<\/p>\n<p><strong>Wymiary (szeroko\u015b\u0107 pod pachami\/d\u0142ugo\u015b\u0107) w cm: <\/strong>44\/69<\/p>","protected":false},"excerpt":{"rendered":"<p data-start=\"173\" data-end=\"623\">Oryginalna, <strong data-start=\"289\" data-end=\"346\">meczowa koszulka pi\u0142karska Rosenborg BK z sezonu 2017<\/strong>, to bia\u0142o-czarna klasyka w nordyckim wydaniu, sygnowana logiem <strong data-start=\"410\" data-end=\"421\">Adidasa<\/strong> i wykonana w wersji Adizero, przeznaczonej dla zawodnik\u00f3w. Na plecach widnieje nazwisko <strong data-start=\"502\" data-end=\"520\">Milana Jevtovi\u0107a<\/strong> \u2013 serbskiego skrzyd\u0142owego, kt\u00f3ry w tamtym sezonie reprezentowa\u0142 barwy norweskiego giganta z Trondheim.<\/p>\n<p data-start=\"625\" data-end=\"922\">Koszulka zosta\u0142a wykonana w wersji <strong data-start=\"660\" data-end=\"676\">Adizero<\/strong>, czyli identycznej jak ta, kt\u00f3r\u0105 nosili pi\u0142karze na boisku \u2013 z lekkiego, technicznego materia\u0142u i detalami charakterystycznymi dla wersji meczowych, jak cie\u0144sze szwy, specjalna siateczka wentylacyjna czy termotransferowe logo Adidasa i herbu klubu.<\/p>\n<p data-start=\"924\" data-end=\"1208\">Sezon 2017 by\u0142 bardzo udany dla Rosenborga \u2013 klub zdoby\u0142 <strong data-start=\"981\" data-end=\"1019\">mistrzostwo Norwegii (Eliteserien)<\/strong>, a Jevtovi\u0107 do\u0142o\u017cy\u0142 swoj\u0105 cegie\u0142k\u0119 do ofensywnej si\u0142y dru\u017cyny. To koszulka z czas\u00f3w, gdy RBK dominowa\u0142 na krajowym podw\u00f3rku i z powodzeniem reprezentowa\u0142 Norwegi\u0119 w europejskich pucharach.<\/p>\n<p data-start=\"1210\" data-end=\"1420\">Bia\u0142a kolorystyka, klasyczne czarne detale i solidna jako\u015b\u0107 wykonania czyni\u0105 t\u0119 koszulk\u0119 prawdziw\u0105 pere\u0142k\u0105 dla fan\u00f3w skandynawskiej pi\u0142ki i kolekcjoner\u00f3w szukaj\u0105cych mniej oczywistych, ale wyj\u0105tkowych trykot\u00f3w.<\/p>","protected":false},"featured_media":14289,"template":"","meta":{"_kad_blocks_custom_css":"","_kad_blocks_head_custom_js":"","_kad_blocks_body_custom_js":"","_kad_blocks_footer_custom_js":"","_kad_post_transparent":"","_kad_post_title":"","_kad_post_layout":"","_kad_post_sidebar_id":"","_kad_post_content_style":"","_kad_post_vertical_padding":"","_kad_post_feature":"","_kad_post_feature_position":"","_kad_post_header":false,"_kad_post_footer":false},"product_brand":[45],"product_cat":[50,31,73],"product_tag":[],"class_list":{"0":"post-3089","1":"product","2":"type-product","3":"status-publish","4":"has-post-thumbnail","6":"product_brand-adidas","7":"product_cat-kluby-europejskie-kluby-europejskie","8":"product_cat-kluby-europejskie","9":"product_cat-skandynawia","10":"pa_rozmiar-s","12":"first","13":"instock","14":"taxable","15":"shipping-taxable","16":"purchasable","17":"product-type-simple","18":"entry","19":"content-bg","20":"loop-entry"},"taxonomy_info":{"product_brand":[{"value":45,"label":"Adidas"}],"product_cat":[{"value":50,"label":"Kluby Europejskie"},{"value":31,"label":"Kluby Europejskie"},{"value":73,"label":"Skandynawia"}],"pa_rozmiar":[{"value":19,"label":"S"}]},"featured_image_src_large":["https:\/\/fts.you2.pl\/wp-content\/uploads\/2025\/09\/Photoroom_033_20250622_101324-1024x1024.png",1024,1024,true],"author_info":[],"comment_info":"","_links":{"self":[{"href":"https:\/\/fts.you2.pl\/en\/wp-json\/wp\/v2\/product\/3089","targetHints":{"allow":["GET"]}}],"collection":[{"href":"https:\/\/fts.you2.pl\/en\/wp-json\/wp\/v2\/product"}],"about":[{"href":"https:\/\/fts.you2.pl\/en\/wp-json\/wp\/v2\/types\/product"}],"wp:featuredmedia":[{"embeddable":true,"href":"https:\/\/fts.you2.pl\/en\/wp-json\/wp\/v2\/media\/14289"}],"wp:attachment":[{"href":"https:\/\/fts.you2.pl\/en\/wp-json\/wp\/v2\/media?parent=3089"}],"wp:term":[{"taxonomy":"product_brand","embeddable":true,"href":"https:\/\/fts.you2.pl\/en\/wp-json\/wp\/v2\/product_brand?post=3089"},{"taxonomy":"product_cat","embeddable":true,"href":"https:\/\/fts.you2.pl\/en\/wp-json\/wp\/v2\/product_cat?post=3089"},{"taxonomy":"product_tag","embeddable":true,"href":"https:\/\/fts.you2.pl\/en\/wp-json\/wp\/v2\/product_tag?post=3089"}],"curies":[{"name":"wp","href":"https:\/\/api.w.org\/{rel}","templated":true}]}}