{"id":3090,"date":"2025-06-22T15:49:46","date_gmt":"2025-06-22T13:49:46","guid":{"rendered":"https:\/\/fts.you2.pl\/index.php\/produkt\/ssc-napoli-2018-19-third-m\/"},"modified":"2025-09-19T16:43:25","modified_gmt":"2025-09-19T14:43:25","slug":"ssc-napoli-2018-19-third-m","status":"publish","type":"product","link":"https:\/\/fts.you2.pl\/en\/ssc-napoli-2018-19-third-m\/","title":{"rendered":"Koszulka pi\u0142karska SSC Napoli 2018\/19 Third [M]"},"content":{"rendered":"<p><strong>Klub:<\/strong> SSC Napoli<\/p>\n<p><strong>Sezon:<\/strong> 2018\/19 Third<\/p>\n<p><strong>Rozmiar: <\/strong>M<\/p>\n<p><strong>Stan:<\/strong> Bardzo dobry &#8211; jedna mikro dziurka na karku pod ko\u0142nierzykiem.<\/p>\n<p><strong>Wymiary (szeroko\u015b\u0107 pod pachami\/d\u0142ugo\u015b\u0107) w cm: <\/strong>50\/69<\/p>","protected":false},"excerpt":{"rendered":"<p><strong>Oryginalna koszulka pi\u0142karska SSC Napoli<\/strong> z sezonu<strong> 2018\/19<\/strong> s\u0142u\u017c\u0105ca jako<strong> trzeci komplet<\/strong>. Przewa\u017caj\u0105ca szaro\u015b\u0107, ko\u0142nierzyk i \u017c\u00f3\u0142te oraz niebieskie wstawki, czyli<strong> Kappa<\/strong> w ca\u0142ej swojej okaza\u0142o\u015bci. Klub w tamtym sezonie zaj\u0105\u0142 drugie miejsce w <strong>Serie A<\/strong>, a w ataku szala\u0142 <strong>Arkadiusz Milik<\/strong>, kt\u00f3ry zosta\u0142 najlepszym strzelcem zespo\u0142u z 17 trafieniami na koncie.<\/p>","protected":false},"featured_media":14298,"template":"","meta":{"_kad_blocks_custom_css":"","_kad_blocks_head_custom_js":"","_kad_blocks_body_custom_js":"","_kad_blocks_footer_custom_js":"","_kad_post_transparent":"","_kad_post_title":"","_kad_post_layout":"","_kad_post_sidebar_id":"","_kad_post_content_style":"","_kad_post_vertical_padding":"","_kad_post_feature":"","_kad_post_feature_position":"","_kad_post_header":false,"_kad_post_footer":false},"product_brand":[35],"product_cat":[31,117,420],"product_tag":[],"class_list":{"0":"post-3090","1":"product","2":"type-product","3":"status-publish","4":"has-post-thumbnail","6":"product_brand-kappa","7":"product_cat-kluby-europejskie","8":"product_cat-kluby-wloskie","9":"product_cat-ssc-napoli","10":"pa_rozmiar-m","12":"first","13":"instock","14":"taxable","15":"shipping-taxable","16":"purchasable","17":"product-type-simple","18":"entry","19":"content-bg","20":"loop-entry"},"taxonomy_info":{"product_brand":[{"value":35,"label":"Kappa"}],"product_cat":[{"value":31,"label":"Kluby Europejskie"},{"value":117,"label":"Kluby W\u0142oskie"},{"value":420,"label":"SSC Napoli"}],"pa_rozmiar":[{"value":28,"label":"M"}]},"featured_image_src_large":["https:\/\/fts.you2.pl\/wp-content\/uploads\/2025\/09\/Photoroom_018_20250622_101324-1024x1024.png",1024,1024,true],"author_info":[],"comment_info":"","_links":{"self":[{"href":"https:\/\/fts.you2.pl\/en\/wp-json\/wp\/v2\/product\/3090","targetHints":{"allow":["GET"]}}],"collection":[{"href":"https:\/\/fts.you2.pl\/en\/wp-json\/wp\/v2\/product"}],"about":[{"href":"https:\/\/fts.you2.pl\/en\/wp-json\/wp\/v2\/types\/product"}],"wp:featuredmedia":[{"embeddable":true,"href":"https:\/\/fts.you2.pl\/en\/wp-json\/wp\/v2\/media\/14298"}],"wp:attachment":[{"href":"https:\/\/fts.you2.pl\/en\/wp-json\/wp\/v2\/media?parent=3090"}],"wp:term":[{"taxonomy":"product_brand","embeddable":true,"href":"https:\/\/fts.you2.pl\/en\/wp-json\/wp\/v2\/product_brand?post=3090"},{"taxonomy":"product_cat","embeddable":true,"href":"https:\/\/fts.you2.pl\/en\/wp-json\/wp\/v2\/product_cat?post=3090"},{"taxonomy":"product_tag","embeddable":true,"href":"https:\/\/fts.you2.pl\/en\/wp-json\/wp\/v2\/product_tag?post=3090"}],"curies":[{"name":"wp","href":"https:\/\/api.w.org\/{rel}","templated":true}]}}