{"id":3093,"date":"2025-06-22T15:49:57","date_gmt":"2025-06-22T13:49:57","guid":{"rendered":"https:\/\/fts.you2.pl\/index.php\/produkt\/player-issue-wlochy-2000-02-home-5-l\/"},"modified":"2025-09-19T16:44:34","modified_gmt":"2025-09-19T14:44:34","slug":"player-issue-wlochy-2000-02-home-5-l","status":"publish","type":"product","link":"https:\/\/fts.you2.pl\/en\/player-issue-wlochy-2000-02-home-5-l\/","title":{"rendered":"Koszulka pi\u0142karska PLAYER ISSUE W\u0142ochy 2000\/02 Home 5 [L]"},"content":{"rendered":"<p><strong>Klub:<\/strong> W\u0142ochy<\/p>\n<p><strong>Sezon:<\/strong> 2000\/02 Home<\/p>\n<p><strong>Rozmiar: <\/strong>L<\/p>\n<p><strong>Stan:<\/strong> Zadowalaj\u0105cy &#8211; bardzo mocno zniszczone cyfry, zar\u00f3wno z przodu jak i z ty\u0142u koszulki.<\/p>\n<p><strong>Wymiary (szeroko\u015b\u0107 pod pachami\/d\u0142ugo\u015b\u0107) w cm: <\/strong>53\/66<\/p>","protected":false},"excerpt":{"rendered":"<p data-start=\"160\" data-end=\"779\">Oryginalna domowa <strong>koszulka pi\u0142karska<\/strong> reprezentacji <strong data-start=\"306\" data-end=\"331\">W\u0142och z lat 2000\u20132002<\/strong>, w wersji z <strong data-start=\"344\" data-end=\"362\">d\u0142ugim r\u0119kawem<\/strong>, to absolutna klasyka w\u015br\u00f3d pi\u0142karskich trykot\u00f3w. Produkowana przez <strong data-start=\"431\" data-end=\"440\">Kapp\u0119<\/strong>, ta koszulka zapisa\u0142a si\u0119 w historii jako prze\u0142omowa \u2013 to w\u0142a\u015bnie w niej po raz pierwszy wprowadzono technologi\u0119 opart\u0105 na <strong data-start=\"564\" data-end=\"583\">domieszce lycry<\/strong>, co sprawi\u0142o, \u017ce str\u00f3j by\u0142 maksymalnie <strong data-start=\"623\" data-end=\"676\">przylegaj\u0105cy, elastyczny i dopasowany do sylwetki<\/strong>. W tamtym czasie by\u0142 to rewolucyjny krok, kt\u00f3ry na dobre zmieni\u0142 standardy wygl\u0105du pi\u0142karzy na boisku.<\/p>\n<p data-start=\"781\" data-end=\"1227\">To w tych legendarnych, obcis\u0142ych koszulkach <strong data-start=\"826\" data-end=\"845\">Squadra Azzurra<\/strong> wyst\u0105pi\u0142a na <strong data-start=\"859\" data-end=\"872\">Euro 2000<\/strong>, gdzie dotar\u0142a a\u017c do fina\u0142u turnieju, prezentuj\u0105c \u015bwietny, taktyczny futbol i \u017celazn\u0105 defensyw\u0119 z Maldinim, Cannavaro i Nest\u0105 na czele. Z przodu klasyczny niebieski, z ty\u0142u miejsce na numer i nazwisko, a ca\u0142o\u015b\u0107 wie\u0144czy haftowane logo Kappy. D\u0142ugi r\u0119kaw dodaje oldschoolowego charakteru i czyni t\u0119 koszulk\u0119 jeszcze bardziej wyj\u0105tkow\u0105.<\/p>\n<p data-start=\"1229\" data-end=\"1338\">Idealna dla kolekcjoner\u00f3w, fan\u00f3w w\u0142oskiej kadry i ka\u017cdego, kto docenia kultowe modele z pi\u0142karskiej historii.<\/p>","protected":false},"featured_media":14322,"template":"","meta":{"_kad_blocks_custom_css":"","_kad_blocks_head_custom_js":"","_kad_blocks_body_custom_js":"","_kad_blocks_footer_custom_js":"","_kad_post_transparent":"","_kad_post_title":"","_kad_post_layout":"","_kad_post_sidebar_id":"","_kad_post_content_style":"","_kad_post_vertical_padding":"","_kad_post_feature":"","_kad_post_feature_position":"","_kad_post_header":false,"_kad_post_footer":false},"product_brand":[35],"product_cat":[23,22,190],"product_tag":[],"class_list":{"0":"post-3093","1":"product","2":"type-product","3":"status-publish","4":"has-post-thumbnail","6":"product_brand-kappa","7":"product_cat-europa","8":"product_cat-reprezentacje","9":"product_cat-wlochy","10":"pa_rozmiar-l","12":"first","13":"instock","14":"taxable","15":"shipping-taxable","16":"purchasable","17":"product-type-simple","18":"entry","19":"content-bg","20":"loop-entry"},"taxonomy_info":{"product_brand":[{"value":35,"label":"Kappa"}],"product_cat":[{"value":23,"label":"Europa"},{"value":22,"label":"REPREZENTACJE"},{"value":190,"label":"W\u0142ochy"}],"pa_rozmiar":[{"value":39,"label":"L"}]},"featured_image_src_large":["https:\/\/fts.you2.pl\/wp-content\/uploads\/2025\/09\/Photoroom_008_20250622_101324-1024x1024.png",1024,1024,true],"author_info":[],"comment_info":"","_links":{"self":[{"href":"https:\/\/fts.you2.pl\/en\/wp-json\/wp\/v2\/product\/3093","targetHints":{"allow":["GET"]}}],"collection":[{"href":"https:\/\/fts.you2.pl\/en\/wp-json\/wp\/v2\/product"}],"about":[{"href":"https:\/\/fts.you2.pl\/en\/wp-json\/wp\/v2\/types\/product"}],"wp:featuredmedia":[{"embeddable":true,"href":"https:\/\/fts.you2.pl\/en\/wp-json\/wp\/v2\/media\/14322"}],"wp:attachment":[{"href":"https:\/\/fts.you2.pl\/en\/wp-json\/wp\/v2\/media?parent=3093"}],"wp:term":[{"taxonomy":"product_brand","embeddable":true,"href":"https:\/\/fts.you2.pl\/en\/wp-json\/wp\/v2\/product_brand?post=3093"},{"taxonomy":"product_cat","embeddable":true,"href":"https:\/\/fts.you2.pl\/en\/wp-json\/wp\/v2\/product_cat?post=3093"},{"taxonomy":"product_tag","embeddable":true,"href":"https:\/\/fts.you2.pl\/en\/wp-json\/wp\/v2\/product_tag?post=3093"}],"curies":[{"name":"wp","href":"https:\/\/api.w.org\/{rel}","templated":true}]}}