{"id":3094,"date":"2025-07-13T15:47:03","date_gmt":"2025-07-13T13:47:03","guid":{"rendered":"https:\/\/fts.you2.pl\/index.php\/produkt\/niemcy-1996-98-away-xxl\/"},"modified":"2025-09-19T16:44:56","modified_gmt":"2025-09-19T14:44:56","slug":"niemcy-1996-98-away-xxl","status":"publish","type":"product","link":"https:\/\/fts.you2.pl\/en\/niemcy-1996-98-away-xxl\/","title":{"rendered":"Koszulka pi\u0142karska Niemcy 1996\/98 Away [XXL]"},"content":{"rendered":"<p><strong>Klub:<\/strong> Niemcy<\/p>\n<p><strong>Sezon:<\/strong> 1996\/98 Away<\/p>\n<p><strong>Rozmiar: <\/strong>XXL<\/p>\n<p><strong>Stan:<\/strong> S\u0142aby &#8211; bardzo du\u017co ma\u0142ych zaci\u0105gni\u0119\u0107, szczeg\u00f3lnie z ty\u0142u koszulki.<\/p>\n<p><strong>Wymiary (szeroko\u015b\u0107 pod pachami\/d\u0142ugo\u015b\u0107) w cm: <\/strong>67\/78<\/p>","protected":false},"excerpt":{"rendered":"<p><strong>Oryginalna, wyjazdowa koszulka reprezentacji Niemiec<\/strong> z lat <strong>1996-98<\/strong> bazuj\u0105ca na legendarnym szablonie<strong> Adidasa<\/strong>. Jest to wyjazdowy komplet<strong> Die Mannschaft<\/strong>, kt\u00f3ry przeznaczony by\u0142 chocia\u017cby na<strong> Euro 1996<\/strong>, w kt\u00f3rym Niemcy finalnie triumfowali.<\/p>","protected":false},"featured_media":14329,"template":"","meta":{"_kad_blocks_custom_css":"","_kad_blocks_head_custom_js":"","_kad_blocks_body_custom_js":"","_kad_blocks_footer_custom_js":"","_kad_post_transparent":"","_kad_post_title":"","_kad_post_layout":"","_kad_post_sidebar_id":"","_kad_post_content_style":"","_kad_post_vertical_padding":"","_kad_post_feature":"","_kad_post_feature_position":"","_kad_post_header":false,"_kad_post_footer":false},"product_brand":[45],"product_cat":[23,143,22],"product_tag":[],"class_list":{"0":"post-3094","1":"product","2":"type-product","3":"status-publish","4":"has-post-thumbnail","6":"product_brand-adidas","7":"product_cat-europa","8":"product_cat-niemcy","9":"product_cat-reprezentacje","10":"pa_rozmiar-xxl","12":"first","13":"instock","14":"taxable","15":"shipping-taxable","16":"purchasable","17":"product-type-simple","18":"entry","19":"content-bg","20":"loop-entry"},"taxonomy_info":{"product_brand":[{"value":45,"label":"Adidas"}],"product_cat":[{"value":23,"label":"Europa"},{"value":143,"label":"Niemcy"},{"value":22,"label":"REPREZENTACJE"}],"pa_rozmiar":[{"value":71,"label":"XXL"}]},"featured_image_src_large":["https:\/\/fts.you2.pl\/wp-content\/uploads\/2025\/09\/Photoroom_026_20250710_202438-1024x1024.png",1024,1024,true],"author_info":[],"comment_info":"","_links":{"self":[{"href":"https:\/\/fts.you2.pl\/en\/wp-json\/wp\/v2\/product\/3094","targetHints":{"allow":["GET"]}}],"collection":[{"href":"https:\/\/fts.you2.pl\/en\/wp-json\/wp\/v2\/product"}],"about":[{"href":"https:\/\/fts.you2.pl\/en\/wp-json\/wp\/v2\/types\/product"}],"wp:featuredmedia":[{"embeddable":true,"href":"https:\/\/fts.you2.pl\/en\/wp-json\/wp\/v2\/media\/14329"}],"wp:attachment":[{"href":"https:\/\/fts.you2.pl\/en\/wp-json\/wp\/v2\/media?parent=3094"}],"wp:term":[{"taxonomy":"product_brand","embeddable":true,"href":"https:\/\/fts.you2.pl\/en\/wp-json\/wp\/v2\/product_brand?post=3094"},{"taxonomy":"product_cat","embeddable":true,"href":"https:\/\/fts.you2.pl\/en\/wp-json\/wp\/v2\/product_cat?post=3094"},{"taxonomy":"product_tag","embeddable":true,"href":"https:\/\/fts.you2.pl\/en\/wp-json\/wp\/v2\/product_tag?post=3094"}],"curies":[{"name":"wp","href":"https:\/\/api.w.org\/{rel}","templated":true}]}}