{"id":3107,"date":"2025-07-13T15:46:52","date_gmt":"2025-07-13T13:46:52","guid":{"rendered":"https:\/\/fts.you2.pl\/index.php\/produkt\/tus-koblenz-2009-10-home-13-rahn-l-xl\/"},"modified":"2025-09-19T16:50:48","modified_gmt":"2025-09-19T14:50:48","slug":"tus-koblenz-2009-10-home-13-rahn-l-xl","status":"publish","type":"product","link":"https:\/\/fts.you2.pl\/en\/tus-koblenz-2009-10-home-13-rahn-l-xl\/","title":{"rendered":"Koszulka pi\u0142karska TuS Koblenz 2009\/10 Home 13 Rahn [L\/XL]"},"content":{"rendered":"<p><strong>Klub:<\/strong> TuS Koblenz<\/p>\n<p><strong>Sezon:<\/strong> 2009\/10 Home<\/p>\n<p><strong>Rozmiar: <\/strong>L\/XL<\/p>\n<p><strong>Stan:<\/strong> Zadowalaj\u0105cy &#8211; uszkodzone logo 'Saller&#8217; oraz pomarszczony nadruk na plecach.<\/p>\n<p><strong>Wymiary (szeroko\u015b\u0107 pod pachami\/d\u0142ugo\u015b\u0107) w cm: <\/strong>59\/75<\/p>","protected":false},"excerpt":{"rendered":"<p data-start=\"157\" data-end=\"694\"><strong>Oryginalna domowa koszulka pi\u0142karska<\/strong> <strong data-start=\"284\" data-end=\"316\">TuS Koblenz z sezonu 2009\/10<\/strong>, wykonana przez niemieck\u0105 firm\u0119 <strong data-start=\"349\" data-end=\"359\">Saller<\/strong>, to unikatowy kawa\u0142ek historii 2. Bundesligi. Utrzymana w klubowych barwach \u2013 z dominuj\u0105c\u0105 czerni\u0105 i charakterystycznymi niebieskimi oraz \u017c\u00f3\u0142tymi akcentami \u2013 prezentuje si\u0119 solidnie i z pazurem. Na plecach <strong data-start=\"568\" data-end=\"585\">Johannes Rahn<\/strong> \u2013 wszechstronnego niemieckiego napastnika, kt\u00f3ry w tamtym czasie regularnie wyst\u0119powa\u0142 w pierwszym sk\u0142adzie.<\/p>\n<p data-start=\"696\" data-end=\"998\">Cho\u0107 TuS Koblenz nie nale\u017ca\u0142 do ligowych gigant\u00f3w, klub mia\u0142 swoje momenty, a sezon<strong> 2009\/10<\/strong> by\u0142 walk\u0105 o utrzymanie i pe\u0142en emocji. Koszulka Rahna to \u015bwietna propozycja dla fan\u00f3w niemieckiego futbolu z ni\u017cszych lig, a tak\u017ce dla kolekcjoner\u00f3w oryginalnych koszulek pi\u0142karskich z mniej oczywistych klub\u00f3w.<\/p>","protected":false},"featured_media":14450,"template":"","meta":{"_kad_blocks_custom_css":"","_kad_blocks_head_custom_js":"","_kad_blocks_body_custom_js":"","_kad_blocks_footer_custom_js":"","_kad_post_transparent":"","_kad_post_title":"","_kad_post_layout":"","_kad_post_sidebar_id":"","_kad_post_content_style":"","_kad_post_vertical_padding":"","_kad_post_feature":"","_kad_post_feature_position":"","_kad_post_header":false,"_kad_post_footer":false},"product_brand":[391],"product_cat":[31,46,174],"product_tag":[],"class_list":{"0":"post-3107","1":"product","2":"type-product","3":"status-publish","4":"has-post-thumbnail","6":"product_brand-saller","7":"product_cat-kluby-europejskie","8":"product_cat-kluby-niemieckie","9":"product_cat-pozostale-kluby-niemieckie","10":"pa_rozmiar-l-xl","12":"first","13":"instock","14":"taxable","15":"shipping-taxable","16":"purchasable","17":"product-type-simple","18":"entry","19":"content-bg","20":"loop-entry"},"taxonomy_info":{"product_brand":[{"value":391,"label":"Saller"}],"product_cat":[{"value":31,"label":"Kluby Europejskie"},{"value":46,"label":"Kluby Niemieckie"},{"value":174,"label":"Pozosta\u0142e kluby niemieckie"}],"pa_rozmiar":[{"value":400,"label":"L\/XL"}]},"featured_image_src_large":["https:\/\/fts.you2.pl\/wp-content\/uploads\/2025\/09\/Photoroom_061_20250710_202438-1024x1024.png",1024,1024,true],"author_info":[],"comment_info":"","_links":{"self":[{"href":"https:\/\/fts.you2.pl\/en\/wp-json\/wp\/v2\/product\/3107","targetHints":{"allow":["GET"]}}],"collection":[{"href":"https:\/\/fts.you2.pl\/en\/wp-json\/wp\/v2\/product"}],"about":[{"href":"https:\/\/fts.you2.pl\/en\/wp-json\/wp\/v2\/types\/product"}],"wp:featuredmedia":[{"embeddable":true,"href":"https:\/\/fts.you2.pl\/en\/wp-json\/wp\/v2\/media\/14450"}],"wp:attachment":[{"href":"https:\/\/fts.you2.pl\/en\/wp-json\/wp\/v2\/media?parent=3107"}],"wp:term":[{"taxonomy":"product_brand","embeddable":true,"href":"https:\/\/fts.you2.pl\/en\/wp-json\/wp\/v2\/product_brand?post=3107"},{"taxonomy":"product_cat","embeddable":true,"href":"https:\/\/fts.you2.pl\/en\/wp-json\/wp\/v2\/product_cat?post=3107"},{"taxonomy":"product_tag","embeddable":true,"href":"https:\/\/fts.you2.pl\/en\/wp-json\/wp\/v2\/product_tag?post=3107"}],"curies":[{"name":"wp","href":"https:\/\/api.w.org\/{rel}","templated":true}]}}