{"id":3110,"date":"2025-07-13T15:47:17","date_gmt":"2025-07-13T13:47:17","guid":{"rendered":"https:\/\/fts.you2.pl\/index.php\/produkt\/match-issue-dynamo-drezno-2009-10-home-9-gundersen-xl\/"},"modified":"2025-09-19T16:52:06","modified_gmt":"2025-09-19T14:52:06","slug":"match-issue-dynamo-drezno-2009-10-home-9-gundersen-xl","status":"publish","type":"product","link":"https:\/\/fts.you2.pl\/en\/match-issue-dynamo-drezno-2009-10-home-9-gundersen-xl\/","title":{"rendered":"Koszulka pi\u0142karska MATCH ISSUE Dynamo Drezno 2009\/10 Home 9 Gundersen [XL]"},"content":{"rendered":"<p><strong>Klub:<\/strong> Dynamo Drezno<\/p>\n<p><strong>Sezon:<\/strong> 2009\/10 Home<\/p>\n<p><strong>Rozmiar: <\/strong>XL<\/p>\n<p><strong>Stan:<\/strong> Zadowalaj\u0105cy &#8211; uszkodzone loga 'Jako&#8217; oraz patch ligowy.<\/p>\n<p><strong>Wymiary (szeroko\u015b\u0107 pod pachami\/d\u0142ugo\u015b\u0107) w cm: <\/strong>57\/79(prz\u00f3d), 85(ty\u0142)<\/p>","protected":false},"excerpt":{"rendered":"<p>Oryginalna, meczowa domowa koszulka pi\u0142karska<strong> Dynamo Drezno<\/strong> z sezonu <strong>2009\/10<\/strong>, kt\u00f3r\u0105 nosi\u0142 norweski napastnik <strong data-start=\"299\" data-end=\"325\">Tore Andreas Gundersen<\/strong>. Norweg wyst\u0105pi\u0142 w 17 meczach dla klubu ze wschodnich Niemiec, w kt\u00f3rych zdoby\u0142 jedynie 3 bramki. Ten klasyczny, \u017c\u00f3\u0142to czarny trykot to kawa\u0142 historii niemieckiej pi\u0142ki no\u017cnej.\u00a0Koszulka \u0142\u0105czy w sobie autentyczny, klubowy klimat z solidnym wykonaniem przez mark\u0119 <strong>Jako<\/strong>. Ta koszulka to must-have dla\u00a0fan\u00f3w <strong>Dynama<\/strong> i <strong>kolekcjoner\u00f3w <\/strong>nieoczywistych <strong>koszulek meczowych.<\/strong><\/p>","protected":false},"featured_media":14476,"template":"","meta":{"_kad_blocks_custom_css":"","_kad_blocks_head_custom_js":"","_kad_blocks_body_custom_js":"","_kad_blocks_footer_custom_js":"","_kad_post_transparent":"","_kad_post_title":"","_kad_post_layout":"","_kad_post_sidebar_id":"","_kad_post_content_style":"","_kad_post_vertical_padding":"","_kad_post_feature":"","_kad_post_feature_position":"","_kad_post_header":false,"_kad_post_footer":false},"product_brand":[233],"product_cat":[31,46,173,174],"product_tag":[],"class_list":{"0":"post-3110","1":"product","2":"type-product","3":"status-publish","4":"has-post-thumbnail","6":"product_brand-jako","7":"product_cat-kluby-europejskie","8":"product_cat-kluby-niemieckie","9":"product_cat-match-worn-issue","10":"product_cat-pozostale-kluby-niemieckie","11":"pa_rozmiar-xl","13":"first","14":"instock","15":"taxable","16":"shipping-taxable","17":"purchasable","18":"product-type-simple","19":"entry","20":"content-bg","21":"loop-entry"},"taxonomy_info":{"product_brand":[{"value":233,"label":"Jako"}],"product_cat":[{"value":31,"label":"Kluby Europejskie"},{"value":46,"label":"Kluby Niemieckie"},{"value":173,"label":"MATCH WORN &amp; ISSUE"},{"value":174,"label":"Pozosta\u0142e kluby niemieckie"}],"pa_rozmiar":[{"value":57,"label":"XL"}]},"featured_image_src_large":["https:\/\/fts.you2.pl\/wp-content\/uploads\/2025\/09\/Photoroom_055_20250710_202438-1024x1024.png",1024,1024,true],"author_info":[],"comment_info":"","_links":{"self":[{"href":"https:\/\/fts.you2.pl\/en\/wp-json\/wp\/v2\/product\/3110","targetHints":{"allow":["GET"]}}],"collection":[{"href":"https:\/\/fts.you2.pl\/en\/wp-json\/wp\/v2\/product"}],"about":[{"href":"https:\/\/fts.you2.pl\/en\/wp-json\/wp\/v2\/types\/product"}],"wp:featuredmedia":[{"embeddable":true,"href":"https:\/\/fts.you2.pl\/en\/wp-json\/wp\/v2\/media\/14476"}],"wp:attachment":[{"href":"https:\/\/fts.you2.pl\/en\/wp-json\/wp\/v2\/media?parent=3110"}],"wp:term":[{"taxonomy":"product_brand","embeddable":true,"href":"https:\/\/fts.you2.pl\/en\/wp-json\/wp\/v2\/product_brand?post=3110"},{"taxonomy":"product_cat","embeddable":true,"href":"https:\/\/fts.you2.pl\/en\/wp-json\/wp\/v2\/product_cat?post=3110"},{"taxonomy":"product_tag","embeddable":true,"href":"https:\/\/fts.you2.pl\/en\/wp-json\/wp\/v2\/product_tag?post=3110"}],"curies":[{"name":"wp","href":"https:\/\/api.w.org\/{rel}","templated":true}]}}