{"id":3113,"date":"2025-07-13T15:47:15","date_gmt":"2025-07-13T13:47:15","guid":{"rendered":"https:\/\/fts.you2.pl\/index.php\/produkt\/feyenoord-rotterdam-2016-17-away-xl\/"},"modified":"2025-09-19T16:53:38","modified_gmt":"2025-09-19T14:53:38","slug":"feyenoord-rotterdam-2016-17-away-xl","status":"publish","type":"product","link":"https:\/\/fts.you2.pl\/en\/feyenoord-rotterdam-2016-17-away-xl\/","title":{"rendered":"Koszulka pi\u0142karska Feyenoord Rotterdam 2016\/17 Away [XL]"},"content":{"rendered":"<p><strong>Klub:<\/strong> Feyenoord Rotterdam<\/p>\n<p><strong>Sezon:<\/strong> 2016\/17 Away<\/p>\n<p><strong>Rozmiar: <\/strong>XL<\/p>\n<p><strong>Stan:<\/strong> Zadowalaj\u0105cy &#8211; kilka znacznych zabrudze\u0144 materia\u0142u.<\/p>\n<p><strong>Wymiary (szeroko\u015b\u0107 pod pachami\/d\u0142ugo\u015b\u0107) w cm: <\/strong>60\/79<\/p>\n<p><strong>Dodatkowe informacje:<\/strong> Koszulka posiada personalizacj\u0119 kibica na plecach.<\/p>","protected":false},"excerpt":{"rendered":"<p><strong>Oryginalna koszulka<\/strong> wyjazdowa <strong>Feyenoordu Rotterdam<\/strong> z sezonu <strong>2016\/17<\/strong> produkcji <strong>Adidasa<\/strong>. W zespole wystepowali wtedy tacy zawodnicy jak <strong>Brad Jones, Marko Vejinovi\u0107<\/strong> czy legendarny <strong>Dirk Kuyt<\/strong>.<\/p>","protected":false},"featured_media":14500,"template":"","meta":{"_kad_blocks_custom_css":"","_kad_blocks_head_custom_js":"","_kad_blocks_body_custom_js":"","_kad_blocks_footer_custom_js":"","_kad_post_transparent":"","_kad_post_title":"","_kad_post_layout":"","_kad_post_sidebar_id":"","_kad_post_content_style":"","_kad_post_vertical_padding":"","_kad_post_feature":"","_kad_post_feature_position":"","_kad_post_header":false,"_kad_post_footer":false},"product_brand":[45],"product_cat":[107,31,50],"product_tag":[],"class_list":{"0":"post-3113","1":"product","2":"type-product","3":"status-publish","4":"has-post-thumbnail","6":"product_brand-adidas","7":"product_cat-belgia-i-holandia","8":"product_cat-kluby-europejskie","9":"product_cat-kluby-europejskie-kluby-europejskie","10":"pa_rozmiar-xl","12":"first","13":"instock","14":"taxable","15":"shipping-taxable","16":"purchasable","17":"product-type-simple","18":"entry","19":"content-bg","20":"loop-entry"},"taxonomy_info":{"product_brand":[{"value":45,"label":"Adidas"}],"product_cat":[{"value":107,"label":"Belgia i Holandia"},{"value":31,"label":"Kluby Europejskie"},{"value":50,"label":"Kluby Europejskie"}],"pa_rozmiar":[{"value":57,"label":"XL"}]},"featured_image_src_large":["https:\/\/fts.you2.pl\/wp-content\/uploads\/2025\/09\/Photoroom_046_20250710_202438-1024x1024.png",1024,1024,true],"author_info":[],"comment_info":"","_links":{"self":[{"href":"https:\/\/fts.you2.pl\/en\/wp-json\/wp\/v2\/product\/3113","targetHints":{"allow":["GET"]}}],"collection":[{"href":"https:\/\/fts.you2.pl\/en\/wp-json\/wp\/v2\/product"}],"about":[{"href":"https:\/\/fts.you2.pl\/en\/wp-json\/wp\/v2\/types\/product"}],"wp:featuredmedia":[{"embeddable":true,"href":"https:\/\/fts.you2.pl\/en\/wp-json\/wp\/v2\/media\/14500"}],"wp:attachment":[{"href":"https:\/\/fts.you2.pl\/en\/wp-json\/wp\/v2\/media?parent=3113"}],"wp:term":[{"taxonomy":"product_brand","embeddable":true,"href":"https:\/\/fts.you2.pl\/en\/wp-json\/wp\/v2\/product_brand?post=3113"},{"taxonomy":"product_cat","embeddable":true,"href":"https:\/\/fts.you2.pl\/en\/wp-json\/wp\/v2\/product_cat?post=3113"},{"taxonomy":"product_tag","embeddable":true,"href":"https:\/\/fts.you2.pl\/en\/wp-json\/wp\/v2\/product_tag?post=3113"}],"curies":[{"name":"wp","href":"https:\/\/api.w.org\/{rel}","templated":true}]}}