{"id":3121,"date":"2025-07-13T15:47:08","date_gmt":"2025-07-13T13:47:08","guid":{"rendered":"https:\/\/fts.you2.pl\/index.php\/produkt\/japonia-2008-10-home-10-nakamura-m\/"},"modified":"2025-09-19T16:57:12","modified_gmt":"2025-09-19T14:57:12","slug":"japonia-2008-10-home-10-nakamura-m","status":"publish","type":"product","link":"https:\/\/fts.you2.pl\/en\/japonia-2008-10-home-10-nakamura-m\/","title":{"rendered":"Koszulka pi\u0142karska Japonia 2008\/10 Home 10 Nakamura [M]"},"content":{"rendered":"<p><strong>Klub:<\/strong> Japonia<\/p>\n<p><strong>Sezon:<\/strong> 2008\/10 Home<\/p>\n<p><strong>Rozmiar: <\/strong>M<\/p>\n<p><strong>Stan:<\/strong> Doskona\u0142y<\/p>\n<p><strong>Wymiary (szeroko\u015b\u0107 pod pachami\/d\u0142ugo\u015b\u0107) w cm: <\/strong>54\/68<\/p>","protected":false},"excerpt":{"rendered":"<p data-start=\"207\" data-end=\"636\"><strong>Oryginalna domowa koszulka pi\u0142karska<\/strong> <strong data-start=\"334\" data-end=\"375\">reprezentacji Japonii z lat 2008\u20132010<\/strong>, produkcji Adidasa, z nazwiskiem <strong data-start=\"408\" data-end=\"429\">Shunsuke Nakamury<\/strong> \u2013 jednego z najbardziej rozpoznawalnych japo\u0144skich pi\u0142karzy w historii. Niebieski model z delikatnymi czerwonymi oraz \u017c\u00f3\u0142tymi akcentami i g\u0142adk\u0105 struktur\u0105 materia\u0142u to prawdziwa klasyka XXI wieku z azjatyckiej sceny pi\u0142karskiej.<\/p>\n<p data-start=\"638\" data-end=\"961\">To w\u0142a\u015bnie w tym stroju <strong>Japonia<\/strong> przygotowywa\u0142a si\u0119 do <strong>Mistrzostw \u015awiata 2010<\/strong>, a <strong>Nakamura<\/strong>, mistrz rzut\u00f3w wolnych i by\u0142y zawodnik m.in.<strong> Celticu<\/strong> i<strong> Espanyolu<\/strong>, by\u0142 wtedy jednym z lider\u00f3w dru\u017cyny. Koszulka \u0142\u0105czy nowoczesny jak na tamte lata kr\u00f3j, \u015bwietn\u0105 jako\u015b\u0107 wykonania i typowy dla Adidas design z trzema paskami na ramionach.<\/p>\n<p data-start=\"963\" data-end=\"1127\">Idealna dla fan\u00f3w japo\u0144skiej kadry, kolekcjoner\u00f3w koszulek pi\u0142karskich oraz ka\u017cdego, kto szuka <strong data-start=\"1058\" data-end=\"1126\">oryginalnego trykotu Japonii z nazwiskiem legendarnego pomocnika<\/strong>. Oferowany przez nas egzemplarz to wersja kibicowska, wypuszczona z drukowanym autografem na numerze na plecach.<\/p>","protected":false},"featured_media":14573,"template":"","meta":{"_kad_blocks_custom_css":"","_kad_blocks_head_custom_js":"","_kad_blocks_body_custom_js":"","_kad_blocks_footer_custom_js":"","_kad_post_transparent":"","_kad_post_title":"","_kad_post_layout":"","_kad_post_sidebar_id":"","_kad_post_content_style":"","_kad_post_vertical_padding":"","_kad_post_feature":"","_kad_post_feature_position":"","_kad_post_header":false,"_kad_post_footer":false},"product_brand":[45],"product_cat":[140,22],"product_tag":[],"class_list":{"0":"post-3121","1":"product","2":"type-product","3":"status-publish","4":"has-post-thumbnail","6":"product_brand-adidas","7":"product_cat-azja","8":"product_cat-reprezentacje","9":"pa_rozmiar-m","11":"first","12":"instock","13":"taxable","14":"shipping-taxable","15":"purchasable","16":"product-type-simple","17":"entry","18":"content-bg","19":"loop-entry"},"taxonomy_info":{"product_brand":[{"value":45,"label":"Adidas"}],"product_cat":[{"value":140,"label":"Azja"},{"value":22,"label":"REPREZENTACJE"}],"pa_rozmiar":[{"value":28,"label":"M"}]},"featured_image_src_large":["https:\/\/fts.you2.pl\/wp-content\/uploads\/2025\/09\/Photoroom_095_20250710_202438-1024x1024.png",1024,1024,true],"author_info":[],"comment_info":"","_links":{"self":[{"href":"https:\/\/fts.you2.pl\/en\/wp-json\/wp\/v2\/product\/3121","targetHints":{"allow":["GET"]}}],"collection":[{"href":"https:\/\/fts.you2.pl\/en\/wp-json\/wp\/v2\/product"}],"about":[{"href":"https:\/\/fts.you2.pl\/en\/wp-json\/wp\/v2\/types\/product"}],"wp:featuredmedia":[{"embeddable":true,"href":"https:\/\/fts.you2.pl\/en\/wp-json\/wp\/v2\/media\/14573"}],"wp:attachment":[{"href":"https:\/\/fts.you2.pl\/en\/wp-json\/wp\/v2\/media?parent=3121"}],"wp:term":[{"taxonomy":"product_brand","embeddable":true,"href":"https:\/\/fts.you2.pl\/en\/wp-json\/wp\/v2\/product_brand?post=3121"},{"taxonomy":"product_cat","embeddable":true,"href":"https:\/\/fts.you2.pl\/en\/wp-json\/wp\/v2\/product_cat?post=3121"},{"taxonomy":"product_tag","embeddable":true,"href":"https:\/\/fts.you2.pl\/en\/wp-json\/wp\/v2\/product_tag?post=3121"}],"curies":[{"name":"wp","href":"https:\/\/api.w.org\/{rel}","templated":true}]}}