{"id":3122,"date":"2025-07-13T15:47:07","date_gmt":"2025-07-13T13:47:07","guid":{"rendered":"https:\/\/fts.you2.pl\/index.php\/produkt\/olympique-marsylia-2022-23-home-10-payet-xxl\/"},"modified":"2025-09-19T16:57:36","modified_gmt":"2025-09-19T14:57:36","slug":"olympique-marsylia-2022-23-home-10-payet-xxl","status":"publish","type":"product","link":"https:\/\/fts.you2.pl\/en\/olympique-marsylia-2022-23-home-10-payet-xxl\/","title":{"rendered":"Koszulka pi\u0142karska Olympique Marsylia 2022\/23 Home 10 Payet [XXL]"},"content":{"rendered":"<p><strong>Klub:<\/strong> Olympique Marsylia<\/p>\n<p><strong>Sezon:<\/strong> 2022\/23 Home<\/p>\n<p><strong>Rozmiar: <\/strong>XXL<\/p>\n<p><strong>Stan:<\/strong> Bardzo dobry &#8211; jedno mikro zabrudzenie na plecach.<\/p>\n<p><strong>Wymiary (szeroko\u015b\u0107 pod pachami\/d\u0142ugo\u015b\u0107) w cm: <\/strong>64\/77<\/p>","protected":false},"excerpt":{"rendered":"<p data-start=\"178\" data-end=\"614\"><strong>Oryginalna domowa koszulka pi\u0142karska<\/strong> <strong data-start=\"311\" data-end=\"350\">Olympique Marsylia z sezonu 2022\/23<\/strong>, produkcji<strong> Pumy<\/strong>, z nadrukiem <strong data-start=\"380\" data-end=\"401\">Dimitriego Payeta<\/strong> na plecach. Ten model to uk\u0142on w stron\u0119 klasyki \u2013 czysta biel, subtelne ciemnoniebieskie detale i minimalistyczny design, kt\u00f3ry idealnie wpisuje si\u0119 w to\u017csamo\u015b\u0107 jednego z najbardziej charyzmatycznych klub\u00f3w we <strong>Francji<\/strong>.<\/p>\n<p data-start=\"616\" data-end=\"945\">Sezon <strong>2022\/23<\/strong> by\u0142 ostatnim pe\u0142nym rozdzia\u0142em Payeta w barwach <strong>OM<\/strong> \u2013 zawodnika, kt\u00f3ry przez lata zachwyca\u0142 technik\u0105, wizj\u0105 gry i nieprzewidywalnymi zagraniami. Dzi\u015b ju\u017c takich nie robi\u0105.<\/p>\n<p data-start=\"947\" data-end=\"1150\">To obowi\u0105zkowa pozycja dla ka\u017cdego fana <strong data-start=\"987\" data-end=\"1010\">francuskiej Ligue 1<\/strong>, kolekcjonera <strong>oryginalnych koszulek pi\u0142karskich<\/strong> i kibic\u00f3w <strong>Olympique Marsylia<\/strong>, kt\u00f3rzy chc\u0105 zatrzyma\u0107 wspomnienie o jednej z ikon tego klubu.<\/p>","protected":false},"featured_media":14581,"template":"","meta":{"_kad_blocks_custom_css":"","_kad_blocks_head_custom_js":"","_kad_blocks_body_custom_js":"","_kad_blocks_footer_custom_js":"","_kad_post_transparent":"","_kad_post_title":"","_kad_post_layout":"","_kad_post_sidebar_id":"","_kad_post_content_style":"","_kad_post_vertical_padding":"","_kad_post_feature":"","_kad_post_feature_position":"","_kad_post_header":false,"_kad_post_footer":false},"product_brand":[86],"product_cat":[31,129,393],"product_tag":[],"class_list":{"0":"post-3122","1":"product","2":"type-product","3":"status-publish","4":"has-post-thumbnail","6":"product_brand-puma","7":"product_cat-kluby-europejskie","8":"product_cat-kluby-francuskie","9":"product_cat-olympique-marsylia","10":"pa_rozmiar-xxl","12":"first","13":"instock","14":"taxable","15":"shipping-taxable","16":"purchasable","17":"product-type-simple","18":"entry","19":"content-bg","20":"loop-entry"},"taxonomy_info":{"product_brand":[{"value":86,"label":"Puma"}],"product_cat":[{"value":31,"label":"Kluby Europejskie"},{"value":129,"label":"Kluby Francuskie"},{"value":393,"label":"Olympique Marsylia"}],"pa_rozmiar":[{"value":71,"label":"XXL"}]},"featured_image_src_large":["https:\/\/fts.you2.pl\/wp-content\/uploads\/2025\/09\/Photoroom_093_20250710_202438-1024x1024.png",1024,1024,true],"author_info":[],"comment_info":"","_links":{"self":[{"href":"https:\/\/fts.you2.pl\/en\/wp-json\/wp\/v2\/product\/3122","targetHints":{"allow":["GET"]}}],"collection":[{"href":"https:\/\/fts.you2.pl\/en\/wp-json\/wp\/v2\/product"}],"about":[{"href":"https:\/\/fts.you2.pl\/en\/wp-json\/wp\/v2\/types\/product"}],"wp:featuredmedia":[{"embeddable":true,"href":"https:\/\/fts.you2.pl\/en\/wp-json\/wp\/v2\/media\/14581"}],"wp:attachment":[{"href":"https:\/\/fts.you2.pl\/en\/wp-json\/wp\/v2\/media?parent=3122"}],"wp:term":[{"taxonomy":"product_brand","embeddable":true,"href":"https:\/\/fts.you2.pl\/en\/wp-json\/wp\/v2\/product_brand?post=3122"},{"taxonomy":"product_cat","embeddable":true,"href":"https:\/\/fts.you2.pl\/en\/wp-json\/wp\/v2\/product_cat?post=3122"},{"taxonomy":"product_tag","embeddable":true,"href":"https:\/\/fts.you2.pl\/en\/wp-json\/wp\/v2\/product_tag?post=3122"}],"curies":[{"name":"wp","href":"https:\/\/api.w.org\/{rel}","templated":true}]}}