{"id":3126,"date":"2025-07-13T15:47:22","date_gmt":"2025-07-13T13:47:22","guid":{"rendered":"https:\/\/fts.you2.pl\/index.php\/produkt\/fc-union-berlin-2023-23-home-l\/"},"modified":"2025-09-19T16:59:18","modified_gmt":"2025-09-19T14:59:18","slug":"fc-union-berlin-2023-23-home-l","status":"publish","type":"product","link":"https:\/\/fts.you2.pl\/en\/fc-union-berlin-2023-23-home-l\/","title":{"rendered":"Koszulka pi\u0142karska FC Union Berlin 2023\/24 Home [L]"},"content":{"rendered":"<p><strong>Klub:<\/strong> FC Union Berlin<\/p>\n<p><strong>Sezon:<\/strong> 2023\/24 Home<\/p>\n<p><strong>Rozmiar: <\/strong>L<\/p>\n<p><strong>Stan:<\/strong> Dobry &#8211; nadruki sponsor\u00f3w oraz patch ligowy straci\u0142y sw\u00f3j pierwotny kolor i nieco zszarza\u0142y.<\/p>\n<p><strong>Wymiary (szeroko\u015b\u0107 pod pachami\/d\u0142ugo\u015b\u0107) w cm: <\/strong>55\/75<\/p>","protected":false},"excerpt":{"rendered":"<p>Oryginalna <strong data-start=\"212\" data-end=\"272\">domowa koszulka pi\u0142karska FC Union Berlin z sezonu 2023\/24<\/strong>\u00a0\u2013 sezonu, kt\u00f3ry przeszed\u0142 do historii klubu. Klasyczna czerwie\u0144 z bia\u0142ymi detalami, minimalistyczny design i surowy berli\u0144ski charakter \u2013 wszystko to idealnie oddaje to\u017csamo\u015b\u0107 <strong>Unionu<\/strong>. W tej koszulce dru\u017cyna z <strong>K\u00f6penick<\/strong> zadziwi\u0142a <strong>Bundeslig\u0119<\/strong> walcz\u0105c o czo\u0142owe lokaty i miejsce w europejskich pucharach. To \u015bwietny wyb\u00f3r dla kibic\u00f3w Unionu oraz kolekcjoner\u00f3w doceniaj\u0105cych autentyczny klimat niemieckiego futbolu.<\/p>","protected":false},"featured_media":14618,"template":"","meta":{"_kad_blocks_custom_css":"","_kad_blocks_head_custom_js":"","_kad_blocks_body_custom_js":"","_kad_blocks_footer_custom_js":"","_kad_post_transparent":"","_kad_post_title":"","_kad_post_layout":"","_kad_post_sidebar_id":"","_kad_post_content_style":"","_kad_post_vertical_padding":"","_kad_post_feature":"","_kad_post_feature_position":"","_kad_post_header":false,"_kad_post_footer":false},"product_brand":[45],"product_cat":[31,46,174],"product_tag":[],"class_list":{"0":"post-3126","1":"product","2":"type-product","3":"status-publish","4":"has-post-thumbnail","6":"product_brand-adidas","7":"product_cat-kluby-europejskie","8":"product_cat-kluby-niemieckie","9":"product_cat-pozostale-kluby-niemieckie","10":"pa_rozmiar-l","12":"first","13":"instock","14":"taxable","15":"shipping-taxable","16":"purchasable","17":"product-type-simple","18":"entry","19":"content-bg","20":"loop-entry"},"taxonomy_info":{"product_brand":[{"value":45,"label":"Adidas"}],"product_cat":[{"value":31,"label":"Kluby Europejskie"},{"value":46,"label":"Kluby Niemieckie"},{"value":174,"label":"Pozosta\u0142e kluby niemieckie"}],"pa_rozmiar":[{"value":39,"label":"L"}]},"featured_image_src_large":["https:\/\/fts.you2.pl\/wp-content\/uploads\/2025\/09\/Photoroom_080_20250710_202438-1024x1024.png",1024,1024,true],"author_info":[],"comment_info":"","_links":{"self":[{"href":"https:\/\/fts.you2.pl\/en\/wp-json\/wp\/v2\/product\/3126","targetHints":{"allow":["GET"]}}],"collection":[{"href":"https:\/\/fts.you2.pl\/en\/wp-json\/wp\/v2\/product"}],"about":[{"href":"https:\/\/fts.you2.pl\/en\/wp-json\/wp\/v2\/types\/product"}],"wp:featuredmedia":[{"embeddable":true,"href":"https:\/\/fts.you2.pl\/en\/wp-json\/wp\/v2\/media\/14618"}],"wp:attachment":[{"href":"https:\/\/fts.you2.pl\/en\/wp-json\/wp\/v2\/media?parent=3126"}],"wp:term":[{"taxonomy":"product_brand","embeddable":true,"href":"https:\/\/fts.you2.pl\/en\/wp-json\/wp\/v2\/product_brand?post=3126"},{"taxonomy":"product_cat","embeddable":true,"href":"https:\/\/fts.you2.pl\/en\/wp-json\/wp\/v2\/product_cat?post=3126"},{"taxonomy":"product_tag","embeddable":true,"href":"https:\/\/fts.you2.pl\/en\/wp-json\/wp\/v2\/product_tag?post=3126"}],"curies":[{"name":"wp","href":"https:\/\/api.w.org\/{rel}","templated":true}]}}