{"id":3129,"date":"2025-07-13T15:47:20","date_gmt":"2025-07-13T13:47:20","guid":{"rendered":"https:\/\/fts.you2.pl\/index.php\/produkt\/tunezja-2018-19-home-s\/"},"modified":"2025-09-19T17:00:34","modified_gmt":"2025-09-19T15:00:34","slug":"tunezja-2018-19-home-s","status":"publish","type":"product","link":"https:\/\/fts.you2.pl\/en\/tunezja-2018-19-home-s\/","title":{"rendered":"Koszulka pi\u0142karska Tunezja 2018\/19 Home [S]"},"content":{"rendered":"<p><strong>Klub:<\/strong> Tunezja<\/p>\n<p><strong>Sezon:<\/strong> 2018\/19 Home<\/p>\n<p><strong>Rozmiar: <\/strong>S<\/p>\n<p><strong>Stan:<\/strong> Zadowalaj\u0105cy &#8211; kilka drobnych plamek oraz niewielkich zaci\u0105gni\u0119\u0107.<\/p>\n<p><strong>Wymiary (szeroko\u015b\u0107 pod pachami\/d\u0142ugo\u015b\u0107) w cm: <\/strong>46\/66<\/p>","protected":false},"excerpt":{"rendered":"<p>Oryginalna <strong data-start=\"207\" data-end=\"275\">domowa koszulka pi\u0142karska reprezentacji Tunezji z sezonu 2018\/19<\/strong>, produkcji <strong data-start=\"287\" data-end=\"299\">Uhlsport<\/strong>. Bia\u0142y model z charakterystycznymi czerwonymi wstawkami, kt\u00f3re doskonale oddaj\u0105 narodowe barwy Pustynnych Lw\u00f3w. Prosty, a zarazem elegancki design sprawia\u0142, \u017ce koszulka prezentowa\u0142a si\u0119 \u015bwietnie zar\u00f3wno na boisku, jak i poza nim podczas kluczowych mecz\u00f3w eliminacyjnych. To idealna propozycja dla kibic\u00f3w <strong>Tunezji<\/strong> oraz<strong> kolekcjoner\u00f3w<\/strong> unikatowych stroj\u00f3w pi\u0142karskich.<\/p>","protected":false},"featured_media":14645,"template":"","meta":{"_kad_blocks_custom_css":"","_kad_blocks_head_custom_js":"","_kad_blocks_body_custom_js":"","_kad_blocks_footer_custom_js":"","_kad_post_transparent":"","_kad_post_title":"","_kad_post_layout":"","_kad_post_sidebar_id":"","_kad_post_content_style":"","_kad_post_vertical_padding":"","_kad_post_feature":"","_kad_post_feature_position":"","_kad_post_header":false,"_kad_post_footer":false},"product_brand":[299],"product_cat":[137,22],"product_tag":[],"class_list":{"0":"post-3129","1":"product","2":"type-product","3":"status-publish","4":"has-post-thumbnail","6":"product_brand-uhlsport","7":"product_cat-reprezentacje-afryka","8":"product_cat-reprezentacje","9":"pa_rozmiar-s","11":"first","12":"instock","13":"taxable","14":"shipping-taxable","15":"purchasable","16":"product-type-simple","17":"entry","18":"content-bg","19":"loop-entry"},"taxonomy_info":{"product_brand":[{"value":299,"label":"Uhlsport"}],"product_cat":[{"value":137,"label":"Afryka"},{"value":22,"label":"REPREZENTACJE"}],"pa_rozmiar":[{"value":19,"label":"S"}]},"featured_image_src_large":["https:\/\/fts.you2.pl\/wp-content\/uploads\/2025\/09\/Photoroom_072_20250710_202438-1-1024x1024.png",1024,1024,true],"author_info":[],"comment_info":"","_links":{"self":[{"href":"https:\/\/fts.you2.pl\/en\/wp-json\/wp\/v2\/product\/3129","targetHints":{"allow":["GET"]}}],"collection":[{"href":"https:\/\/fts.you2.pl\/en\/wp-json\/wp\/v2\/product"}],"about":[{"href":"https:\/\/fts.you2.pl\/en\/wp-json\/wp\/v2\/types\/product"}],"wp:featuredmedia":[{"embeddable":true,"href":"https:\/\/fts.you2.pl\/en\/wp-json\/wp\/v2\/media\/14645"}],"wp:attachment":[{"href":"https:\/\/fts.you2.pl\/en\/wp-json\/wp\/v2\/media?parent=3129"}],"wp:term":[{"taxonomy":"product_brand","embeddable":true,"href":"https:\/\/fts.you2.pl\/en\/wp-json\/wp\/v2\/product_brand?post=3129"},{"taxonomy":"product_cat","embeddable":true,"href":"https:\/\/fts.you2.pl\/en\/wp-json\/wp\/v2\/product_cat?post=3129"},{"taxonomy":"product_tag","embeddable":true,"href":"https:\/\/fts.you2.pl\/en\/wp-json\/wp\/v2\/product_tag?post=3129"}],"curies":[{"name":"wp","href":"https:\/\/api.w.org\/{rel}","templated":true}]}}