{"id":3130,"date":"2025-07-13T15:47:19","date_gmt":"2025-07-13T13:47:19","guid":{"rendered":"https:\/\/fts.you2.pl\/index.php\/produkt\/koszulka-treningowa-lotwa-2000-02-xl\/"},"modified":"2025-09-19T17:01:14","modified_gmt":"2025-09-19T15:01:14","slug":"koszulka-treningowa-lotwa-2000-02-xl","status":"publish","type":"product","link":"https:\/\/fts.you2.pl\/en\/koszulka-treningowa-lotwa-2000-02-xl\/","title":{"rendered":"Koszulka treningowa \u0141otwa 2000\/02 [XL]"},"content":{"rendered":"<p><strong>Klub:<\/strong> \u0141otwa<\/p>\n<p><strong>Sezon:<\/strong> 2000\/02<\/p>\n<p><strong>Rozmiar: <\/strong>XL<\/p>\n<p><strong>Stan:<\/strong> Doskona\u0142y<\/p>\n<p><strong>Wymiary (szeroko\u015b\u0107 pod pachami\/d\u0142ugo\u015b\u0107) w cm: <\/strong>59\/78(prz\u00f3d), 86(ty\u0142)<\/p>","protected":false},"excerpt":{"rendered":"<p><strong>Oryginalna<\/strong>, treningowa <strong>koszulka pi\u0142karska<\/strong> reprezentacji \u0141otwy z lat 2000-02 produkcji niszowej marki <strong>Tramondi<\/strong>.<\/p>","protected":false},"featured_media":14658,"template":"","meta":{"_kad_blocks_custom_css":"","_kad_blocks_head_custom_js":"","_kad_blocks_body_custom_js":"","_kad_blocks_footer_custom_js":"","_kad_post_transparent":"","_kad_post_title":"","_kad_post_layout":"","_kad_post_sidebar_id":"","_kad_post_content_style":"","_kad_post_vertical_padding":"","_kad_post_feature":"","_kad_post_feature_position":"","_kad_post_header":false,"_kad_post_footer":false},"product_brand":[456],"product_cat":[23,25,26,114,22],"product_tag":[],"class_list":{"0":"post-3130","1":"product","2":"type-product","3":"status-publish","4":"has-post-thumbnail","6":"product_brand-tramondi","7":"product_cat-europa","8":"product_cat-inne","9":"product_cat-kurtki-bluzy-trening","10":"product_cat-pozostale","11":"product_cat-reprezentacje","12":"pa_rozmiar-xl","14":"first","15":"instock","16":"taxable","17":"shipping-taxable","18":"purchasable","19":"product-type-simple","20":"entry","21":"content-bg","22":"loop-entry"},"taxonomy_info":{"product_brand":[{"value":456,"label":"Tramondi"}],"product_cat":[{"value":23,"label":"Europa"},{"value":25,"label":"Inne"},{"value":26,"label":"Kurtki\/bluzy\/trening"},{"value":114,"label":"Pozosta\u0142e"},{"value":22,"label":"REPREZENTACJE"}],"pa_rozmiar":[{"value":57,"label":"XL"}]},"featured_image_src_large":["https:\/\/fts.you2.pl\/wp-content\/uploads\/2025\/09\/Photoroom_068_20250710_202438-1024x1024.png",1024,1024,true],"author_info":[],"comment_info":"","_links":{"self":[{"href":"https:\/\/fts.you2.pl\/en\/wp-json\/wp\/v2\/product\/3130","targetHints":{"allow":["GET"]}}],"collection":[{"href":"https:\/\/fts.you2.pl\/en\/wp-json\/wp\/v2\/product"}],"about":[{"href":"https:\/\/fts.you2.pl\/en\/wp-json\/wp\/v2\/types\/product"}],"wp:featuredmedia":[{"embeddable":true,"href":"https:\/\/fts.you2.pl\/en\/wp-json\/wp\/v2\/media\/14658"}],"wp:attachment":[{"href":"https:\/\/fts.you2.pl\/en\/wp-json\/wp\/v2\/media?parent=3130"}],"wp:term":[{"taxonomy":"product_brand","embeddable":true,"href":"https:\/\/fts.you2.pl\/en\/wp-json\/wp\/v2\/product_brand?post=3130"},{"taxonomy":"product_cat","embeddable":true,"href":"https:\/\/fts.you2.pl\/en\/wp-json\/wp\/v2\/product_cat?post=3130"},{"taxonomy":"product_tag","embeddable":true,"href":"https:\/\/fts.you2.pl\/en\/wp-json\/wp\/v2\/product_tag?post=3130"}],"curies":[{"name":"wp","href":"https:\/\/api.w.org\/{rel}","templated":true}]}}