{"id":3131,"date":"2025-07-13T15:47:18","date_gmt":"2025-07-13T13:47:18","guid":{"rendered":"https:\/\/fts.you2.pl\/index.php\/produkt\/dania-1988-90-home-xxs\/"},"modified":"2025-09-19T17:01:37","modified_gmt":"2025-09-19T15:01:37","slug":"dania-1988-90-home-xxs","status":"publish","type":"product","link":"https:\/\/fts.you2.pl\/en\/dania-1988-90-home-xxs\/","title":{"rendered":"Koszulka pi\u0142karska Dania 1988\/90 Home [XXS]"},"content":{"rendered":"<p><strong>Klub:<\/strong> Dania<\/p>\n<p><strong>Sezon:<\/strong> 1988\/90 Home<\/p>\n<p><strong>Rozmiar: <\/strong>XXS<\/p>\n<p><strong>Stan:<\/strong> S\u0142aby &#8211; znaczna ilo\u015b\u0107 mikro zaci\u0105gni\u0119\u0107.<\/p>\n<p><strong>Wymiary (szeroko\u015b\u0107 pod pachami\/d\u0142ugo\u015b\u0107) w cm: <\/strong>47\/60<\/p>","protected":false},"excerpt":{"rendered":"<p><strong>Koszulka pi\u0142karska<\/strong> reprezentacji <strong>Danii<\/strong> z lat <strong>1988\/90<\/strong> produkcji du\u0144skiej firmy<strong> Hummel<\/strong>.<\/p>","protected":false},"featured_media":14666,"template":"","meta":{"_kad_blocks_custom_css":"","_kad_blocks_head_custom_js":"","_kad_blocks_body_custom_js":"","_kad_blocks_footer_custom_js":"","_kad_post_transparent":"","_kad_post_title":"","_kad_post_layout":"","_kad_post_sidebar_id":"","_kad_post_content_style":"","_kad_post_vertical_padding":"","_kad_post_feature":"","_kad_post_feature_position":"","_kad_post_header":false,"_kad_post_footer":false},"product_brand":[201],"product_cat":[23,114,22],"product_tag":[],"class_list":{"0":"post-3131","1":"product","2":"type-product","3":"status-publish","4":"has-post-thumbnail","6":"product_brand-hummel","7":"product_cat-europa","8":"product_cat-pozostale","9":"product_cat-reprezentacje","10":"pa_rozmiar-xxs","12":"first","13":"instock","14":"taxable","15":"shipping-taxable","16":"purchasable","17":"product-type-simple","18":"entry","19":"content-bg","20":"loop-entry"},"taxonomy_info":{"product_brand":[{"value":201,"label":"Hummel"}],"product_cat":[{"value":23,"label":"Europa"},{"value":114,"label":"Pozosta\u0142e"},{"value":22,"label":"REPREZENTACJE"}],"pa_rozmiar":[{"value":134,"label":"XXS"}]},"featured_image_src_large":["https:\/\/fts.you2.pl\/wp-content\/uploads\/2025\/09\/Photoroom_066_20250710_202438-1-1024x1024.png",1024,1024,true],"author_info":[],"comment_info":"","_links":{"self":[{"href":"https:\/\/fts.you2.pl\/en\/wp-json\/wp\/v2\/product\/3131","targetHints":{"allow":["GET"]}}],"collection":[{"href":"https:\/\/fts.you2.pl\/en\/wp-json\/wp\/v2\/product"}],"about":[{"href":"https:\/\/fts.you2.pl\/en\/wp-json\/wp\/v2\/types\/product"}],"wp:featuredmedia":[{"embeddable":true,"href":"https:\/\/fts.you2.pl\/en\/wp-json\/wp\/v2\/media\/14666"}],"wp:attachment":[{"href":"https:\/\/fts.you2.pl\/en\/wp-json\/wp\/v2\/media?parent=3131"}],"wp:term":[{"taxonomy":"product_brand","embeddable":true,"href":"https:\/\/fts.you2.pl\/en\/wp-json\/wp\/v2\/product_brand?post=3131"},{"taxonomy":"product_cat","embeddable":true,"href":"https:\/\/fts.you2.pl\/en\/wp-json\/wp\/v2\/product_cat?post=3131"},{"taxonomy":"product_tag","embeddable":true,"href":"https:\/\/fts.you2.pl\/en\/wp-json\/wp\/v2\/product_tag?post=3131"}],"curies":[{"name":"wp","href":"https:\/\/api.w.org\/{rel}","templated":true}]}}