{"id":3135,"date":"2025-07-20T15:51:03","date_gmt":"2025-07-20T13:51:03","guid":{"rendered":"https:\/\/fts.you2.pl\/index.php\/produkt\/bluza-rozpinana-brazylia-2004-06-l\/"},"modified":"2025-09-19T17:03:37","modified_gmt":"2025-09-19T15:03:37","slug":"bluza-rozpinana-brazylia-2004-06-l","status":"publish","type":"product","link":"https:\/\/fts.you2.pl\/en\/bluza-rozpinana-brazylia-2004-06-l\/","title":{"rendered":"Bluza rozpinana Brazylia 2004\/06 [L]"},"content":{"rendered":"<p><strong>Klub:<\/strong> Brazylia<\/p>\n<p><strong>Sezon:<\/strong> 2004\/06<\/p>\n<p><strong>Rozmiar: <\/strong>L<\/p>\n<p><strong>Stan:<\/strong> Doskona\u0142y<\/p>\n<p><strong>Wymiary (szeroko\u015b\u0107 pod pachami\/d\u0142ugo\u015b\u0107) w cm: <\/strong>53\/68<\/p>","protected":false},"excerpt":{"rendered":"<p data-start=\"62\" data-end=\"465\">tylowa <strong data-start=\"70\" data-end=\"98\">bluza Brazylii z zamkiem<\/strong> z lat 2004\u20132006 to idealny dodatek dla fan\u00f3w <em data-start=\"144\" data-end=\"156\">Canarinhos<\/em>. Wyprodukowana przez <strong data-start=\"178\" data-end=\"186\">Nike<\/strong>, \u0142\u0105czy klasyczny \u017c\u00f3\u0142to-zielony design z wygodnym, sportowym krojem. To w\u0142a\u015bnie w takich bluzach gwiazdy pokroju <strong data-start=\"299\" data-end=\"331\">Ronaldinho, Ronaldo czy Kak\u00e1<\/strong> przygotowywa\u0142y si\u0119 do mecz\u00f3w podczas triumfalnych lat, gdy Brazylia zdobywa\u0142a <strong data-start=\"410\" data-end=\"431\">Copa Am\u00e9rica 2004<\/strong> i <strong data-start=\"434\" data-end=\"462\">Puchar Konfederacji 2005<\/strong>.<\/p>\n<p data-start=\"467\" data-end=\"631\">Wysokiej jako\u015bci materia\u0142, charakterystyczny herb CBF oraz subtelne logo Nike sprawiaj\u0105, \u017ce to \u015bwietny element zar\u00f3wno do kolekcji, jak i do codziennego noszenia.<\/p>","protected":false},"featured_media":14706,"template":"","meta":{"_kad_blocks_custom_css":"","_kad_blocks_head_custom_js":"","_kad_blocks_body_custom_js":"","_kad_blocks_footer_custom_js":"","_kad_post_transparent":"","_kad_post_title":"","_kad_post_layout":"","_kad_post_sidebar_id":"","_kad_post_content_style":"","_kad_post_vertical_padding":"","_kad_post_feature":"","_kad_post_feature_position":"","_kad_post_header":false,"_kad_post_footer":false},"product_brand":[55],"product_cat":[77,78,25,26,22],"product_tag":[],"class_list":{"0":"post-3135","1":"product","2":"type-product","3":"status-publish","4":"has-post-thumbnail","6":"product_brand-nike","7":"product_cat-ameryka-poludniowa-reprezentacje","8":"product_cat-brazylia","9":"product_cat-inne","10":"product_cat-kurtki-bluzy-trening","11":"product_cat-reprezentacje","12":"pa_rozmiar-l","14":"first","15":"instock","16":"taxable","17":"shipping-taxable","18":"purchasable","19":"product-type-simple","20":"entry","21":"content-bg","22":"loop-entry"},"taxonomy_info":{"product_brand":[{"value":55,"label":"Nike"}],"product_cat":[{"value":77,"label":"Ameryka Po\u0142udniowa"},{"value":78,"label":"Brazylia"},{"value":25,"label":"Inne"},{"value":26,"label":"Kurtki\/bluzy\/trening"},{"value":22,"label":"REPREZENTACJE"}],"pa_rozmiar":[{"value":39,"label":"L"}]},"featured_image_src_large":["https:\/\/fts.you2.pl\/wp-content\/uploads\/2025\/09\/Photoroom_030_20250716_163200-1024x1024.png",1024,1024,true],"author_info":[],"comment_info":"","_links":{"self":[{"href":"https:\/\/fts.you2.pl\/en\/wp-json\/wp\/v2\/product\/3135","targetHints":{"allow":["GET"]}}],"collection":[{"href":"https:\/\/fts.you2.pl\/en\/wp-json\/wp\/v2\/product"}],"about":[{"href":"https:\/\/fts.you2.pl\/en\/wp-json\/wp\/v2\/types\/product"}],"wp:featuredmedia":[{"embeddable":true,"href":"https:\/\/fts.you2.pl\/en\/wp-json\/wp\/v2\/media\/14706"}],"wp:attachment":[{"href":"https:\/\/fts.you2.pl\/en\/wp-json\/wp\/v2\/media?parent=3135"}],"wp:term":[{"taxonomy":"product_brand","embeddable":true,"href":"https:\/\/fts.you2.pl\/en\/wp-json\/wp\/v2\/product_brand?post=3135"},{"taxonomy":"product_cat","embeddable":true,"href":"https:\/\/fts.you2.pl\/en\/wp-json\/wp\/v2\/product_cat?post=3135"},{"taxonomy":"product_tag","embeddable":true,"href":"https:\/\/fts.you2.pl\/en\/wp-json\/wp\/v2\/product_tag?post=3135"}],"curies":[{"name":"wp","href":"https:\/\/api.w.org\/{rel}","templated":true}]}}