{"id":3138,"date":"2025-07-20T15:51:01","date_gmt":"2025-07-20T13:51:01","guid":{"rendered":"https:\/\/fts.you2.pl\/index.php\/produkt\/bluza-fc-barcelona-2011-12-s\/"},"modified":"2025-09-19T17:04:56","modified_gmt":"2025-09-19T15:04:56","slug":"bluza-fc-barcelona-2011-12-s","status":"publish","type":"product","link":"https:\/\/fts.you2.pl\/en\/bluza-fc-barcelona-2011-12-s\/","title":{"rendered":"Bluza FC Barcelona 2011\/12 [S]"},"content":{"rendered":"<p><strong>Klub:<\/strong> FC Barcelona<\/p>\n<p><strong>Sezon:<\/strong> 2011\/12<\/p>\n<p><strong>Rozmiar: <\/strong>S<\/p>\n<p><strong>Stan:<\/strong> Bardzo dobry<\/p>\n<p><strong>Wymiary (szeroko\u015b\u0107 pod pachami\/d\u0142ugo\u015b\u0107) w cm: <\/strong>53\/64<\/p>","protected":false},"excerpt":{"rendered":"<p data-start=\"0\" data-end=\"85\"><strong data-start=\"0\" data-end=\"83\">Granatowa bluza FC Barcelony Nike 2011\/12 \u2013 styl i wygoda dla kibic\u00f3w Blaugrany<\/strong><\/p>\n<p data-start=\"87\" data-end=\"417\">Stylowa, <strong data-start=\"96\" data-end=\"156\">granatowa bluza bawe\u0142niana FC Barcelony z sezonu 2011\/12<\/strong>, produkcji <strong data-start=\"168\" data-end=\"176\">Nike<\/strong>, to idealny wyb\u00f3r dla ka\u017cdego fana katalo\u0144skiego klubu. Na froncie znajduje si\u0119 subtelny napis <strong data-start=\"272\" data-end=\"310\">\u201cBar\u00e7a\u201d w \u017c\u00f3\u0142to-czerwonych barwach<\/strong>, nawi\u0105zuj\u0105cych do katalo\u0144skiej flagi, a u do\u0142u starannie wyszyty herb klubu podkre\u015blaj\u0105cy autentyczno\u015b\u0107.<\/p>\n<p data-start=\"419\" data-end=\"663\">Wykonana z mi\u0119kkiej, wysokiej jako\u015bci bawe\u0142ny, gwarantuje komfort i casualowy wygl\u0105d zar\u00f3wno na stadionie, jak i na co dzie\u0144. To minimalistyczny, a zarazem elegancki element garderoby, kt\u00f3ry pokazuje dum\u0119 z bycia cz\u0119\u015bci\u0105 rodziny FC Barcelony.<\/p>","protected":false},"featured_media":14734,"template":"","meta":{"_kad_blocks_custom_css":"","_kad_blocks_head_custom_js":"","_kad_blocks_body_custom_js":"","_kad_blocks_footer_custom_js":"","_kad_post_transparent":"","_kad_post_title":"","_kad_post_layout":"","_kad_post_sidebar_id":"","_kad_post_content_style":"","_kad_post_vertical_padding":"","_kad_post_feature":"","_kad_post_feature_position":"","_kad_post_header":false,"_kad_post_footer":false},"product_brand":[55],"product_cat":[248,25,31,87,26],"product_tag":[],"class_list":{"0":"post-3138","1":"product","2":"type-product","3":"status-publish","4":"has-post-thumbnail","6":"product_brand-nike","7":"product_cat-fc-barcelona","8":"product_cat-inne","9":"product_cat-kluby-europejskie","10":"product_cat-kluby-hiszpanskie","11":"product_cat-kurtki-bluzy-trening","12":"pa_rozmiar-s","14":"first","15":"instock","16":"taxable","17":"shipping-taxable","18":"purchasable","19":"product-type-simple","20":"entry","21":"content-bg","22":"loop-entry"},"taxonomy_info":{"product_brand":[{"value":55,"label":"Nike"}],"product_cat":[{"value":248,"label":"FC Barcelona"},{"value":25,"label":"Inne"},{"value":31,"label":"Kluby Europejskie"},{"value":87,"label":"Kluby Hiszpa\u0144skie"},{"value":26,"label":"Kurtki\/bluzy\/trening"}],"pa_rozmiar":[{"value":19,"label":"S"}]},"featured_image_src_large":["https:\/\/fts.you2.pl\/wp-content\/uploads\/2025\/09\/Photoroom_016_20250716_163200-1024x1024.png",1024,1024,true],"author_info":[],"comment_info":"","_links":{"self":[{"href":"https:\/\/fts.you2.pl\/en\/wp-json\/wp\/v2\/product\/3138","targetHints":{"allow":["GET"]}}],"collection":[{"href":"https:\/\/fts.you2.pl\/en\/wp-json\/wp\/v2\/product"}],"about":[{"href":"https:\/\/fts.you2.pl\/en\/wp-json\/wp\/v2\/types\/product"}],"wp:featuredmedia":[{"embeddable":true,"href":"https:\/\/fts.you2.pl\/en\/wp-json\/wp\/v2\/media\/14734"}],"wp:attachment":[{"href":"https:\/\/fts.you2.pl\/en\/wp-json\/wp\/v2\/media?parent=3138"}],"wp:term":[{"taxonomy":"product_brand","embeddable":true,"href":"https:\/\/fts.you2.pl\/en\/wp-json\/wp\/v2\/product_brand?post=3138"},{"taxonomy":"product_cat","embeddable":true,"href":"https:\/\/fts.you2.pl\/en\/wp-json\/wp\/v2\/product_cat?post=3138"},{"taxonomy":"product_tag","embeddable":true,"href":"https:\/\/fts.you2.pl\/en\/wp-json\/wp\/v2\/product_tag?post=3138"}],"curies":[{"name":"wp","href":"https:\/\/api.w.org\/{rel}","templated":true}]}}