{"id":3139,"date":"2025-07-20T15:51:00","date_gmt":"2025-07-20T13:51:00","guid":{"rendered":"https:\/\/fts.you2.pl\/index.php\/produkt\/koszulka-pilkarska-fc-bayern-monachium-2001-02-home-14-pizarro-xl\/"},"modified":"2025-09-19T17:05:23","modified_gmt":"2025-09-19T15:05:23","slug":"koszulka-pilkarska-fc-bayern-monachium-2001-02-home-14-pizarro-xl","status":"publish","type":"product","link":"https:\/\/fts.you2.pl\/en\/koszulka-pilkarska-fc-bayern-monachium-2001-02-home-14-pizarro-xl\/","title":{"rendered":"Koszulka pi\u0142karska FC Bayern Monachium 2001\/02 Home 14 Pizarro [XL]"},"content":{"rendered":"<p><strong>Klub:<\/strong> Koszulka pi\u0142karska FC Bayern Monachium<\/p>\n<p><strong>Sezon:<\/strong> 2001\/02 Home<\/p>\n<p><strong>Rozmiar: <\/strong>XL<\/p>\n<p><strong>Stan:<\/strong> Zadowalaj\u0105cy &#8211; znaczna ilo\u015b\u0107 niewielkich zaci\u0105gni\u0119\u0107 oraz defekt nadruku sponsora na froncie, mianowicie klei si\u0119 (zdj\u0119cia nie s\u0105 tego w stanie odda\u0107 w pe\u0142ni)<\/p>\n<p><strong>Wymiary (szeroko\u015b\u0107 pod pachami\/d\u0142ugo\u015b\u0107) w cm: <\/strong>59\/74(prz\u00f3d), 79(ty\u0142)<\/p>","protected":false},"excerpt":{"rendered":"<p data-start=\"0\" data-end=\"118\"><strong data-start=\"0\" data-end=\"116\">Oryginalna domowa koszulka Bayernu Monachium z sezonu 2001\/02 \u2013 Adidas, z nadrukiem Pizarro i patchem Bundesligi<\/strong><\/p>\n<p data-start=\"120\" data-end=\"498\">Ta <strong data-start=\"123\" data-end=\"191\">oryginalna koszulka pi\u0142karska Bayernu Monachium z sezonu 2001\/02<\/strong> to prawdziwy klasyk pocz\u0105tku XXI wieku, kiedy bawarski gigant dominowa\u0142 na krajowych boiskach. Wykonana przez <strong data-start=\"302\" data-end=\"313\">Adidasa<\/strong>, utrzymana w tradycyjnej, czerwonej kolorystyce z szarymi detalami, idealnie oddaje charakter tamtej epoki \u2013 prosty, ale elegancki design, kt\u00f3ry by\u0142 symbolem mocy i presti\u017cu Bayernu.<\/p>\n<p data-start=\"500\" data-end=\"919\">Na r\u0119kawku znajduje si\u0119 <strong data-start=\"524\" data-end=\"555\">oryginalny patch Bundesligi<\/strong>, podkre\u015blaj\u0105cy autentyczno\u015b\u0107 tej koszulki. Na plecach widnieje <strong data-start=\"626\" data-end=\"680\">nadruk Claudio Pizarro \u2013 peruwia\u0144skiego napastnika<\/strong>, kt\u00f3ry w sezonie 2001\/02 do\u0142\u0105czy\u0142 do Bayernu i szybko sta\u0142 si\u0119 jednym z ulubie\u0144c\u00f3w kibic\u00f3w. Pizarro, znany ze swojej skuteczno\u015bci, techniki i instynktu strzeleckiego, odegra\u0142 wa\u017cn\u0105 rol\u0119 w ofensywie monachijskiego klubu w tamtym okresie.<\/p>\n<p data-start=\"921\" data-end=\"1325\">Koszulka zosta\u0142a wykonana z materia\u0142\u00f3w zapewniaj\u0105cych wygod\u0119 i oddychalno\u015b\u0107, a charakterystyczne detale, takie jak klasyczny ko\u0142nierzyk czy kultowe paski Adidasa na ramionach, sprawiaj\u0105, \u017ce to model wyj\u0105tkowo ceniony przez kolekcjoner\u00f3w. Sezon 2001\/02 by\u0142 okresem, w kt\u00f3rym Bayern wci\u0105\u017c pozostawa\u0142 jednym z najmocniejszych klub\u00f3w Europy, broni\u0105c swojej pozycji w <strong>Bundeslidze<\/strong> i walcz\u0105c w <strong>Lidze Mistrz\u00f3w<\/strong>.<\/p>\n<p data-start=\"1327\" data-end=\"1524\">To doskona\u0142y wyb\u00f3r dla kolekcjoner\u00f3w i kibic\u00f3w, kt\u00f3rzy ceni\u0105 <strong data-start=\"1388\" data-end=\"1411\">koszulki z histori\u0105<\/strong> oraz chc\u0105 mie\u0107 w swojej kolekcji pami\u0105tk\u0119 z czas\u00f3w, kiedy Claudio Pizarro wkracza\u0142 do grona legend Bundesligi.<\/p>","protected":false},"featured_media":14739,"template":"","meta":{"_kad_blocks_custom_css":"","_kad_blocks_head_custom_js":"","_kad_blocks_body_custom_js":"","_kad_blocks_footer_custom_js":"","_kad_post_transparent":"","_kad_post_title":"","_kad_post_layout":"","_kad_post_sidebar_id":"","_kad_post_content_style":"","_kad_post_vertical_padding":"","_kad_post_feature":"","_kad_post_feature_position":"","_kad_post_header":false,"_kad_post_footer":false},"product_brand":[45],"product_cat":[15],"product_tag":[],"class_list":{"0":"post-3139","1":"product","2":"type-product","3":"status-publish","4":"has-post-thumbnail","6":"product_brand-adidas","7":"product_cat-bez-kategorii","8":"pa_rozmiar-xl","10":"first","11":"instock","12":"taxable","13":"shipping-taxable","14":"purchasable","15":"product-type-simple","16":"entry","17":"content-bg","18":"loop-entry"},"taxonomy_info":{"product_brand":[{"value":45,"label":"Adidas"}],"product_cat":[{"value":15,"label":"Bez kategorii"}],"pa_rozmiar":[{"value":57,"label":"XL"}]},"featured_image_src_large":["https:\/\/fts.you2.pl\/wp-content\/uploads\/2025\/09\/Photoroom_011_20250716_163200-1024x1024.png",1024,1024,true],"author_info":[],"comment_info":"","_links":{"self":[{"href":"https:\/\/fts.you2.pl\/en\/wp-json\/wp\/v2\/product\/3139","targetHints":{"allow":["GET"]}}],"collection":[{"href":"https:\/\/fts.you2.pl\/en\/wp-json\/wp\/v2\/product"}],"about":[{"href":"https:\/\/fts.you2.pl\/en\/wp-json\/wp\/v2\/types\/product"}],"wp:featuredmedia":[{"embeddable":true,"href":"https:\/\/fts.you2.pl\/en\/wp-json\/wp\/v2\/media\/14739"}],"wp:attachment":[{"href":"https:\/\/fts.you2.pl\/en\/wp-json\/wp\/v2\/media?parent=3139"}],"wp:term":[{"taxonomy":"product_brand","embeddable":true,"href":"https:\/\/fts.you2.pl\/en\/wp-json\/wp\/v2\/product_brand?post=3139"},{"taxonomy":"product_cat","embeddable":true,"href":"https:\/\/fts.you2.pl\/en\/wp-json\/wp\/v2\/product_cat?post=3139"},{"taxonomy":"product_tag","embeddable":true,"href":"https:\/\/fts.you2.pl\/en\/wp-json\/wp\/v2\/product_tag?post=3139"}],"curies":[{"name":"wp","href":"https:\/\/api.w.org\/{rel}","templated":true}]}}