{"id":3140,"date":"2025-07-20T15:50:59","date_gmt":"2025-07-20T13:50:59","guid":{"rendered":"https:\/\/fts.you2.pl\/index.php\/produkt\/koszulka-pilkarska-feyenoord-rotterdam-2002-03-away-xl\/"},"modified":"2025-09-19T17:05:51","modified_gmt":"2025-09-19T15:05:51","slug":"koszulka-pilkarska-feyenoord-rotterdam-2002-03-away-xl","status":"publish","type":"product","link":"https:\/\/fts.you2.pl\/en\/koszulka-pilkarska-feyenoord-rotterdam-2002-03-away-xl\/","title":{"rendered":"Koszulka pi\u0142karska Feyenoord Rotterdam 2002\/03 Away [XL]"},"content":{"rendered":"<p><strong>Klub:<\/strong> Koszulka pi\u0142karska Feyenoord Rotterdam<\/p>\n<p><strong>Sezon:<\/strong> 2002\/03 Away<\/p>\n<p><strong>Rozmiar: <\/strong>XL<\/p>\n<p><strong>Stan:<\/strong> Bardzo dobry &#8211; kilka mikro zaci\u0105gni\u0119\u0107.<\/p>\n<p><strong>Wymiary (szeroko\u015b\u0107 pod pachami\/d\u0142ugo\u015b\u0107) w cm: <\/strong>58\/76<\/p>","protected":false},"excerpt":{"rendered":"<p data-start=\"0\" data-end=\"81\"><strong data-start=\"0\" data-end=\"79\">Oryginalna wyjazdowa koszulka Feyenoordu Rotterdam z sezonu 2002\/03 \u2013 Kappa.<\/strong><\/p>\n<p data-start=\"83\" data-end=\"489\">Ta <strong data-start=\"86\" data-end=\"157\">oryginalna wyjazdowa koszulka Feyenoordu Rotterdam z sezonu 2002\/03<\/strong>, produkcji renomowanej w\u0142oskiej marki <strong data-start=\"196\" data-end=\"205\">Kappa<\/strong>, to wyj\u0105tkowy model dla ka\u017cdego fana holenderskiego futbolu. Utrzymana w charakterystycznej <strong data-start=\"298\" data-end=\"359\">zielonej kolorystyce z eleganckimi kontrastowymi detalami<\/strong>, wyr\u00f3\u017cnia\u0142a si\u0119 na tle tradycyjnych barw klubu.<\/p>\n<p data-start=\"491\" data-end=\"882\">Kappa w tym okresie s\u0142yn\u0119\u0142a z zastosowania <strong data-start=\"534\" data-end=\"572\">innowacyjnej technologii tight-fit<\/strong>, co sprawia\u0142o, \u017ce koszulki by\u0142y lekko elastyczne, idealnie dopasowane do cia\u0142a i bardzo wygodne w trakcie gry. Na froncie widnieje klasyczny <strong data-start=\"714\" data-end=\"743\">herb Feyenoordu Rotterdam<\/strong>, logo Kappy oraz historyczny sponsor z tamtych lat, kt\u00f3re razem tworz\u0105 klimatyczny design przypominaj\u0105cy z\u0142ote czasy pocz\u0105tku XXI wieku.<\/p>\n<p data-start=\"884\" data-end=\"1128\">Sezon 2002\/03 to dla Feyenoordu czas walki o najwy\u017csze cele w lidze i europejskich pucharach, z takimi pi\u0142karzami w sk\u0142adzie jak <strong data-start=\"1013\" data-end=\"1072\">Pierre van Hooijdonk, Robin van Persie czy Paul Bosvelt<\/strong>, kt\u00f3rzy przyci\u0105gali kibic\u00f3w efektown\u0105 gr\u0105 i bramkami.<\/p>\n<p data-start=\"1130\" data-end=\"1417\">Ta koszulka to doskona\u0142y wyb\u00f3r dla <strong data-start=\"1165\" data-end=\"1205\">kolekcjoner\u00f3w rzadkich stroj\u00f3w Kappy<\/strong>, a tak\u017ce dla ka\u017cdego, kto ceni sobie <strong data-start=\"1243\" data-end=\"1285\">unikalne wyjazdowe koszulki Feyenoordu<\/strong> z pocz\u0105tku lat 2000. \u015awietnie sprawdzi si\u0119 zar\u00f3wno jako pami\u0105tka historyczna, jak i wyj\u0105tkowy element garderoby prawdziwego fana.<\/p>","protected":false},"featured_media":14750,"template":"","meta":{"_kad_blocks_custom_css":"","_kad_blocks_head_custom_js":"","_kad_blocks_body_custom_js":"","_kad_blocks_footer_custom_js":"","_kad_post_transparent":"","_kad_post_title":"","_kad_post_layout":"","_kad_post_sidebar_id":"","_kad_post_content_style":"","_kad_post_vertical_padding":"","_kad_post_feature":"","_kad_post_feature_position":"","_kad_post_header":false,"_kad_post_footer":false},"product_brand":[35],"product_cat":[107,31,50],"product_tag":[],"class_list":{"0":"post-3140","1":"product","2":"type-product","3":"status-publish","4":"has-post-thumbnail","6":"product_brand-kappa","7":"product_cat-belgia-i-holandia","8":"product_cat-kluby-europejskie","9":"product_cat-kluby-europejskie-kluby-europejskie","10":"pa_rozmiar-xl","12":"first","13":"instock","14":"taxable","15":"shipping-taxable","16":"purchasable","17":"product-type-simple","18":"entry","19":"content-bg","20":"loop-entry"},"taxonomy_info":{"product_brand":[{"value":35,"label":"Kappa"}],"product_cat":[{"value":107,"label":"Belgia i Holandia"},{"value":31,"label":"Kluby Europejskie"},{"value":50,"label":"Kluby Europejskie"}],"pa_rozmiar":[{"value":57,"label":"XL"}]},"featured_image_src_large":["https:\/\/fts.you2.pl\/wp-content\/uploads\/2025\/09\/Photoroom_014_20250716_163200-1024x1024.png",1024,1024,true],"author_info":[],"comment_info":"","_links":{"self":[{"href":"https:\/\/fts.you2.pl\/en\/wp-json\/wp\/v2\/product\/3140","targetHints":{"allow":["GET"]}}],"collection":[{"href":"https:\/\/fts.you2.pl\/en\/wp-json\/wp\/v2\/product"}],"about":[{"href":"https:\/\/fts.you2.pl\/en\/wp-json\/wp\/v2\/types\/product"}],"wp:featuredmedia":[{"embeddable":true,"href":"https:\/\/fts.you2.pl\/en\/wp-json\/wp\/v2\/media\/14750"}],"wp:attachment":[{"href":"https:\/\/fts.you2.pl\/en\/wp-json\/wp\/v2\/media?parent=3140"}],"wp:term":[{"taxonomy":"product_brand","embeddable":true,"href":"https:\/\/fts.you2.pl\/en\/wp-json\/wp\/v2\/product_brand?post=3140"},{"taxonomy":"product_cat","embeddable":true,"href":"https:\/\/fts.you2.pl\/en\/wp-json\/wp\/v2\/product_cat?post=3140"},{"taxonomy":"product_tag","embeddable":true,"href":"https:\/\/fts.you2.pl\/en\/wp-json\/wp\/v2\/product_tag?post=3140"}],"curies":[{"name":"wp","href":"https:\/\/api.w.org\/{rel}","templated":true}]}}