{"id":3141,"date":"2025-07-20T15:50:59","date_gmt":"2025-07-20T13:50:59","guid":{"rendered":"https:\/\/fts.you2.pl\/index.php\/produkt\/bluza-rozpinana-francja-2014-16-m\/"},"modified":"2025-09-19T17:06:15","modified_gmt":"2025-09-19T15:06:15","slug":"bluza-rozpinana-francja-2014-16-m","status":"publish","type":"product","link":"https:\/\/fts.you2.pl\/en\/bluza-rozpinana-francja-2014-16-m\/","title":{"rendered":"Bluza rozpinana Francja 2014\/16 [M]"},"content":{"rendered":"<p><strong>Klub:<\/strong> Francja<\/p>\n<p><strong>Sezon:<\/strong> 2014\/16<\/p>\n<p><strong>Rozmiar: <\/strong>M<\/p>\n<p><strong>Stan:<\/strong> Doskona\u0142y<\/p>\n<p><strong>Wymiary (szeroko\u015b\u0107 pod pachami\/d\u0142ugo\u015b\u0107) w cm: <\/strong>55\/69<\/p>","protected":false},"excerpt":{"rendered":"<p data-start=\"79\" data-end=\"562\"><strong>Oryginalna rozpinana bluza reprezentacji Francji z lat 2014\u20132016 \u2013 Nike.<\/strong><\/p>\n<p data-start=\"79\" data-end=\"562\">Ta <strong data-start=\"82\" data-end=\"148\">oryginalna rozpinana bluza reprezentacji Francji z lat 2014-16<\/strong> to idealny wyb\u00f3r dla fan\u00f3w Tr\u00f3jkolorowych oraz kolekcjoner\u00f3w odzie\u017cy sportowej najwy\u017cszej jako\u015bci. Wykonana przez <strong data-start=\"263\" data-end=\"271\">Nike<\/strong>, oficjalnego dostawc\u0119 sprz\u0119tu dla francuskiej kadry, utrzymana jest w eleganckiej <strong data-start=\"354\" data-end=\"379\">czerwonej kolorystyce<\/strong> z subtelnymi akcentami w narodowych barwach Francji. Na piersi dumnie prezentuje si\u0119 <strong data-start=\"465\" data-end=\"523\">herb z charakterystycznym kogutem \u2013 symbolem Les Bleus<\/strong>, a obok niego wyhaftowane logo Nike.<\/p>\n<p data-start=\"564\" data-end=\"967\">Bluza jest w pe\u0142ni <strong data-start=\"583\" data-end=\"605\">rozpinana na zamek<\/strong>, co zapewnia wygod\u0119 i funkcjonalno\u015b\u0107 zar\u00f3wno na co dzie\u0144, jak i podczas treningu. Mi\u0119kka, wysokiej jako\u015bci dzianina gwarantuje komfort noszenia, a lekko dopasowany kr\u00f3j nadaje sportowy, ale jednocze\u015bnie stylowy wygl\u0105d. Elastyczne mankiety i d\u00f3\u0142 bluzy dbaj\u0105 o idealne dopasowanie, a dwie boczne kieszenie pozwalaj\u0105 przechowywa\u0107 drobne rzeczy lub ogrza\u0107 d\u0142onie.<\/p>\n<p data-start=\"969\" data-end=\"1258\">W latach 2014\u20132016 reprezentacja Francji wyst\u0119powa\u0142a w tej linii odzie\u017cy m.in. podczas <strong data-start=\"1056\" data-end=\"1115\">Mistrzostw Europy 2016, rozgrywanych na w\u0142asnym terenie<\/strong>, gdzie dru\u017cyna Didiera Deschampsa dotar\u0142a a\u017c do fina\u0142u, zachwycaj\u0105c gr\u0105 takich gwiazd jak <strong data-start=\"1206\" data-end=\"1255\">Antoine Griezmann, Paul Pogba czy Hugo Lloris<\/strong>.<\/p>\n<p data-start=\"1260\" data-end=\"1502\">To \u015bwietna pami\u0105tka z tamtego okresu, doskona\u0142a zar\u00f3wno do codziennego noszenia, jak i jako element kolekcji fana <strong data-start=\"1374\" data-end=\"1387\">Les Bleus<\/strong>. Je\u015bli cenisz sobie <strong data-start=\"1408\" data-end=\"1455\">oryginalne bluzy Nike reprezentacji Francji<\/strong>, ta propozycja b\u0119dzie strza\u0142em w dziesi\u0105tk\u0119.<\/p>","protected":false},"featured_media":14759,"template":"","meta":{"_kad_blocks_custom_css":"","_kad_blocks_head_custom_js":"","_kad_blocks_body_custom_js":"","_kad_blocks_footer_custom_js":"","_kad_post_transparent":"","_kad_post_title":"","_kad_post_layout":"","_kad_post_sidebar_id":"","_kad_post_content_style":"","_kad_post_vertical_padding":"","_kad_post_feature":"","_kad_post_feature_position":"","_kad_post_header":false,"_kad_post_footer":false},"product_brand":[55],"product_cat":[23,267,25,26,22],"product_tag":[],"class_list":{"0":"post-3141","1":"product","2":"type-product","3":"status-publish","4":"has-post-thumbnail","6":"product_brand-nike","7":"product_cat-europa","8":"product_cat-francja","9":"product_cat-inne","10":"product_cat-kurtki-bluzy-trening","11":"product_cat-reprezentacje","12":"pa_rozmiar-m","14":"first","15":"instock","16":"taxable","17":"shipping-taxable","18":"purchasable","19":"product-type-simple","20":"entry","21":"content-bg","22":"loop-entry"},"taxonomy_info":{"product_brand":[{"value":55,"label":"Nike"}],"product_cat":[{"value":23,"label":"Europa"},{"value":267,"label":"Francja"},{"value":25,"label":"Inne"},{"value":26,"label":"Kurtki\/bluzy\/trening"},{"value":22,"label":"REPREZENTACJE"}],"pa_rozmiar":[{"value":28,"label":"M"}]},"featured_image_src_large":["https:\/\/fts.you2.pl\/wp-content\/uploads\/2025\/09\/Photoroom_012_20250716_163200-1024x1024.png",1024,1024,true],"author_info":[],"comment_info":"","_links":{"self":[{"href":"https:\/\/fts.you2.pl\/en\/wp-json\/wp\/v2\/product\/3141","targetHints":{"allow":["GET"]}}],"collection":[{"href":"https:\/\/fts.you2.pl\/en\/wp-json\/wp\/v2\/product"}],"about":[{"href":"https:\/\/fts.you2.pl\/en\/wp-json\/wp\/v2\/types\/product"}],"wp:featuredmedia":[{"embeddable":true,"href":"https:\/\/fts.you2.pl\/en\/wp-json\/wp\/v2\/media\/14759"}],"wp:attachment":[{"href":"https:\/\/fts.you2.pl\/en\/wp-json\/wp\/v2\/media?parent=3141"}],"wp:term":[{"taxonomy":"product_brand","embeddable":true,"href":"https:\/\/fts.you2.pl\/en\/wp-json\/wp\/v2\/product_brand?post=3141"},{"taxonomy":"product_cat","embeddable":true,"href":"https:\/\/fts.you2.pl\/en\/wp-json\/wp\/v2\/product_cat?post=3141"},{"taxonomy":"product_tag","embeddable":true,"href":"https:\/\/fts.you2.pl\/en\/wp-json\/wp\/v2\/product_tag?post=3141"}],"curies":[{"name":"wp","href":"https:\/\/api.w.org\/{rel}","templated":true}]}}