{"id":3143,"date":"2025-07-20T15:50:57","date_gmt":"2025-07-20T13:50:57","guid":{"rendered":"https:\/\/fts.you2.pl\/index.php\/produkt\/player-issue-koszulka-pilkarska-juventus-fc-2018-19-home-m\/"},"modified":"2025-09-19T17:07:08","modified_gmt":"2025-09-19T15:07:08","slug":"player-issue-koszulka-pilkarska-juventus-fc-2018-19-home-m","status":"publish","type":"product","link":"https:\/\/fts.you2.pl\/en\/player-issue-koszulka-pilkarska-juventus-fc-2018-19-home-m\/","title":{"rendered":"PLAYER ISSUE Koszulka pi\u0142karska Juventus FC 2018\/19 Home [M]"},"content":{"rendered":"<p><strong>Klub:<\/strong> Koszulka pi\u0142karska Juventus FC<\/p>\n<p><strong>Sezon:<\/strong> 2018\/19 Home<\/p>\n<p><strong>Rozmiar: <\/strong>M<\/p>\n<p><strong>Stan:<\/strong> Doskona\u0142y<\/p>\n<p><strong>Wymiary (szeroko\u015b\u0107 pod pachami\/d\u0142ugo\u015b\u0107) w cm: <\/strong>51\/76<\/p>","protected":false},"excerpt":{"rendered":"<p data-start=\"0\" data-end=\"87\"><strong data-start=\"0\" data-end=\"85\">Oryginalna domowa koszulka pi\u0142karska Juventusu z sezonu 2018\/19 \u2013 wersja meczowa Climachill.<\/strong><\/p>\n<p data-start=\"89\" data-end=\"593\">Ta <strong data-start=\"92\" data-end=\"149\">oryginalna domowa koszulka pi\u0142karska Juventusu z sezonu 2018\/19<\/strong> to wyj\u0105tkowy model, kt\u00f3ry zapisa\u0142 si\u0119 w historii klubu jako pocz\u0105tek nowej ery. Wyprodukowana przez <strong data-start=\"250\" data-end=\"261\">Adidasa<\/strong> w <strong data-start=\"264\" data-end=\"294\">wersji meczowej Climachill<\/strong>, oferuje najwy\u017cszy poziom technologii \u2013 ultralekki, przewiewny materia\u0142 o specjalnej strukturze z mikrootworkami i ch\u0142odz\u0105cymi w\u0142\u00f3knami zapewnia maksymalny komfort oraz odprowadzanie wilgoci nawet w najbardziej wymagaj\u0105cych warunkach. To dok\u0142adnie taki sam model, jaki nosili zawodnicy na boisku.<\/p>\n<p data-start=\"595\" data-end=\"1048\">Projekt nawi\u0105zuje do klasyki \u2013 <strong data-start=\"626\" data-end=\"657\">ikoniczne bia\u0142o-czarne pasy<\/strong> zosta\u0142y uproszczone do dw\u00f3ch szerokich blok\u00f3w kolorystycznych, z wyra\u017anym bia\u0142ym panelem po\u015brodku, co nada\u0142o koszulce nowoczesnego charakteru. Na piersi znalaz\u0142o si\u0119 naklejane <strong data-start=\"834\" data-end=\"852\">logo Juventusu<\/strong> w minimalistycznej, zrebrandowanej formie oraz bia\u0142e logo Adidasa.<\/p>\n<p data-start=\"1050\" data-end=\"1550\">Sezon 2018\/19 by\u0142 szczeg\u00f3lny \u2013 to <strong data-start=\"1084\" data-end=\"1131\">pierwszy rok Cristiano Ronaldo w Juventusie<\/strong>, kiedy portugalska supergwiazda do\u0142\u0105czy\u0142a do \u201eStarej Damy\u201d, natychmiast staj\u0105c si\u0119 liderem zespo\u0142u. W tej koszulce Juventus zdoby\u0142 <strong data-start=\"1263\" data-end=\"1299\">\u00f3smy z rz\u0119du tytu\u0142 mistrza W\u0142och<\/strong>, a Ronaldo poprowadzi\u0142 dru\u017cyn\u0119 do wielu kluczowych zwyci\u0119stw, w tym spektakularnego hat-tricka przeciwko Atl\u00e9tico Madryt w Lidze Mistrz\u00f3w. Opr\u00f3cz CR7, barwy Juve w tym sezonie reprezentowali tak\u017ce<strong> Paulo Dybala, Giorgio Chiellini<\/strong> czy<strong> Miralem Pjani\u0107<\/strong>.<\/p>\n<p data-start=\"1552\" data-end=\"1895\">Ta koszulka to co\u015b wi\u0119cej ni\u017c trykot \u2013 to symbol <strong data-start=\"1601\" data-end=\"1642\">nowego rozdzia\u0142u w historii Juventusu<\/strong>, po\u0142\u0105czenia tradycji z nowoczesno\u015bci\u0105 i globalnym wizerunkiem, jaki przyni\u00f3s\u0142 transfer Ronaldo. Idealna dla kolekcjoner\u00f3w, kt\u00f3rzy chc\u0105 mie\u0107 w swoich zbiorach <strong data-start=\"1801\" data-end=\"1842\">wa\u017cny element historii \u201eBianconerich\u201d<\/strong> w wersji meczowej, jak\u0105 nosili pi\u0142karze na boisku.<\/p>","protected":false},"featured_media":14778,"template":"","meta":{"_kad_blocks_custom_css":"","_kad_blocks_head_custom_js":"","_kad_blocks_body_custom_js":"","_kad_blocks_footer_custom_js":"","_kad_post_transparent":"","_kad_post_title":"","_kad_post_layout":"","_kad_post_sidebar_id":"","_kad_post_content_style":"","_kad_post_vertical_padding":"","_kad_post_feature":"","_kad_post_feature_position":"","_kad_post_header":false,"_kad_post_footer":false},"product_brand":[45],"product_cat":[118,31,117],"product_tag":[],"class_list":{"0":"post-3143","1":"product","2":"type-product","3":"status-publish","4":"has-post-thumbnail","6":"product_brand-adidas","7":"product_cat-juventus-fc","8":"product_cat-kluby-europejskie","9":"product_cat-kluby-wloskie","10":"pa_rozmiar-m","12":"first","13":"instock","14":"taxable","15":"shipping-taxable","16":"purchasable","17":"product-type-simple","18":"entry","19":"content-bg","20":"loop-entry"},"taxonomy_info":{"product_brand":[{"value":45,"label":"Adidas"}],"product_cat":[{"value":118,"label":"Juventus FC"},{"value":31,"label":"Kluby Europejskie"},{"value":117,"label":"Kluby W\u0142oskie"}],"pa_rozmiar":[{"value":28,"label":"M"}]},"featured_image_src_large":["https:\/\/fts.you2.pl\/wp-content\/uploads\/2025\/09\/Photoroom_008_20250716_163200-1024x1024.png",1024,1024,true],"author_info":[],"comment_info":"","_links":{"self":[{"href":"https:\/\/fts.you2.pl\/en\/wp-json\/wp\/v2\/product\/3143","targetHints":{"allow":["GET"]}}],"collection":[{"href":"https:\/\/fts.you2.pl\/en\/wp-json\/wp\/v2\/product"}],"about":[{"href":"https:\/\/fts.you2.pl\/en\/wp-json\/wp\/v2\/types\/product"}],"wp:featuredmedia":[{"embeddable":true,"href":"https:\/\/fts.you2.pl\/en\/wp-json\/wp\/v2\/media\/14778"}],"wp:attachment":[{"href":"https:\/\/fts.you2.pl\/en\/wp-json\/wp\/v2\/media?parent=3143"}],"wp:term":[{"taxonomy":"product_brand","embeddable":true,"href":"https:\/\/fts.you2.pl\/en\/wp-json\/wp\/v2\/product_brand?post=3143"},{"taxonomy":"product_cat","embeddable":true,"href":"https:\/\/fts.you2.pl\/en\/wp-json\/wp\/v2\/product_cat?post=3143"},{"taxonomy":"product_tag","embeddable":true,"href":"https:\/\/fts.you2.pl\/en\/wp-json\/wp\/v2\/product_tag?post=3143"}],"curies":[{"name":"wp","href":"https:\/\/api.w.org\/{rel}","templated":true}]}}