{"id":3149,"date":"2025-07-27T15:59:37","date_gmt":"2025-07-27T13:59:37","guid":{"rendered":"https:\/\/fts.you2.pl\/index.php\/produkt\/koszulka-pilkarska-anglia-2004-06-away-s\/"},"modified":"2025-09-19T17:09:31","modified_gmt":"2025-09-19T15:09:31","slug":"koszulka-pilkarska-anglia-2004-06-away-s","status":"publish","type":"product","link":"https:\/\/fts.you2.pl\/en\/koszulka-pilkarska-anglia-2004-06-away-s\/","title":{"rendered":"Koszulka pi\u0142karska Anglia 2004\/06 Away [S]"},"content":{"rendered":"<p><strong>Klub: <\/strong>Anglia<\/p>\n<p><strong>Sezon:<\/strong> 2004\/06 Away<\/p>\n<p><strong>Rozmiar: <\/strong>S<\/p>\n<p><strong>Stan:<\/strong> Bardzo dobry &#8211; kilka mikro zaci\u0105gni\u0119\u0107.<\/p>\n<p><strong>Wymiary (szeroko\u015b\u0107 pod pachami\/d\u0142ugo\u015b\u0107) w cm: <\/strong>50\/68<\/p>","protected":false},"excerpt":{"rendered":"<p data-start=\"0\" data-end=\"83\"><strong data-start=\"0\" data-end=\"81\">Wyjazdowa koszulka pi\u0142karska reprezentacji Anglii 2004\/06 Umbro \u2013 oryginalna i kultowa.<\/strong><\/p>\n<p data-start=\"85\" data-end=\"452\">Oryginalna <strong data-start=\"96\" data-end=\"165\">wyjazdowa koszulka pi\u0142karska reprezentacji Anglii z lat 2004-2006<\/strong> to wyj\u0105tkowy model, kt\u00f3ry towarzyszy\u0142 dru\u017cynie Syn\u00f3w Albionu podczas wa\u017cnych mecz\u00f3w eliminacyjnych oraz turniej\u00f3w, w tym <strong data-start=\"287\" data-end=\"313\">Euro 2004 w Portugalii<\/strong>. Wyprodukowana przez renomowan\u0105 mark\u0119 <strong data-start=\"352\" data-end=\"361\">Umbro<\/strong>, stanowi idealne po\u0142\u0105czenie klasycznego stylu i nowoczesnych technologii tamtego okresu.<\/p>\n<p data-start=\"454\" data-end=\"821\">Koszulka w <strong data-start=\"465\" data-end=\"486\">czerwonym kolorze<\/strong>, z charakterystycznym bia\u0142ym ko\u0142nierzykiem i delikatnymi wstawkami, symbolizuje tradycj\u0119 i dum\u0119 angielskiej pi\u0142ki. Na piersi widnieje haftowany <strong data-start=\"631\" data-end=\"655\">herb The Three Lions<\/strong>, a obok niego subtelne logo Umbro, co potwierdza oryginalno\u015b\u0107 produktu. Lekki i przewiewny materia\u0142 gwarantuje komfort noszenia, zar\u00f3wno na boisku, jak i poza nim.<\/p>\n<p data-start=\"823\" data-end=\"1112\">To model ch\u0119tnie wybierany przez kolekcjoner\u00f3w, fan\u00f3w <strong>Wayne\u2019a Rooneya, Davida Beckhama<\/strong> czy <strong>Stevena Gerrarda<\/strong>, kt\u00f3rzy w tym okresie tworzyli z\u0142ot\u0105 generacj\u0119 reprezentacji Anglii. Idealna propozycja dla ka\u017cdego pasjonata pi\u0142ki no\u017cnej, kt\u00f3ry ceni <strong data-start=\"1066\" data-end=\"1109\">unikatowe, historyczne koszulki pi\u0142karskie<\/strong>.<\/p>","protected":false},"featured_media":14825,"template":"","meta":{"_kad_blocks_custom_css":"","_kad_blocks_head_custom_js":"","_kad_blocks_body_custom_js":"","_kad_blocks_footer_custom_js":"","_kad_post_transparent":"","_kad_post_title":"","_kad_post_layout":"","_kad_post_sidebar_id":"","_kad_post_content_style":"","_kad_post_vertical_padding":"","_kad_post_feature":"","_kad_post_feature_position":"","_kad_post_header":false,"_kad_post_footer":false},"product_brand":[21],"product_cat":[15,24,23,22],"product_tag":[],"class_list":{"0":"post-3149","1":"product","2":"type-product","3":"status-publish","4":"has-post-thumbnail","6":"product_brand-umbro","7":"product_cat-bez-kategorii","8":"product_cat-anglia","9":"product_cat-europa","10":"product_cat-reprezentacje","11":"pa_rozmiar-s","13":"first","14":"instock","15":"taxable","16":"shipping-taxable","17":"purchasable","18":"product-type-simple","19":"entry","20":"content-bg","21":"loop-entry"},"taxonomy_info":{"product_brand":[{"value":21,"label":"Umbro"}],"product_cat":[{"value":15,"label":"Bez kategorii"},{"value":24,"label":"Anglia"},{"value":23,"label":"Europa"},{"value":22,"label":"REPREZENTACJE"}],"pa_rozmiar":[{"value":19,"label":"S"}]},"featured_image_src_large":["https:\/\/fts.you2.pl\/wp-content\/uploads\/2025\/09\/Photoroom_056_20250725_110144-1024x1024.png",1024,1024,true],"author_info":[],"comment_info":"","_links":{"self":[{"href":"https:\/\/fts.you2.pl\/en\/wp-json\/wp\/v2\/product\/3149","targetHints":{"allow":["GET"]}}],"collection":[{"href":"https:\/\/fts.you2.pl\/en\/wp-json\/wp\/v2\/product"}],"about":[{"href":"https:\/\/fts.you2.pl\/en\/wp-json\/wp\/v2\/types\/product"}],"wp:featuredmedia":[{"embeddable":true,"href":"https:\/\/fts.you2.pl\/en\/wp-json\/wp\/v2\/media\/14825"}],"wp:attachment":[{"href":"https:\/\/fts.you2.pl\/en\/wp-json\/wp\/v2\/media?parent=3149"}],"wp:term":[{"taxonomy":"product_brand","embeddable":true,"href":"https:\/\/fts.you2.pl\/en\/wp-json\/wp\/v2\/product_brand?post=3149"},{"taxonomy":"product_cat","embeddable":true,"href":"https:\/\/fts.you2.pl\/en\/wp-json\/wp\/v2\/product_cat?post=3149"},{"taxonomy":"product_tag","embeddable":true,"href":"https:\/\/fts.you2.pl\/en\/wp-json\/wp\/v2\/product_tag?post=3149"}],"curies":[{"name":"wp","href":"https:\/\/api.w.org\/{rel}","templated":true}]}}