{"id":3153,"date":"2025-07-27T15:59:35","date_gmt":"2025-07-27T13:59:35","guid":{"rendered":"https:\/\/fts.you2.pl\/index.php\/produkt\/koszulka-pilkarska-cd-tenerife-2012-13-home-xxl\/"},"modified":"2025-09-19T17:11:06","modified_gmt":"2025-09-19T15:11:06","slug":"koszulka-pilkarska-cd-tenerife-2012-13-home-xxl","status":"publish","type":"product","link":"https:\/\/fts.you2.pl\/en\/koszulka-pilkarska-cd-tenerife-2012-13-home-xxl\/","title":{"rendered":"Koszulka pi\u0142karska CD Tenerife 2012\/13 Home [XXL]"},"content":{"rendered":"<p><strong>Klub:<\/strong>\u00a0CD Tenerife<\/p>\n<p><strong>Sezon:<\/strong> 2012\/13 Home<\/p>\n<p><strong>Rozmiar: <\/strong>XXL<\/p>\n<p><strong>Stan:<\/strong> Doskona\u0142y<\/p>\n<p><strong>Wymiary (szeroko\u015b\u0107 pod pachami\/d\u0142ugo\u015b\u0107) w cm: <\/strong>63\/81<\/p>","protected":false},"excerpt":{"rendered":"<p data-start=\"0\" data-end=\"87\"><strong data-start=\"0\" data-end=\"85\">Domowa koszulka CD Tenerife 2012\/13 Luanvi \u2013 klasyka w bia\u0142o-niebieskich barwach.<\/strong><\/p>\n<p data-start=\"89\" data-end=\"501\">Oryginalna <strong data-start=\"100\" data-end=\"158\">domowa koszulka pi\u0142karska CD Tenerife z sezonu 2012\/13<\/strong>, wyprodukowana przez <strong data-start=\"180\" data-end=\"190\">Luanvi<\/strong>, utrzymana jest w tradycyjnej <strong data-start=\"221\" data-end=\"243\">bia\u0142ej kolorystyce<\/strong> z delikatnymi <strong data-start=\"258\" data-end=\"283\">niebieskimi akcentami<\/strong>. Na piersi widnieje <strong data-start=\"304\" data-end=\"328\">haftowany herb klubu<\/strong> oraz logo hiszpa\u0144skiego producenta. Lekka i przewiewna tkanina zapewnia komfort noszenia, a klasyczny design podkre\u015bla pi\u0142karskie dziedzictwo dru\u017cyny z Wysp Kanaryjskich.<\/p>","protected":false},"featured_media":14856,"template":"","meta":{"_kad_blocks_custom_css":"","_kad_blocks_head_custom_js":"","_kad_blocks_body_custom_js":"","_kad_blocks_footer_custom_js":"","_kad_post_transparent":"","_kad_post_title":"","_kad_post_layout":"","_kad_post_sidebar_id":"","_kad_post_content_style":"","_kad_post_vertical_padding":"","_kad_post_feature":"","_kad_post_feature_position":"","_kad_post_header":false,"_kad_post_footer":false},"product_brand":[458],"product_cat":[31,87,88],"product_tag":[],"class_list":{"0":"post-3153","1":"product","2":"type-product","3":"status-publish","4":"has-post-thumbnail","6":"product_brand-luanvi","7":"product_cat-kluby-europejskie","8":"product_cat-kluby-hiszpanskie","9":"product_cat-pozostale-kluby-hiszpanskie","10":"pa_rozmiar-xxl","12":"first","13":"instock","14":"taxable","15":"shipping-taxable","16":"purchasable","17":"product-type-simple","18":"entry","19":"content-bg","20":"loop-entry"},"taxonomy_info":{"product_brand":[{"value":458,"label":"Luanvi"}],"product_cat":[{"value":31,"label":"Kluby Europejskie"},{"value":87,"label":"Kluby Hiszpa\u0144skie"},{"value":88,"label":"Pozosta\u0142e kluby hiszpa\u0144skie"}],"pa_rozmiar":[{"value":71,"label":"XXL"}]},"featured_image_src_large":["https:\/\/fts.you2.pl\/wp-content\/uploads\/2025\/09\/Photoroom_010_20250725_110144-1024x1024.png",1024,1024,true],"author_info":[],"comment_info":"","_links":{"self":[{"href":"https:\/\/fts.you2.pl\/en\/wp-json\/wp\/v2\/product\/3153","targetHints":{"allow":["GET"]}}],"collection":[{"href":"https:\/\/fts.you2.pl\/en\/wp-json\/wp\/v2\/product"}],"about":[{"href":"https:\/\/fts.you2.pl\/en\/wp-json\/wp\/v2\/types\/product"}],"wp:featuredmedia":[{"embeddable":true,"href":"https:\/\/fts.you2.pl\/en\/wp-json\/wp\/v2\/media\/14856"}],"wp:attachment":[{"href":"https:\/\/fts.you2.pl\/en\/wp-json\/wp\/v2\/media?parent=3153"}],"wp:term":[{"taxonomy":"product_brand","embeddable":true,"href":"https:\/\/fts.you2.pl\/en\/wp-json\/wp\/v2\/product_brand?post=3153"},{"taxonomy":"product_cat","embeddable":true,"href":"https:\/\/fts.you2.pl\/en\/wp-json\/wp\/v2\/product_cat?post=3153"},{"taxonomy":"product_tag","embeddable":true,"href":"https:\/\/fts.you2.pl\/en\/wp-json\/wp\/v2\/product_tag?post=3153"}],"curies":[{"name":"wp","href":"https:\/\/api.w.org\/{rel}","templated":true}]}}