{"id":3155,"date":"2025-07-27T15:59:35","date_gmt":"2025-07-27T13:59:35","guid":{"rendered":"https:\/\/fts.you2.pl\/index.php\/produkt\/koszulka-pilkarska-esbjerg-fb-2007-08-home-22-lange-xxl\/"},"modified":"2025-09-19T17:11:54","modified_gmt":"2025-09-19T15:11:54","slug":"koszulka-pilkarska-esbjerg-fb-2007-08-home-22-lange-xxl","status":"publish","type":"product","link":"https:\/\/fts.you2.pl\/en\/koszulka-pilkarska-esbjerg-fb-2007-08-home-22-lange-xxl\/","title":{"rendered":"Koszulka pi\u0142karska Esbjerg FB 2007\/08 Home 22 Lange [XXL]"},"content":{"rendered":"<p><strong>Klub:<\/strong> Esbjerg FB<\/p>\n<p><strong>Sezon:<\/strong> 2007\/08 Home<\/p>\n<p><strong>Rozmiar: <\/strong>XXL<\/p>\n<p><strong>Stan:<\/strong> Dobry &#8211; pop\u0119kane emblematy 'umbro&#8217; oraz nieznacznie zmechacony materia\u0142 z boku koszulki.<\/p>\n<p><strong>Wymiary (szeroko\u015b\u0107 pod pachami\/d\u0142ugo\u015b\u0107) w cm: <\/strong>54\/74<\/p>","protected":false},"excerpt":{"rendered":"<article class=\"text-token-text-primary w-full\" dir=\"auto\" data-testid=\"conversation-turn-294\" data-scroll-anchor=\"true\">\n<div class=\"text-base my-auto mx-auto pb-10 [--thread-content-margin:--spacing(4)] @[37rem]:[--thread-content-margin:--spacing(6)] @[72rem]:[--thread-content-margin:--spacing(16)] px-(--thread-content-margin)\">\n<div class=\"[--thread-content-max-width:32rem] @[34rem]:[--thread-content-max-width:40rem] @[64rem]:[--thread-content-max-width:48rem] mx-auto max-w-(--thread-content-max-width) flex-1 group\/turn-messages focus-visible:outline-hidden relative flex w-full min-w-0 flex-col agent-turn\" tabindex=\"-1\">\n<div class=\"flex max-w-full flex-col grow\">\n<div class=\"min-h-8 text-message relative flex w-full flex-col items-end gap-2 text-start break-words whitespace-normal [.text-message+&amp;]:mt-5\" dir=\"auto\" data-message-author-role=\"assistant\" data-message-id=\"5fc4e779-f1ba-4d1f-b373-8411e7d3be1e\" data-message-model-slug=\"gpt-4o\">\n<div class=\"flex w-full flex-col gap-1 empty:hidden first:pt-[3px]\">\n<div class=\"markdown prose dark:prose-invert w-full break-words light\">\n<p data-start=\"0\" data-end=\"74\"><strong data-start=\"0\" data-end=\"72\">Domowa koszulka Esbjerg fB 2007\/08 Umbro z nazwiskiem Jespera Lange.<\/strong><\/p>\n<p data-start=\"76\" data-end=\"483\">Oryginalna <strong data-start=\"87\" data-end=\"144\">domowa koszulka pi\u0142karska Esbjerg fB z sezonu 2007\/08<\/strong> to klasyczny model dla kolekcjoner\u00f3w du\u0144skiego futbolu. Wyprodukowana przez <strong data-start=\"221\" data-end=\"230\">Umbro<\/strong>, utrzymana jest w tradycyjnych barwach klubu \u2013 <strong data-start=\"278\" data-end=\"311\">bia\u0142o-niebieskie pionowe pasy<\/strong> na froncie nadaj\u0105 jej elegancji i podkre\u015blaj\u0105 to\u017csamo\u015b\u0107 dru\u017cyny. Wysokiej jako\u015bci materia\u0142y oraz dopracowany kr\u00f3j gwarantuj\u0105 wygod\u0119 zar\u00f3wno na boisku, jak i na co dzie\u0144.<\/p>\n<p data-start=\"485\" data-end=\"923\">Na plecach widnieje <strong data-start=\"505\" data-end=\"528\">nadruk Jespera Lange<\/strong>, jednego z najwa\u017cniejszych pi\u0142karzy Esbjerg fB w tamtym okresie. Lange, napastnik znany z szybko\u015bci i instynktu strzeleckiego, by\u0142 wychowankiem klubu i przez lata pe\u0142ni\u0142 rol\u0119 kluczowego zawodnika, zdobywaj\u0105c dla Esbjerga wiele cennych bramek. <strong data-start=\"772\" data-end=\"801\">Haftowany herb Esbjerg fB<\/strong>, logo Umbro oraz subtelne wyko\u0144czenia przywo\u0142uj\u0105 klimat du\u0144skiej <strong data-start=\"867\" data-end=\"882\">Superligaen<\/strong> z ko\u0144c\u00f3wki pierwszej dekady XXI wieku.<\/p>\n<p data-start=\"925\" data-end=\"1194\" data-is-last-node=\"\" data-is-only-node=\"\">Ta <strong data-start=\"928\" data-end=\"971\">koszulka Jespera Lange z sezonu 2007\/08<\/strong> to unikalny element dla fan\u00f3w skandynawskiego futbolu \u2013 \u0142\u0105czy w sobie histori\u0119 jednego z kultowych napastnik\u00f3w Esbjerg fB z klasycznym designem. Idealna dla kolekcjoner\u00f3w i sympatyk\u00f3w mniej oczywistych klub\u00f3w europejskich.<\/p>\n<\/div>\n<\/div>\n<\/div>\n<\/div>\n<\/div>\n<\/div>\n<\/article>\n<div class=\"pointer-events-none h-px w-px\" aria-hidden=\"true\" data-edge=\"true\"><\/div>","protected":false},"featured_media":14871,"template":"","meta":{"_kad_blocks_custom_css":"","_kad_blocks_head_custom_js":"","_kad_blocks_body_custom_js":"","_kad_blocks_footer_custom_js":"","_kad_post_transparent":"","_kad_post_title":"","_kad_post_layout":"","_kad_post_sidebar_id":"","_kad_post_content_style":"","_kad_post_vertical_padding":"","_kad_post_feature":"","_kad_post_feature_position":"","_kad_post_header":false,"_kad_post_footer":false},"product_brand":[21],"product_cat":[50,31,73],"product_tag":[],"class_list":{"0":"post-3155","1":"product","2":"type-product","3":"status-publish","4":"has-post-thumbnail","6":"product_brand-umbro","7":"product_cat-kluby-europejskie-kluby-europejskie","8":"product_cat-kluby-europejskie","9":"product_cat-skandynawia","10":"pa_rozmiar-xxl","12":"first","13":"instock","14":"taxable","15":"shipping-taxable","16":"purchasable","17":"product-type-simple","18":"entry","19":"content-bg","20":"loop-entry"},"taxonomy_info":{"product_brand":[{"value":21,"label":"Umbro"}],"product_cat":[{"value":50,"label":"Kluby Europejskie"},{"value":31,"label":"Kluby Europejskie"},{"value":73,"label":"Skandynawia"}],"pa_rozmiar":[{"value":71,"label":"XXL"}]},"featured_image_src_large":["https:\/\/fts.you2.pl\/wp-content\/uploads\/2025\/09\/Photoroom_059_20250725_110144-1-1024x1024.png",1024,1024,true],"author_info":[],"comment_info":"","_links":{"self":[{"href":"https:\/\/fts.you2.pl\/en\/wp-json\/wp\/v2\/product\/3155","targetHints":{"allow":["GET"]}}],"collection":[{"href":"https:\/\/fts.you2.pl\/en\/wp-json\/wp\/v2\/product"}],"about":[{"href":"https:\/\/fts.you2.pl\/en\/wp-json\/wp\/v2\/types\/product"}],"wp:featuredmedia":[{"embeddable":true,"href":"https:\/\/fts.you2.pl\/en\/wp-json\/wp\/v2\/media\/14871"}],"wp:attachment":[{"href":"https:\/\/fts.you2.pl\/en\/wp-json\/wp\/v2\/media?parent=3155"}],"wp:term":[{"taxonomy":"product_brand","embeddable":true,"href":"https:\/\/fts.you2.pl\/en\/wp-json\/wp\/v2\/product_brand?post=3155"},{"taxonomy":"product_cat","embeddable":true,"href":"https:\/\/fts.you2.pl\/en\/wp-json\/wp\/v2\/product_cat?post=3155"},{"taxonomy":"product_tag","embeddable":true,"href":"https:\/\/fts.you2.pl\/en\/wp-json\/wp\/v2\/product_tag?post=3155"}],"curies":[{"name":"wp","href":"https:\/\/api.w.org\/{rel}","templated":true}]}}