{"id":3159,"date":"2025-07-27T15:59:30","date_gmt":"2025-07-27T13:59:30","guid":{"rendered":"https:\/\/fts.you2.pl\/index.php\/produkt\/bnwt-koszulka-pilkarska-ks-cracovia-2014-15-80-pilarz-m-spodenki\/"},"modified":"2025-09-19T17:13:34","modified_gmt":"2025-09-19T15:13:34","slug":"bnwt-koszulka-pilkarska-ks-cracovia-2014-15-80-pilarz-m-spodenki","status":"publish","type":"product","link":"https:\/\/fts.you2.pl\/en\/bnwt-koszulka-pilkarska-ks-cracovia-2014-15-80-pilarz-m-spodenki\/","title":{"rendered":"BNWT Koszulka pi\u0142karska KS Cracovia 2014\/15 80 Pilarz [M] + SPODENKI"},"content":{"rendered":"<p><strong>Klub:<\/strong> KS Cracovia<\/p>\n<p><strong>Sezon:<\/strong> 2014\/15<\/p>\n<p><strong>Rozmiar: <\/strong>M<\/p>\n<p><strong>Stan:<\/strong> BNWT &#8211; Koszulka nowa, z metkami.<\/p>\n<p><strong>Wymiary (szeroko\u015b\u0107 pod pachami\/d\u0142ugo\u015b\u0107) w cm: <\/strong>48\/70<\/p>","protected":false},"excerpt":{"rendered":"<p data-start=\"0\" data-end=\"93\"><strong data-start=\"0\" data-end=\"91\">Oryginalna koszulka pi\u0142karska bramkarska KS Cracovia 2014\/15 \u2013 Legea, Krzysztof Pilarz.<\/strong><\/p>\n<p data-start=\"95\" data-end=\"566\">Przedstawiamy <strong data-start=\"109\" data-end=\"182\">oryginaln\u0105 koszulk\u0119 pi\u0142karsk\u0105 bramkarsk\u0105 KS Cracovia z sezonu 2014\/15<\/strong>, wyprodukowan\u0105 przez w\u0142osk\u0105 firm\u0119 Legea. Ten model w eleganckim, niebieskim kolorze z subtelnymi, czarnymi akcentami na r\u0119kawach i ko\u0142nierzu wyr\u00f3\u017cnia si\u0119 prostym, klasycznym stylem, doskonale oddaj\u0105cym charakter klubowej odzie\u017cy z tamtego okresu. Na plecach widnieje oficjalny nadruk <strong data-start=\"467\" data-end=\"489\">Krzysztofa Pilarza<\/strong>, jednego z najbardziej rozpoznawalnych bramkarzy Cracovii w tamtym czasie.<\/p>\n<p data-start=\"568\" data-end=\"1029\">Koszulka zosta\u0142a wykonana z lekkiego i oddychaj\u0105cego materia\u0142u, kt\u00f3ry zapewnia komfort podczas gry i trening\u00f3w. <strong data-start=\"680\" data-end=\"733\">Oryginalna koszulka pi\u0142karska bramkarska Cracovii<\/strong> posiada charakterystyczne logo Legea na froncie, emblemat klubowy na piersi oraz klasyczny kr\u00f3j, idealny dla kolekcjoner\u00f3w i fan\u00f3w klubu. To wyj\u0105tkowy element, przypominaj\u0105cy o sezonie, w kt\u00f3rym \u201ePasy\u201d rywalizowa\u0142y w Ekstraklasie, a Pilarz wielokrotnie ratowa\u0142 dru\u017cyn\u0119 \u015bwietnymi interwencjami.<\/p>\n<p data-start=\"1031\" data-end=\"1184\">\u015awietny wyb\u00f3r dla kibic\u00f3w<strong> Cracovii<\/strong>, kolekcjoner\u00f3w koszulek bramkarskich i wszystkich, kt\u00f3rzy ceni\u0105 historyczne modele z unikatowym nadrukiem zawodnika.<\/p>","protected":false},"featured_media":14903,"template":"","meta":{"_kad_blocks_custom_css":"","_kad_blocks_head_custom_js":"","_kad_blocks_body_custom_js":"","_kad_blocks_footer_custom_js":"","_kad_post_transparent":"","_kad_post_title":"","_kad_post_layout":"","_kad_post_sidebar_id":"","_kad_post_content_style":"","_kad_post_vertical_padding":"","_kad_post_feature":"","_kad_post_feature_position":"","_kad_post_header":false,"_kad_post_footer":false},"product_brand":[243],"product_cat":[31,159,298,160],"product_tag":[],"class_list":{"0":"post-3159","1":"product","2":"type-product","3":"status-publish","4":"has-post-thumbnail","6":"product_brand-legea","7":"product_cat-kluby-europejskie","8":"product_cat-kluby-polskie","9":"product_cat-polscy-pilkarze","10":"product_cat-pozostale-kluby-polskie","11":"pa_rozmiar-m","13":"first","14":"instock","15":"taxable","16":"shipping-taxable","17":"purchasable","18":"product-type-simple","19":"entry","20":"content-bg","21":"loop-entry"},"taxonomy_info":{"product_brand":[{"value":243,"label":"Legea"}],"product_cat":[{"value":31,"label":"Kluby Europejskie"},{"value":159,"label":"Kluby Polskie"},{"value":298,"label":"POLSCY PI\u0141KARZE"},{"value":160,"label":"Pozosta\u0142e kluby polskie"}],"pa_rozmiar":[{"value":28,"label":"M"}]},"featured_image_src_large":["https:\/\/fts.you2.pl\/wp-content\/uploads\/2025\/09\/Photoroom_017_20250725_110144-1024x1024.png",1024,1024,true],"author_info":[],"comment_info":"","_links":{"self":[{"href":"https:\/\/fts.you2.pl\/en\/wp-json\/wp\/v2\/product\/3159","targetHints":{"allow":["GET"]}}],"collection":[{"href":"https:\/\/fts.you2.pl\/en\/wp-json\/wp\/v2\/product"}],"about":[{"href":"https:\/\/fts.you2.pl\/en\/wp-json\/wp\/v2\/types\/product"}],"wp:featuredmedia":[{"embeddable":true,"href":"https:\/\/fts.you2.pl\/en\/wp-json\/wp\/v2\/media\/14903"}],"wp:attachment":[{"href":"https:\/\/fts.you2.pl\/en\/wp-json\/wp\/v2\/media?parent=3159"}],"wp:term":[{"taxonomy":"product_brand","embeddable":true,"href":"https:\/\/fts.you2.pl\/en\/wp-json\/wp\/v2\/product_brand?post=3159"},{"taxonomy":"product_cat","embeddable":true,"href":"https:\/\/fts.you2.pl\/en\/wp-json\/wp\/v2\/product_cat?post=3159"},{"taxonomy":"product_tag","embeddable":true,"href":"https:\/\/fts.you2.pl\/en\/wp-json\/wp\/v2\/product_tag?post=3159"}],"curies":[{"name":"wp","href":"https:\/\/api.w.org\/{rel}","templated":true}]}}