{"id":3161,"date":"2025-07-27T15:59:29","date_gmt":"2025-07-27T13:59:29","guid":{"rendered":"https:\/\/fts.you2.pl\/index.php\/produkt\/koszulka-pilkarska-niemcy-2008-10-away-xl\/"},"modified":"2025-09-19T17:14:28","modified_gmt":"2025-09-19T15:14:28","slug":"koszulka-pilkarska-niemcy-2008-10-away-xl","status":"publish","type":"product","link":"https:\/\/fts.you2.pl\/en\/koszulka-pilkarska-niemcy-2008-10-away-xl\/","title":{"rendered":"Koszulka pi\u0142karska Niemcy 2008\/10 Away [XL]"},"content":{"rendered":"<p><strong>Klub:<\/strong> Niemcy<\/p>\n<p><strong>Sezon:<\/strong> 2008\/10 Away<\/p>\n<p><strong>Rozmiar: <\/strong>XL<\/p>\n<p><strong>Stan:<\/strong> Bardzo dobry &#8211; uszkodzona nalepka Climalite.<\/p>\n<p><strong>Wymiary (szeroko\u015b\u0107 pod pachami\/d\u0142ugo\u015b\u0107) w cm: <\/strong>63\/77<\/p>","protected":false},"excerpt":{"rendered":"<p data-start=\"0\" data-end=\"60\"><strong data-start=\"0\" data-end=\"58\">Wyjazdowa koszulka pi\u0142karska Niemiec 2008\/10 \u2013 Adidas.<\/strong><\/p>\n<p data-start=\"62\" data-end=\"537\">Kr\u00f3tki, klasyczny model w wersji <strong data-start=\"95\" data-end=\"104\">basic<\/strong>, stworzony przez firm\u0119 Adidas na potrzeby wyjazdowych spotka\u0144 reprezentacji Niemiec w latach 2008\u20132010. Koszulka wyr\u00f3\u017cnia si\u0119 eleganck\u0105 czerwon\u0105 kolorystyk\u0105 z delikatnymi z\u0142otymi i czarnymi akcentami, inspirowanymi narodowymi barwami. Na piersi umieszczono herb DFB oraz logo producenta. To prosta, wygodna i lekka <strong data-start=\"420\" data-end=\"453\">oryginalna koszulka pi\u0142karska<\/strong>, idealna dla fan\u00f3w niemieckiego futbolu i kolekcjoner\u00f3w sprz\u0119tu z tamtego okresu.<\/p>","protected":false},"featured_media":14925,"template":"","meta":{"_kad_blocks_custom_css":"","_kad_blocks_head_custom_js":"","_kad_blocks_body_custom_js":"","_kad_blocks_footer_custom_js":"","_kad_post_transparent":"","_kad_post_title":"","_kad_post_layout":"","_kad_post_sidebar_id":"","_kad_post_content_style":"","_kad_post_vertical_padding":"","_kad_post_feature":"","_kad_post_feature_position":"","_kad_post_header":false,"_kad_post_footer":false},"product_brand":[45],"product_cat":[23,143,22],"product_tag":[],"class_list":{"0":"post-3161","1":"product","2":"type-product","3":"status-publish","4":"has-post-thumbnail","6":"product_brand-adidas","7":"product_cat-europa","8":"product_cat-niemcy","9":"product_cat-reprezentacje","10":"pa_rozmiar-xl","12":"first","13":"instock","14":"taxable","15":"shipping-taxable","16":"purchasable","17":"product-type-simple","18":"entry","19":"content-bg","20":"loop-entry"},"taxonomy_info":{"product_brand":[{"value":45,"label":"Adidas"}],"product_cat":[{"value":23,"label":"Europa"},{"value":143,"label":"Niemcy"},{"value":22,"label":"REPREZENTACJE"}],"pa_rozmiar":[{"value":57,"label":"XL"}]},"featured_image_src_large":["https:\/\/fts.you2.pl\/wp-content\/uploads\/2025\/09\/Photoroom_050_20250725_110144-1024x1024.png",1024,1024,true],"author_info":[],"comment_info":"","_links":{"self":[{"href":"https:\/\/fts.you2.pl\/en\/wp-json\/wp\/v2\/product\/3161","targetHints":{"allow":["GET"]}}],"collection":[{"href":"https:\/\/fts.you2.pl\/en\/wp-json\/wp\/v2\/product"}],"about":[{"href":"https:\/\/fts.you2.pl\/en\/wp-json\/wp\/v2\/types\/product"}],"wp:featuredmedia":[{"embeddable":true,"href":"https:\/\/fts.you2.pl\/en\/wp-json\/wp\/v2\/media\/14925"}],"wp:attachment":[{"href":"https:\/\/fts.you2.pl\/en\/wp-json\/wp\/v2\/media?parent=3161"}],"wp:term":[{"taxonomy":"product_brand","embeddable":true,"href":"https:\/\/fts.you2.pl\/en\/wp-json\/wp\/v2\/product_brand?post=3161"},{"taxonomy":"product_cat","embeddable":true,"href":"https:\/\/fts.you2.pl\/en\/wp-json\/wp\/v2\/product_cat?post=3161"},{"taxonomy":"product_tag","embeddable":true,"href":"https:\/\/fts.you2.pl\/en\/wp-json\/wp\/v2\/product_tag?post=3161"}],"curies":[{"name":"wp","href":"https:\/\/api.w.org\/{rel}","templated":true}]}}