{"id":3162,"date":"2025-07-27T15:59:28","date_gmt":"2025-07-27T13:59:28","guid":{"rendered":"https:\/\/fts.you2.pl\/index.php\/produkt\/koszulka-pilkarska-polska-2000-01-home-l\/"},"modified":"2025-09-19T17:14:48","modified_gmt":"2025-09-19T15:14:48","slug":"koszulka-pilkarska-polska-2000-01-home-l","status":"publish","type":"product","link":"https:\/\/fts.you2.pl\/en\/koszulka-pilkarska-polska-2000-01-home-l\/","title":{"rendered":"Koszulka pi\u0142karska Polska 2000\/01 Home [L]"},"content":{"rendered":"<p><strong>Klub:<\/strong> Polska<\/p>\n<p><strong>Sezon:<\/strong> 2000\/01 Home<\/p>\n<p><strong>Rozmiar: <\/strong>L<\/p>\n<p><strong>Stan:<\/strong> Bardzo dobry &#8211; kilka mikro zaci\u0105gni\u0119\u0107.<\/p>\n<p><strong>Wymiary (szeroko\u015b\u0107 pod pachami\/d\u0142ugo\u015b\u0107) w cm: <\/strong>61\/69<\/p>","protected":false},"excerpt":{"rendered":"<p data-start=\"0\" data-end=\"65\"><strong data-start=\"0\" data-end=\"63\">Domowa koszulka pi\u0142karska reprezentacji Polski 2000 \u2013 Tico.<\/strong><\/p>\n<p data-start=\"67\" data-end=\"701\">To <strong data-start=\"70\" data-end=\"103\">oryginalna koszulka pi\u0142karska<\/strong> reprezentacji Polski z 2000 roku, wyprodukowana przez rodzim\u0105 firm\u0119 Tico. Utrzymana w klasycznej bieli, z czerwonymi wstawkami na ko\u0142nierzyku, oddaje tradycyjny styl bia\u0142o-czerwonych barw narodowych. Na piersi znajduje si\u0119 wyhaftowany herb PZPN, a ca\u0142o\u015b\u0107 wykonano z grubego materia\u0142u, typowego dla prze\u0142omu lat 90. i 2000. To prosty, ale niezwykle klimatyczny model, przypominaj\u0105cy okres odbudowy reprezentacji przed eliminacjami do<strong> Mistrzostw \u015awiata 2002<\/strong>. Doskona\u0142a propozycja dla kolekcjoner\u00f3w i kibic\u00f3w, kt\u00f3rzy ceni\u0105 klasyk\u0119 polskiego futbolu.<\/p>","protected":false},"featured_media":14931,"template":"","meta":{"_kad_blocks_custom_css":"","_kad_blocks_head_custom_js":"","_kad_blocks_body_custom_js":"","_kad_blocks_footer_custom_js":"","_kad_post_transparent":"","_kad_post_title":"","_kad_post_layout":"","_kad_post_sidebar_id":"","_kad_post_content_style":"","_kad_post_vertical_padding":"","_kad_post_feature":"","_kad_post_feature_position":"","_kad_post_header":false,"_kad_post_footer":false},"product_brand":[387],"product_cat":[23,157,22],"product_tag":[],"class_list":{"0":"post-3162","1":"product","2":"type-product","3":"status-publish","4":"has-post-thumbnail","6":"product_brand-tico","7":"product_cat-europa","8":"product_cat-polska","9":"product_cat-reprezentacje","10":"pa_rozmiar-l","12":"first","13":"instock","14":"taxable","15":"shipping-taxable","16":"purchasable","17":"product-type-simple","18":"entry","19":"content-bg","20":"loop-entry"},"taxonomy_info":{"product_brand":[{"value":387,"label":"Tico"}],"product_cat":[{"value":23,"label":"Europa"},{"value":157,"label":"Polska"},{"value":22,"label":"REPREZENTACJE"}],"pa_rozmiar":[{"value":39,"label":"L"}]},"featured_image_src_large":["https:\/\/fts.you2.pl\/wp-content\/uploads\/2025\/09\/Photoroom_048_20250725_110144-1024x1024.png",1024,1024,true],"author_info":[],"comment_info":"","_links":{"self":[{"href":"https:\/\/fts.you2.pl\/en\/wp-json\/wp\/v2\/product\/3162","targetHints":{"allow":["GET"]}}],"collection":[{"href":"https:\/\/fts.you2.pl\/en\/wp-json\/wp\/v2\/product"}],"about":[{"href":"https:\/\/fts.you2.pl\/en\/wp-json\/wp\/v2\/types\/product"}],"wp:featuredmedia":[{"embeddable":true,"href":"https:\/\/fts.you2.pl\/en\/wp-json\/wp\/v2\/media\/14931"}],"wp:attachment":[{"href":"https:\/\/fts.you2.pl\/en\/wp-json\/wp\/v2\/media?parent=3162"}],"wp:term":[{"taxonomy":"product_brand","embeddable":true,"href":"https:\/\/fts.you2.pl\/en\/wp-json\/wp\/v2\/product_brand?post=3162"},{"taxonomy":"product_cat","embeddable":true,"href":"https:\/\/fts.you2.pl\/en\/wp-json\/wp\/v2\/product_cat?post=3162"},{"taxonomy":"product_tag","embeddable":true,"href":"https:\/\/fts.you2.pl\/en\/wp-json\/wp\/v2\/product_tag?post=3162"}],"curies":[{"name":"wp","href":"https:\/\/api.w.org\/{rel}","templated":true}]}}