{"id":3164,"date":"2025-07-27T15:59:27","date_gmt":"2025-07-27T13:59:27","guid":{"rendered":"https:\/\/fts.you2.pl\/index.php\/produkt\/koszulka-pilkarska-sv-spakenburg-home-l\/"},"modified":"2025-09-19T17:15:38","modified_gmt":"2025-09-19T15:15:38","slug":"koszulka-pilkarska-sv-spakenburg-home-l","status":"publish","type":"product","link":"https:\/\/fts.you2.pl\/en\/koszulka-pilkarska-sv-spakenburg-home-l\/","title":{"rendered":"Koszulka pi\u0142karska SV Spakenburg Home [L]"},"content":{"rendered":"<p><strong>Klub:<\/strong> SV Spakenburg<\/p>\n<p><strong>Sezon:<\/strong> Home<\/p>\n<p><strong>Rozmiar: <\/strong>L<\/p>\n<p><strong>Stan:<\/strong> Zadowalaj\u0105cy &#8211; spora ilo\u015b\u0107 mikro zaci\u0105gni\u0119\u0107.<\/p>\n<p><strong>Wymiary (szeroko\u015b\u0107 pod pachami\/d\u0142ugo\u015b\u0107) w cm: <\/strong>55\/74<\/p>","protected":false},"excerpt":{"rendered":"<p data-start=\"0\" data-end=\"42\"><strong data-start=\"0\" data-end=\"40\">Domowa koszulka SV Spakenburg \u2013 H20.<\/strong><\/p>\n<p data-start=\"44\" data-end=\"458\">To <strong data-start=\"47\" data-end=\"80\">oryginalna koszulka pi\u0142karska<\/strong> holenderskiego klubu SV Spakenburg, wyprodukowana przez firm\u0119 H2O. Utrzymana w tradycyjnych barwach dru\u017cyny, wyr\u00f3\u017cnia si\u0119 prostym, klasycznym designem oraz wysok\u0105 jako\u015bci\u0105 wykonania. Klub SV Spakenburg zyska\u0142 rozpoznawalno\u015b\u0107 w Polsce m.in. dzi\u0119ki Rados\u0142awowi z kana\u0142u Kartofliska, kt\u00f3ry relacjonowa\u0142 mecze tego zespo\u0142u, przybli\u017caj\u0105c atmosfer\u0119 amatorskiego futbolu w Holandii.<\/p>","protected":false},"featured_media":14947,"template":"","meta":{"_kad_blocks_custom_css":"","_kad_blocks_head_custom_js":"","_kad_blocks_body_custom_js":"","_kad_blocks_footer_custom_js":"","_kad_post_transparent":"","_kad_post_title":"","_kad_post_layout":"","_kad_post_sidebar_id":"","_kad_post_content_style":"","_kad_post_vertical_padding":"","_kad_post_feature":"","_kad_post_feature_position":"","_kad_post_header":false,"_kad_post_footer":false},"product_brand":[239],"product_cat":[107,50,31],"product_tag":[],"class_list":{"0":"post-3164","1":"product","2":"type-product","3":"status-publish","4":"has-post-thumbnail","6":"product_brand-h2o","7":"product_cat-belgia-i-holandia","8":"product_cat-kluby-europejskie-kluby-europejskie","9":"product_cat-kluby-europejskie","10":"pa_rozmiar-l","12":"first","13":"instock","14":"taxable","15":"shipping-taxable","16":"purchasable","17":"product-type-simple","18":"entry","19":"content-bg","20":"loop-entry"},"taxonomy_info":{"product_brand":[{"value":239,"label":"H2O"}],"product_cat":[{"value":107,"label":"Belgia i Holandia"},{"value":50,"label":"Kluby Europejskie"},{"value":31,"label":"Kluby Europejskie"}],"pa_rozmiar":[{"value":39,"label":"L"}]},"featured_image_src_large":["https:\/\/fts.you2.pl\/wp-content\/uploads\/2025\/09\/Photoroom_038_20250725_110144-1024x1024.png",1024,1024,true],"author_info":[],"comment_info":"","_links":{"self":[{"href":"https:\/\/fts.you2.pl\/en\/wp-json\/wp\/v2\/product\/3164","targetHints":{"allow":["GET"]}}],"collection":[{"href":"https:\/\/fts.you2.pl\/en\/wp-json\/wp\/v2\/product"}],"about":[{"href":"https:\/\/fts.you2.pl\/en\/wp-json\/wp\/v2\/types\/product"}],"wp:featuredmedia":[{"embeddable":true,"href":"https:\/\/fts.you2.pl\/en\/wp-json\/wp\/v2\/media\/14947"}],"wp:attachment":[{"href":"https:\/\/fts.you2.pl\/en\/wp-json\/wp\/v2\/media?parent=3164"}],"wp:term":[{"taxonomy":"product_brand","embeddable":true,"href":"https:\/\/fts.you2.pl\/en\/wp-json\/wp\/v2\/product_brand?post=3164"},{"taxonomy":"product_cat","embeddable":true,"href":"https:\/\/fts.you2.pl\/en\/wp-json\/wp\/v2\/product_cat?post=3164"},{"taxonomy":"product_tag","embeddable":true,"href":"https:\/\/fts.you2.pl\/en\/wp-json\/wp\/v2\/product_tag?post=3164"}],"curies":[{"name":"wp","href":"https:\/\/api.w.org\/{rel}","templated":true}]}}