{"id":3165,"date":"2025-07-27T15:59:43","date_gmt":"2025-07-27T13:59:43","guid":{"rendered":"https:\/\/fts.you2.pl\/index.php\/produkt\/koszulka-pilkarska-turcja-2006-08-away-s\/"},"modified":"2025-09-19T17:16:05","modified_gmt":"2025-09-19T15:16:05","slug":"koszulka-pilkarska-turcja-2006-08-away-s","status":"publish","type":"product","link":"https:\/\/fts.you2.pl\/en\/koszulka-pilkarska-turcja-2006-08-away-s\/","title":{"rendered":"Koszulka pi\u0142karska Turcja 2006\/08 Away [S]"},"content":{"rendered":"<p><strong>Klub:<\/strong> Turcja<\/p>\n<p><strong>Sezon:<\/strong> 2006\/08 Away<\/p>\n<p><strong>Rozmiar: <\/strong>S<\/p>\n<p><strong>Stan:<\/strong> Doskona\u0142y<\/p>\n<p><strong>Wymiary (szeroko\u015b\u0107 pod pachami\/d\u0142ugo\u015b\u0107) w cm: <\/strong>52\/65(prz\u00f3d), 70(ty\u0142)<\/p>","protected":false},"excerpt":{"rendered":"<p data-start=\"0\" data-end=\"83\"><strong data-start=\"0\" data-end=\"81\">Oryginalna wyjazdowa koszulka pi\u0142karska reprezentacji Turcji z lat 2006\u20132008.<\/strong><\/p>\n<p data-start=\"85\" data-end=\"524\">Ta <strong data-start=\"88\" data-end=\"117\">koszulka pi\u0142karska Turcji<\/strong> to oficjalny wyjazdowy str\u00f3j kadry narodowej z lat 2006\u20132008, wyprodukowany przez <strong data-start=\"200\" data-end=\"208\">Nike<\/strong>. Model wyr\u00f3\u017cnia si\u0119 pe\u0142n\u0105 biel\u0105, kt\u00f3ra nadaje mu prostoty i elegancji, a jednocze\u015bnie podkre\u015bla nowoczesny charakter. Na lewej piersi znajduje si\u0119 herb reprezentacji Turcji z charakterystycznym p\u00f3\u0142ksi\u0119\u017cycem i gwiazd\u0105, a po prawej stronie subtelne logo Nike w czerwonym kolorze, dodaj\u0105ce ca\u0142o\u015bci sportowego sznytu.<\/p>\n<p data-start=\"526\" data-end=\"919\">Koszulka zosta\u0142a wykonana z lekkiego, oddychaj\u0105cego materia\u0142u <strong data-start=\"588\" data-end=\"604\">Nike Dri-FIT<\/strong>, kt\u00f3ry skutecznie odprowadza wilgo\u0107 i zapewnia komfort zar\u00f3wno podczas gry, jak i codziennego noszenia. To w\u0142a\u015bnie w takich bia\u0142ych kompletach tureccy zawodnicy wyst\u0119powali w eliminacjach do Euro 2008, a kibice mogli ogl\u0105da\u0107 w akcji gwiazdy tamtego okresu, jak <strong data-start=\"866\" data-end=\"916\">Nihat Kahveci, Tuncay \u015eanl\u0131 czy Emre Bel\u00f6zo\u011flu<\/strong>.<\/p>\n<p data-start=\"921\" data-end=\"1088\" data-is-last-node=\"\" data-is-only-node=\"\">\u015awietny wyb\u00f3r dla kolekcjoner\u00f3w i fan\u00f3w reprezentacji \u2013 ta <strong data-start=\"980\" data-end=\"1017\">wyjazdowa koszulka pi\u0142karska Nike<\/strong> jest klasycznym i ponadczasowym elementem pi\u0142karskiej historii Turcji.<\/p>","protected":false},"featured_media":14957,"template":"","meta":{"_kad_blocks_custom_css":"","_kad_blocks_head_custom_js":"","_kad_blocks_body_custom_js":"","_kad_blocks_footer_custom_js":"","_kad_post_transparent":"","_kad_post_title":"","_kad_post_layout":"","_kad_post_sidebar_id":"","_kad_post_content_style":"","_kad_post_vertical_padding":"","_kad_post_feature":"","_kad_post_feature_position":"","_kad_post_header":false,"_kad_post_footer":false},"product_brand":[55],"product_cat":[23,114,22],"product_tag":[],"class_list":{"0":"post-3165","1":"product","2":"type-product","3":"status-publish","4":"has-post-thumbnail","6":"product_brand-nike","7":"product_cat-europa","8":"product_cat-pozostale","9":"product_cat-reprezentacje","10":"pa_rozmiar-s","12":"first","13":"instock","14":"taxable","15":"shipping-taxable","16":"purchasable","17":"product-type-simple","18":"entry","19":"content-bg","20":"loop-entry"},"taxonomy_info":{"product_brand":[{"value":55,"label":"Nike"}],"product_cat":[{"value":23,"label":"Europa"},{"value":114,"label":"Pozosta\u0142e"},{"value":22,"label":"REPREZENTACJE"}],"pa_rozmiar":[{"value":19,"label":"S"}]},"featured_image_src_large":["https:\/\/fts.you2.pl\/wp-content\/uploads\/2025\/09\/Photoroom_004_20250725_110144-1024x1024.png",1024,1024,true],"author_info":[],"comment_info":"","_links":{"self":[{"href":"https:\/\/fts.you2.pl\/en\/wp-json\/wp\/v2\/product\/3165","targetHints":{"allow":["GET"]}}],"collection":[{"href":"https:\/\/fts.you2.pl\/en\/wp-json\/wp\/v2\/product"}],"about":[{"href":"https:\/\/fts.you2.pl\/en\/wp-json\/wp\/v2\/types\/product"}],"wp:featuredmedia":[{"embeddable":true,"href":"https:\/\/fts.you2.pl\/en\/wp-json\/wp\/v2\/media\/14957"}],"wp:attachment":[{"href":"https:\/\/fts.you2.pl\/en\/wp-json\/wp\/v2\/media?parent=3165"}],"wp:term":[{"taxonomy":"product_brand","embeddable":true,"href":"https:\/\/fts.you2.pl\/en\/wp-json\/wp\/v2\/product_brand?post=3165"},{"taxonomy":"product_cat","embeddable":true,"href":"https:\/\/fts.you2.pl\/en\/wp-json\/wp\/v2\/product_cat?post=3165"},{"taxonomy":"product_tag","embeddable":true,"href":"https:\/\/fts.you2.pl\/en\/wp-json\/wp\/v2\/product_tag?post=3165"}],"curies":[{"name":"wp","href":"https:\/\/api.w.org\/{rel}","templated":true}]}}