{"id":3166,"date":"2025-07-27T15:59:42","date_gmt":"2025-07-27T13:59:42","guid":{"rendered":"https:\/\/fts.you2.pl\/index.php\/produkt\/koszulka-pilkarska-vasco-da-gama-2014-away-l\/"},"modified":"2025-09-19T17:16:30","modified_gmt":"2025-09-19T15:16:30","slug":"koszulka-pilkarska-vasco-da-gama-2014-away-l","status":"publish","type":"product","link":"https:\/\/fts.you2.pl\/en\/koszulka-pilkarska-vasco-da-gama-2014-away-l\/","title":{"rendered":"Koszulka pi\u0142karska Vasco Da Gama 2014 Away [L]"},"content":{"rendered":"<p><strong>Klub:<\/strong> Vasco Da Gama<\/p>\n<p><strong>Sezon:<\/strong> 2014 Away<\/p>\n<p><strong>Rozmiar: <\/strong>L<\/p>\n<p><strong>Stan:<\/strong> Dobry &#8211; drobne plamki na froncie oraz nieco przebarwiony materia\u0142 na plecach.<\/p>\n<p><strong>Wymiary (szeroko\u015b\u0107 pod pachami\/d\u0142ugo\u015b\u0107) w cm: <\/strong>57\/72<\/p>","protected":false},"excerpt":{"rendered":"<p data-start=\"0\" data-end=\"69\"><strong data-start=\"0\" data-end=\"67\">Oryginalna wyjazdowa koszulka pi\u0142karska Vasco da Gama z 2014 roku.<\/strong><\/p>\n<p data-start=\"71\" data-end=\"564\">Ta <strong data-start=\"74\" data-end=\"110\">koszulka pi\u0142karska Vasco da Gama<\/strong> to oficjalny wyjazdowy str\u00f3j brazylijskiego klubu z sezonu 2014, wyprodukowany przez <strong data-start=\"193\" data-end=\"202\">Umbro<\/strong>. Klasyczna bia\u0142a baza zosta\u0142a wzbogacona o charakterystyczny, czarny sko\u015bny pas przebiegaj\u0105cy przez front koszulki \u2013 element, kt\u00f3ry od dziesi\u0119cioleci jest symbolem tego historycznego klubu z<strong> Rio de Janeiro<\/strong>. Na piersi umieszczono kultowy herb Vasco z czerwonym krzy\u017cem, a po przeciwnej stronie subtelne logo Umbro, kt\u00f3re dodaje ca\u0142o\u015bci eleganckiego charakteru.<\/p>\n<p data-start=\"566\" data-end=\"882\">Koszulka zosta\u0142a wykonana z lekkiego i przewiewnego materia\u0142u, kt\u00f3ry zapewnia komfort noszenia zar\u00f3wno podczas gry, jak i kibicowania. Jej design nawi\u0105zuje do tradycji klubu, kt\u00f3ry mo\u017ce poszczyci\u0107 si\u0119 bogat\u0105 histori\u0105 i licznymi sukcesami, a w tamtym okresie reprezentowali go m.in. <strong data-start=\"848\" data-end=\"879\">Douglas, Kleber czy Guinazu<\/strong>.<\/p>\n<p data-start=\"884\" data-end=\"1139\" data-is-last-node=\"\" data-is-only-node=\"\">To \u015bwietna propozycja dla kolekcjoner\u00f3w i fan\u00f3w brazylijskiego futbolu \u2013 <strong>wyjazdowa\u00a0koszulka Vasco da Gama Umbro<\/strong> \u0142\u0105czy w sobie klasyczny styl i nowoczesne wykonanie, b\u0119d\u0105c jednocze\u015bnie symbolem dumy jednego z najbardziej rozpoznawalnych klub\u00f3w w Brazylii.<\/p>","protected":false},"featured_media":14965,"template":"","meta":{"_kad_blocks_custom_css":"","_kad_blocks_head_custom_js":"","_kad_blocks_body_custom_js":"","_kad_blocks_footer_custom_js":"","_kad_post_transparent":"","_kad_post_title":"","_kad_post_layout":"","_kad_post_sidebar_id":"","_kad_post_content_style":"","_kad_post_vertical_padding":"","_kad_post_feature":"","_kad_post_feature_position":"","_kad_post_header":false,"_kad_post_footer":false},"product_brand":[21],"product_cat":[56,36],"product_tag":[],"class_list":{"0":"post-3166","1":"product","2":"type-product","3":"status-publish","4":"has-post-thumbnail","6":"product_brand-umbro","7":"product_cat-ameryka-poludniowa","8":"product_cat-kluby-reszty-swiata","9":"pa_rozmiar-l","11":"first","12":"instock","13":"taxable","14":"shipping-taxable","15":"purchasable","16":"product-type-simple","17":"entry","18":"content-bg","19":"loop-entry"},"taxonomy_info":{"product_brand":[{"value":21,"label":"Umbro"}],"product_cat":[{"value":56,"label":"Ameryka Po\u0142udniowa"},{"value":36,"label":"Kluby Reszty \u015awiata"}],"pa_rozmiar":[{"value":39,"label":"L"}]},"featured_image_src_large":["https:\/\/fts.you2.pl\/wp-content\/uploads\/2025\/09\/Photoroom_046_20250725_110144-1024x1024.png",1024,1024,true],"author_info":[],"comment_info":"","_links":{"self":[{"href":"https:\/\/fts.you2.pl\/en\/wp-json\/wp\/v2\/product\/3166","targetHints":{"allow":["GET"]}}],"collection":[{"href":"https:\/\/fts.you2.pl\/en\/wp-json\/wp\/v2\/product"}],"about":[{"href":"https:\/\/fts.you2.pl\/en\/wp-json\/wp\/v2\/types\/product"}],"wp:featuredmedia":[{"embeddable":true,"href":"https:\/\/fts.you2.pl\/en\/wp-json\/wp\/v2\/media\/14965"}],"wp:attachment":[{"href":"https:\/\/fts.you2.pl\/en\/wp-json\/wp\/v2\/media?parent=3166"}],"wp:term":[{"taxonomy":"product_brand","embeddable":true,"href":"https:\/\/fts.you2.pl\/en\/wp-json\/wp\/v2\/product_brand?post=3166"},{"taxonomy":"product_cat","embeddable":true,"href":"https:\/\/fts.you2.pl\/en\/wp-json\/wp\/v2\/product_cat?post=3166"},{"taxonomy":"product_tag","embeddable":true,"href":"https:\/\/fts.you2.pl\/en\/wp-json\/wp\/v2\/product_tag?post=3166"}],"curies":[{"name":"wp","href":"https:\/\/api.w.org\/{rel}","templated":true}]}}