{"id":3168,"date":"2025-07-27T15:59:41","date_gmt":"2025-07-27T13:59:41","guid":{"rendered":"https:\/\/fts.you2.pl\/index.php\/produkt\/player-issue-koszulka-pilkarska-wlochy-2007-09-home-4-l\/"},"modified":"2025-09-19T17:17:27","modified_gmt":"2025-09-19T15:17:27","slug":"player-issue-koszulka-pilkarska-wlochy-2007-09-home-4-l","status":"publish","type":"product","link":"https:\/\/fts.you2.pl\/en\/player-issue-koszulka-pilkarska-wlochy-2007-09-home-4-l\/","title":{"rendered":"Koszulka pi\u0142karska PLAYER ISSUE W\u0142ochy 2007\/09 Home 4 [L]"},"content":{"rendered":"<p><strong>Klub:<\/strong> W\u0142ochy<\/p>\n<p><strong>Sezon:<\/strong> 2007\/09 Home<\/p>\n<p><strong>Rozmiar: <\/strong>L<\/p>\n<p><strong>Stan:<\/strong> Bardzo dobry &#8211; nieznacznie uszkodzona cyfra na froncie koszulki.<\/p>\n<p><strong>Wymiary (szeroko\u015b\u0107 pod pachami\/d\u0142ugo\u015b\u0107) w cm: <\/strong>51\/73<\/p>","protected":false},"excerpt":{"rendered":"<p data-start=\"0\" data-end=\"114\"><strong data-start=\"0\" data-end=\"112\">Domowa koszulka pi\u0142karska reprezentacji W\u0142och z lat 2007\u20132009 \u2013 wersja meczowa z d\u0142ugim r\u0119kawem i numerem 4.<\/strong><\/p>\n<p data-start=\"116\" data-end=\"648\">Ta <strong data-start=\"119\" data-end=\"172\">oryginalna koszulka pi\u0142karska reprezentacji W\u0142och<\/strong> pochodzi z serii przygotowanej przez <strong data-start=\"210\" data-end=\"218\">Pum\u0119<\/strong> na lata 2007\u20132009, czyli okres po zdobyciu mistrzostwa \u015bwiata w 2006 roku. To <strong data-start=\"297\" data-end=\"330\">wersja meczowa (player issue)<\/strong>, stworzona z my\u015bl\u0105 o maksymalnym komforcie i lekko\u015bci. Zastosowano w niej ultracienki, elastyczny materia\u0142 o \u015bwietnej oddychalno\u015bci, a wewn\u0105trz znajduje si\u0119 <strong data-start=\"488\" data-end=\"507\">prasowana metka<\/strong>, charakterystyczna dla modeli przeznaczonych dla zawodnik\u00f3w \u2013 dzi\u0119ki temu koszulka jest jeszcze l\u017cejsza i bardziej dopasowana do sylwetki.<\/p>\n<p data-start=\"650\" data-end=\"1072\">Klasyczny, g\u0142\u0119boki odcie\u0144 <strong data-start=\"676\" data-end=\"687\">azzurro<\/strong> uzupe\u0142niaj\u0105 z\u0142ote detale i subtelne detale nawi\u0105zuj\u0105ce do triumfu Squadra Azzurra na mundialu. Na piersi widnieje herb FIGC w mistrzowskiej wersji z czterema gwiazdkami, symbolizuj\u0105cymi tytu\u0142y zdobyte przez W\u0142ochy, oraz logo Pumy. Na plecach znajduje si\u0119 <strong data-start=\"946\" data-end=\"957\">numer 4<\/strong> w oficjalnym stylu stosowanym w tamtym okresie, a <strong data-start=\"1008\" data-end=\"1023\">d\u0142ugi r\u0119kaw<\/strong> nadaje jej elegancji i wyj\u0105tkowego charakteru.<\/p>\n<p data-start=\"1074\" data-end=\"1518\">To w\u0142a\u015bnie w podobnych koszulkach w\u0142oskie legendy \u2013 <strong data-start=\"1126\" data-end=\"1197\">Fabio Cannavaro, Andrea Pirlo, Gennaro Gattuso czy Daniele De Rossi<\/strong> \u2013 rozgrywa\u0142y mecze eliminacyjne do mistrzostw Europy 2008 oraz spotkania towarzyskie przygotowuj\u0105ce do wielkich turniej\u00f3w. Model z lat 2007\u20132009 \u0142\u0105czy <strong data-start=\"1349\" data-end=\"1411\">historyczne dziedzictwo \u015bwie\u017co upieczonych mistrz\u00f3w \u015bwiata<\/strong> z nowoczesn\u0105 technologi\u0105 Pumy, b\u0119d\u0105c znakomitym wyborem dla kolekcjoner\u00f3w i pasjonat\u00f3w w\u0142oskiego calcio.<\/p>","protected":false},"featured_media":14986,"template":"","meta":{"_kad_blocks_custom_css":"","_kad_blocks_head_custom_js":"","_kad_blocks_body_custom_js":"","_kad_blocks_footer_custom_js":"","_kad_post_transparent":"","_kad_post_title":"","_kad_post_layout":"","_kad_post_sidebar_id":"","_kad_post_content_style":"","_kad_post_vertical_padding":"","_kad_post_feature":"","_kad_post_feature_position":"","_kad_post_header":false,"_kad_post_footer":false},"product_brand":[86],"product_cat":[23,22,190],"product_tag":[],"class_list":{"0":"post-3168","1":"product","2":"type-product","3":"status-publish","4":"has-post-thumbnail","6":"product_brand-puma","7":"product_cat-europa","8":"product_cat-reprezentacje","9":"product_cat-wlochy","10":"pa_rozmiar-l","12":"first","13":"instock","14":"taxable","15":"shipping-taxable","16":"purchasable","17":"product-type-simple","18":"entry","19":"content-bg","20":"loop-entry"},"taxonomy_info":{"product_brand":[{"value":86,"label":"Puma"}],"product_cat":[{"value":23,"label":"Europa"},{"value":22,"label":"REPREZENTACJE"},{"value":190,"label":"W\u0142ochy"}],"pa_rozmiar":[{"value":39,"label":"L"}]},"featured_image_src_large":["https:\/\/fts.you2.pl\/wp-content\/uploads\/2025\/09\/Photoroom_002_20250725_110144-1024x1024.png",1024,1024,true],"author_info":[],"comment_info":"","_links":{"self":[{"href":"https:\/\/fts.you2.pl\/en\/wp-json\/wp\/v2\/product\/3168","targetHints":{"allow":["GET"]}}],"collection":[{"href":"https:\/\/fts.you2.pl\/en\/wp-json\/wp\/v2\/product"}],"about":[{"href":"https:\/\/fts.you2.pl\/en\/wp-json\/wp\/v2\/types\/product"}],"wp:featuredmedia":[{"embeddable":true,"href":"https:\/\/fts.you2.pl\/en\/wp-json\/wp\/v2\/media\/14986"}],"wp:attachment":[{"href":"https:\/\/fts.you2.pl\/en\/wp-json\/wp\/v2\/media?parent=3168"}],"wp:term":[{"taxonomy":"product_brand","embeddable":true,"href":"https:\/\/fts.you2.pl\/en\/wp-json\/wp\/v2\/product_brand?post=3168"},{"taxonomy":"product_cat","embeddable":true,"href":"https:\/\/fts.you2.pl\/en\/wp-json\/wp\/v2\/product_cat?post=3168"},{"taxonomy":"product_tag","embeddable":true,"href":"https:\/\/fts.you2.pl\/en\/wp-json\/wp\/v2\/product_tag?post=3168"}],"curies":[{"name":"wp","href":"https:\/\/api.w.org\/{rel}","templated":true}]}}