{"id":3171,"date":"2025-07-27T15:59:39","date_gmt":"2025-07-27T13:59:39","guid":{"rendered":"https:\/\/fts.you2.pl\/index.php\/produkt\/kurtka-pilkarska-usa-1994-96-xl\/"},"modified":"2025-09-19T17:18:52","modified_gmt":"2025-09-19T15:18:52","slug":"kurtka-pilkarska-usa-1994-96-xl","status":"publish","type":"product","link":"https:\/\/fts.you2.pl\/en\/kurtka-pilkarska-usa-1994-96-xl\/","title":{"rendered":"Kurtka pi\u0142karska USA 1994\/96 [XL]"},"content":{"rendered":"<p><strong>Klub:<\/strong> USA<\/p>\n<p><strong>Sezon:<\/strong> 1994\/96<\/p>\n<p><strong>Rozmiar: <\/strong>XL<\/p>\n<p><strong>Stan:<\/strong> Doskona\u0142y<\/p>\n<p><strong>Wymiary (szeroko\u015b\u0107 pod pachami\/d\u0142ugo\u015b\u0107) w cm: <\/strong>73\/79<\/p>","protected":false},"excerpt":{"rendered":"<p data-start=\"0\" data-end=\"61\"><strong data-start=\"0\" data-end=\"59\">Oryginalna kurtka reprezentacji USA Adidas z 1994 roku.<\/strong><\/p>\n<p data-start=\"63\" data-end=\"541\">Wyj\u0105tkowa, <strong data-start=\"74\" data-end=\"125\">retro kurtka reprezentacji Stan\u00f3w Zjednoczonych<\/strong> z 1994 roku, stworzona przez <strong data-start=\"155\" data-end=\"166\">Adidasa<\/strong> specjalnie na pami\u0119tne Mistrzostwa \u015awiata FIFA rozgrywane w USA. Utrzymana w patriotycznych barwach \u2013 czerwieni, bieli i niebieskim \u2013 oddaje ducha tamtej epoki i nawi\u0105zuje do klasycznego stylu lat 90. Na froncie znajduje si\u0119 charakterystyczne logo <strong data-start=\"415\" data-end=\"437\">USA World Cup Team<\/strong>, a po drugiej stronie haftowane logo Adidas, co podkre\u015bla jej autentyczno\u015b\u0107 i kolekcjonersk\u0105 warto\u015b\u0107.<\/p>\n<p data-start=\"543\" data-end=\"896\">Kurtka posiada klasyczny kr\u00f3j typu <strong data-start=\"578\" data-end=\"593\">windbreaker<\/strong>, lekki materia\u0142 chroni\u0105cy przed wiatrem oraz regulowane troczki w pasie, kt\u00f3re pozwalaj\u0105 dopasowa\u0107 j\u0105 do sylwetki. Zapinana na solidny zamek b\u0142yskawiczny, z wysokim ko\u0142nierzem zapewniaj\u0105cym dodatkow\u0105 ochron\u0119. Idealna zar\u00f3wno do noszenia na co dzie\u0144, jak i jako cz\u0119\u015b\u0107 kolekcji kibica futbolu z lat 90.<\/p>\n<p data-start=\"898\" data-end=\"1153\">To niezwyk\u0142a pami\u0105tka z turnieju, w kt\u00f3rym ameryka\u0144ska dru\u017cyna rywalizowa\u0142a z najlepszymi zespo\u0142ami \u015bwiata i zapisa\u0142a si\u0119 w historii pi\u0142ki no\u017cnej. <strong data-start=\"1045\" data-end=\"1151\">\u015awietny wyb\u00f3r dla kolekcjoner\u00f3w vintage, fan\u00f3w retro mody sportowej oraz sympatyk\u00f3w reprezentacji USA.<\/strong><\/p>","protected":false},"featured_media":15012,"template":"","meta":{"_kad_blocks_custom_css":"","_kad_blocks_head_custom_js":"","_kad_blocks_body_custom_js":"","_kad_blocks_footer_custom_js":"","_kad_post_transparent":"","_kad_post_title":"","_kad_post_layout":"","_kad_post_sidebar_id":"","_kad_post_content_style":"","_kad_post_vertical_padding":"","_kad_post_feature":"","_kad_post_feature_position":"","_kad_post_header":false,"_kad_post_footer":false},"product_brand":[45],"product_cat":[138,22],"product_tag":[],"class_list":{"0":"post-3171","1":"product","2":"type-product","3":"status-publish","4":"has-post-thumbnail","6":"product_brand-adidas","7":"product_cat-ameryka-srodkowa-i-polnocna-reprezentacje","8":"product_cat-reprezentacje","9":"pa_rozmiar-xl","11":"first","12":"instock","13":"taxable","14":"shipping-taxable","15":"purchasable","16":"product-type-simple","17":"entry","18":"content-bg","19":"loop-entry"},"taxonomy_info":{"product_brand":[{"value":45,"label":"Adidas"}],"product_cat":[{"value":138,"label":"Ameryka \u015arodkowa i P\u00f3\u0142nocna"},{"value":22,"label":"REPREZENTACJE"}],"pa_rozmiar":[{"value":57,"label":"XL"}]},"featured_image_src_large":["https:\/\/fts.you2.pl\/wp-content\/uploads\/2025\/09\/Photoroom_040_20250725_110144-1024x1024.png",1024,1024,true],"author_info":[],"comment_info":"","_links":{"self":[{"href":"https:\/\/fts.you2.pl\/en\/wp-json\/wp\/v2\/product\/3171","targetHints":{"allow":["GET"]}}],"collection":[{"href":"https:\/\/fts.you2.pl\/en\/wp-json\/wp\/v2\/product"}],"about":[{"href":"https:\/\/fts.you2.pl\/en\/wp-json\/wp\/v2\/types\/product"}],"wp:featuredmedia":[{"embeddable":true,"href":"https:\/\/fts.you2.pl\/en\/wp-json\/wp\/v2\/media\/15012"}],"wp:attachment":[{"href":"https:\/\/fts.you2.pl\/en\/wp-json\/wp\/v2\/media?parent=3171"}],"wp:term":[{"taxonomy":"product_brand","embeddable":true,"href":"https:\/\/fts.you2.pl\/en\/wp-json\/wp\/v2\/product_brand?post=3171"},{"taxonomy":"product_cat","embeddable":true,"href":"https:\/\/fts.you2.pl\/en\/wp-json\/wp\/v2\/product_cat?post=3171"},{"taxonomy":"product_tag","embeddable":true,"href":"https:\/\/fts.you2.pl\/en\/wp-json\/wp\/v2\/product_tag?post=3171"}],"curies":[{"name":"wp","href":"https:\/\/api.w.org\/{rel}","templated":true}]}}