{"id":3172,"date":"2025-07-27T15:59:39","date_gmt":"2025-07-27T13:59:39","guid":{"rendered":"https:\/\/fts.you2.pl\/index.php\/produkt\/kurtka-zimowa-juventus-fc-1997-99-l\/"},"modified":"2025-09-19T17:19:14","modified_gmt":"2025-09-19T15:19:14","slug":"kurtka-zimowa-juventus-fc-1997-99-l","status":"publish","type":"product","link":"https:\/\/fts.you2.pl\/en\/kurtka-zimowa-juventus-fc-1997-99-l\/","title":{"rendered":"Kurtka zimowa Juventus FC 1997\/99 [L]"},"content":{"rendered":"<p><strong>Klub:<\/strong> Juventus FC<\/p>\n<p><strong>Sezon:<\/strong> 1997\/99<\/p>\n<p><strong>Rozmiar: <\/strong>L<\/p>\n<p><strong>Stan:<\/strong> Doskona\u0142y<\/p>\n<p><strong>Wymiary (szeroko\u015b\u0107 pod pachami\/d\u0142ugo\u015b\u0107) w cm: <\/strong>70\/82<\/p>","protected":false},"excerpt":{"rendered":"<p data-start=\"0\" data-end=\"63\"><strong data-start=\"0\" data-end=\"61\">Oryginalna zimowa kurtka Juventus FC Kappa z lat 1997\/99.<\/strong><\/p>\n<p data-start=\"65\" data-end=\"457\">Wyj\u0105tkowa, <strong data-start=\"76\" data-end=\"119\">klasyczna zimowa kurtka Juventusu Turyn<\/strong> z drugiej po\u0142owy lat 90., zaprojektowana przez kultow\u0105 mark\u0119 <strong data-start=\"181\" data-end=\"190\">Kappa<\/strong>. Ten model by\u0142 noszony przez sztab i zawodnik\u00f3w \u201eStarej Damy\u201d w latach<strong> 1997\u20131999<\/strong>, kiedy klub \u015bwi\u0119ci\u0142 triumfy we w\u0142oskiej Serie A i wyst\u0119powa\u0142 w fina\u0142ach europejskich puchar\u00f3w. Kurtka w eleganckiej, czarnej kolorystyce idealnie oddaje styl i charakter tamtej epoki.<\/p>\n<p data-start=\"459\" data-end=\"945\">Na piersi widnieje haftowane <strong data-start=\"488\" data-end=\"506\">herb Juventusu<\/strong> z dwoma z\u0142otymi gwiazdkami, symbolizuj\u0105cymi wielokrotne mistrzostwa W\u0142och. Na r\u0119kawie znajduje si\u0119 du\u017cy, wyrazisty napis <strong data-start=\"628\" data-end=\"637\">Kappa<\/strong>, a ko\u0142nierz zdobi charakterystyczny wz\u00f3r z logo producenta. To <strong data-start=\"701\" data-end=\"741\">d\u0142uga, ci\u0119\u017cka i bardzo ciep\u0142a kurtka<\/strong>, wykonana z solidnych materia\u0142\u00f3w, zapinana na zamek b\u0142yskawiczny oraz guziki, co gwarantuje doskona\u0142\u0105 ochron\u0119 przed zimnem. Idealna na najch\u0142odniejsze dni, z szerokim krojem typowym dla lat 90.<\/p>\n<p data-start=\"947\" data-end=\"1276\">To <strong data-start=\"950\" data-end=\"996\">kolekcjonerski rarytas dla fan\u00f3w Juventusu<\/strong>, mi\u0142o\u015bnik\u00f3w vintage\u2019owych kurtek pi\u0142karskich oraz sympatyk\u00f3w w\u0142oskiej mody sportowej. \u015awietnie sprawdzi si\u0119 jako element codziennego outfitu retro, a tak\u017ce jako pami\u0105tka z czas\u00f3w, gdy w barwach Juve grali tacy giganci jak Alessandro Del Piero, Zin\u00e9dine Zidane czy Edgar Davids.<\/p>","protected":false},"featured_media":15020,"template":"","meta":{"_kad_blocks_custom_css":"","_kad_blocks_head_custom_js":"","_kad_blocks_body_custom_js":"","_kad_blocks_footer_custom_js":"","_kad_post_transparent":"","_kad_post_title":"","_kad_post_layout":"","_kad_post_sidebar_id":"","_kad_post_content_style":"","_kad_post_vertical_padding":"","_kad_post_feature":"","_kad_post_feature_position":"","_kad_post_header":false,"_kad_post_footer":false},"product_brand":[35],"product_cat":[25,118,31,117,26],"product_tag":[],"class_list":{"0":"post-3172","1":"product","2":"type-product","3":"status-publish","4":"has-post-thumbnail","6":"product_brand-kappa","7":"product_cat-inne","8":"product_cat-juventus-fc","9":"product_cat-kluby-europejskie","10":"product_cat-kluby-wloskie","11":"product_cat-kurtki-bluzy-trening","12":"pa_rozmiar-l","14":"first","15":"instock","16":"taxable","17":"shipping-taxable","18":"purchasable","19":"product-type-simple","20":"entry","21":"content-bg","22":"loop-entry"},"taxonomy_info":{"product_brand":[{"value":35,"label":"Kappa"}],"product_cat":[{"value":25,"label":"Inne"},{"value":118,"label":"Juventus FC"},{"value":31,"label":"Kluby Europejskie"},{"value":117,"label":"Kluby W\u0142oskie"},{"value":26,"label":"Kurtki\/bluzy\/trening"}],"pa_rozmiar":[{"value":39,"label":"L"}]},"featured_image_src_large":["https:\/\/fts.you2.pl\/wp-content\/uploads\/2025\/09\/Photoroom_032_20250725_110144-2-1024x1024.png",1024,1024,true],"author_info":[],"comment_info":"","_links":{"self":[{"href":"https:\/\/fts.you2.pl\/en\/wp-json\/wp\/v2\/product\/3172","targetHints":{"allow":["GET"]}}],"collection":[{"href":"https:\/\/fts.you2.pl\/en\/wp-json\/wp\/v2\/product"}],"about":[{"href":"https:\/\/fts.you2.pl\/en\/wp-json\/wp\/v2\/types\/product"}],"wp:featuredmedia":[{"embeddable":true,"href":"https:\/\/fts.you2.pl\/en\/wp-json\/wp\/v2\/media\/15020"}],"wp:attachment":[{"href":"https:\/\/fts.you2.pl\/en\/wp-json\/wp\/v2\/media?parent=3172"}],"wp:term":[{"taxonomy":"product_brand","embeddable":true,"href":"https:\/\/fts.you2.pl\/en\/wp-json\/wp\/v2\/product_brand?post=3172"},{"taxonomy":"product_cat","embeddable":true,"href":"https:\/\/fts.you2.pl\/en\/wp-json\/wp\/v2\/product_cat?post=3172"},{"taxonomy":"product_tag","embeddable":true,"href":"https:\/\/fts.you2.pl\/en\/wp-json\/wp\/v2\/product_tag?post=3172"}],"curies":[{"name":"wp","href":"https:\/\/api.w.org\/{rel}","templated":true}]}}