{"id":3173,"date":"2025-07-27T15:59:45","date_gmt":"2025-07-27T13:59:45","guid":{"rendered":"https:\/\/fts.you2.pl\/index.php\/produkt\/koszulka-bawelniana-legia-warszawa-2006-07-xxl\/"},"modified":"2025-09-19T17:20:17","modified_gmt":"2025-09-19T15:20:17","slug":"koszulka-bawelniana-legia-warszawa-2006-07-xxl","status":"publish","type":"product","link":"https:\/\/fts.you2.pl\/en\/koszulka-bawelniana-legia-warszawa-2006-07-xxl\/","title":{"rendered":"Koszulka bawe\u0142niana Legia Warszawa 2006\/07 [XXL]"},"content":{"rendered":"<p><strong>Klub:<\/strong> Legia Warszawa<\/p>\n<p><strong>Sezon:<\/strong> 2006\/07<\/p>\n<p><strong>Rozmiar: <\/strong>XXL<\/p>\n<p><strong>Stan:<\/strong> Dobry &#8211; pop\u0119kane logo 'kr\u00f3lewskie&#8217; na froncie oraz nieznacznie skulkowany materia\u0142.<\/p>\n<p><strong>Wymiary (szeroko\u015b\u0107 pod pachami\/d\u0142ugo\u015b\u0107) w cm: <\/strong>60\/75<\/p>","protected":false},"excerpt":{"rendered":"<p><strong>Oryginalna, bawe\u0142niana koszulka pi\u0142karska Legii Warszawa<\/strong> produkcji <strong>Adidasa<\/strong> z sezonu<strong> 2006\/07<\/strong>.<\/p>\n<p>Idealna alternatywa dla os\u00f3b, kt\u00f3re niekoniecznie poszukuj\u0105 wersji domowej czy wyjazdowej. Ta koszulka \u015bwietnie sprawdzi si\u0119 zar\u00f3wno na treningu, jak i w codziennym u\u017cyciu. Przewa\u017caj\u0105 w niej kolory zielony oraz szary, a wszystko dope\u0142nia subtelne logo sponsora &#8217;<strong>Kr\u00f3lewskie<\/strong>&#8217; pod herbem klubu.<\/p>","protected":false},"featured_media":15030,"template":"","meta":{"_kad_blocks_custom_css":"","_kad_blocks_head_custom_js":"","_kad_blocks_body_custom_js":"","_kad_blocks_footer_custom_js":"","_kad_post_transparent":"","_kad_post_title":"","_kad_post_layout":"","_kad_post_sidebar_id":"","_kad_post_content_style":"","_kad_post_vertical_padding":"","_kad_post_feature":"","_kad_post_feature_position":"","_kad_post_header":false,"_kad_post_footer":false},"product_brand":[45],"product_cat":[25,31,159,26,407],"product_tag":[],"class_list":{"0":"post-3173","1":"product","2":"type-product","3":"status-publish","4":"has-post-thumbnail","6":"product_brand-adidas","7":"product_cat-inne","8":"product_cat-kluby-europejskie","9":"product_cat-kluby-polskie","10":"product_cat-kurtki-bluzy-trening","11":"product_cat-legia-warszawa","12":"pa_rozmiar-xxl","14":"first","15":"instock","16":"taxable","17":"shipping-taxable","18":"purchasable","19":"product-type-simple","20":"entry","21":"content-bg","22":"loop-entry"},"taxonomy_info":{"product_brand":[{"value":45,"label":"Adidas"}],"product_cat":[{"value":25,"label":"Inne"},{"value":31,"label":"Kluby Europejskie"},{"value":159,"label":"Kluby Polskie"},{"value":26,"label":"Kurtki\/bluzy\/trening"},{"value":407,"label":"Legia Warszawa"}],"pa_rozmiar":[{"value":71,"label":"XXL"}]},"featured_image_src_large":["https:\/\/fts.you2.pl\/wp-content\/uploads\/2025\/09\/Photoroom_008_20250725_110144-1024x1024.png",1024,1024,true],"author_info":[],"comment_info":"","_links":{"self":[{"href":"https:\/\/fts.you2.pl\/en\/wp-json\/wp\/v2\/product\/3173","targetHints":{"allow":["GET"]}}],"collection":[{"href":"https:\/\/fts.you2.pl\/en\/wp-json\/wp\/v2\/product"}],"about":[{"href":"https:\/\/fts.you2.pl\/en\/wp-json\/wp\/v2\/types\/product"}],"wp:featuredmedia":[{"embeddable":true,"href":"https:\/\/fts.you2.pl\/en\/wp-json\/wp\/v2\/media\/15030"}],"wp:attachment":[{"href":"https:\/\/fts.you2.pl\/en\/wp-json\/wp\/v2\/media?parent=3173"}],"wp:term":[{"taxonomy":"product_brand","embeddable":true,"href":"https:\/\/fts.you2.pl\/en\/wp-json\/wp\/v2\/product_brand?post=3173"},{"taxonomy":"product_cat","embeddable":true,"href":"https:\/\/fts.you2.pl\/en\/wp-json\/wp\/v2\/product_cat?post=3173"},{"taxonomy":"product_tag","embeddable":true,"href":"https:\/\/fts.you2.pl\/en\/wp-json\/wp\/v2\/product_tag?post=3173"}],"curies":[{"name":"wp","href":"https:\/\/api.w.org\/{rel}","templated":true}]}}