{"id":3174,"date":"2025-07-27T15:59:44","date_gmt":"2025-07-27T13:59:44","guid":{"rendered":"https:\/\/fts.you2.pl\/index.php\/produkt\/koszulka-treningowa-wisla-krakow-2016-17-l\/"},"modified":"2025-09-19T17:20:38","modified_gmt":"2025-09-19T15:20:38","slug":"koszulka-treningowa-wisla-krakow-2016-17-l","status":"publish","type":"product","link":"https:\/\/fts.you2.pl\/en\/koszulka-treningowa-wisla-krakow-2016-17-l\/","title":{"rendered":"Koszulka treningowa Wis\u0142a Krak\u00f3w 2016\/17 [L]"},"content":{"rendered":"<p><strong>Klub:<\/strong> Wis\u0142a Krak\u00f3w<\/p>\n<p><strong>Sezon:<\/strong> 2016\/17<\/p>\n<p><strong>Rozmiar: <\/strong>L<\/p>\n<p><strong>Stan:<\/strong> Zadowalaj\u0105cy &#8211; sporo mikro zaci\u0105gni\u0119\u0107.<\/p>\n<p><strong>Wymiary (szeroko\u015b\u0107 pod pachami\/d\u0142ugo\u015b\u0107) w cm: <\/strong>55\/70<\/p>","protected":false},"excerpt":{"rendered":"<p data-start=\"0\" data-end=\"66\"><strong data-start=\"0\" data-end=\"64\">Oryginalna, treningowa koszulka Wis\u0142y Krak\u00f3w z sezonu 201617 produkcji Adidasa.<\/strong><\/p>\n<p data-start=\"68\" data-end=\"503\" data-is-last-node=\"\" data-is-only-node=\"\">Oryginalna <strong data-start=\"79\" data-end=\"132\">koszulka treningowa Wis\u0142y Krak\u00f3w z sezonu 2016\/17<\/strong> w eleganckim, niebieskim kolorze. Wykonana w technologii <strong data-start=\"190\" data-end=\"201\">Adizero<\/strong>, co gwarantuje lekko\u015b\u0107, przewiewno\u015b\u0107 i maksymalny komfort podczas aktywno\u015bci. Na piersi widnieje haftowany herb Wis\u0142y Krak\u00f3w oraz logo <strong data-start=\"337\" data-end=\"347\">Adidas<\/strong>, podkre\u015blaj\u0105c autentyczno\u015b\u0107 produktu. Idealna dla kibic\u00f3w <strong>Bia\u0142ej Gwiazdy<\/strong>, kolekcjoner\u00f3w pi\u0142karskich gad\u017cet\u00f3w i mi\u0142o\u015bnik\u00f3w<\/p>","protected":false},"featured_media":15037,"template":"","meta":{"_kad_blocks_custom_css":"","_kad_blocks_head_custom_js":"","_kad_blocks_body_custom_js":"","_kad_blocks_footer_custom_js":"","_kad_post_transparent":"","_kad_post_title":"","_kad_post_layout":"","_kad_post_sidebar_id":"","_kad_post_content_style":"","_kad_post_vertical_padding":"","_kad_post_feature":"","_kad_post_feature_position":"","_kad_post_header":false,"_kad_post_footer":false},"product_brand":[45],"product_cat":[25,31,159,26,384],"product_tag":[],"class_list":{"0":"post-3174","1":"product","2":"type-product","3":"status-publish","4":"has-post-thumbnail","6":"product_brand-adidas","7":"product_cat-inne","8":"product_cat-kluby-europejskie","9":"product_cat-kluby-polskie","10":"product_cat-kurtki-bluzy-trening","11":"product_cat-wisla-krakow","12":"pa_rozmiar-l","14":"first","15":"instock","16":"taxable","17":"shipping-taxable","18":"purchasable","19":"product-type-simple","20":"entry","21":"content-bg","22":"loop-entry"},"taxonomy_info":{"product_brand":[{"value":45,"label":"Adidas"}],"product_cat":[{"value":25,"label":"Inne"},{"value":31,"label":"Kluby Europejskie"},{"value":159,"label":"Kluby Polskie"},{"value":26,"label":"Kurtki\/bluzy\/trening"},{"value":384,"label":"Wis\u0142a Krak\u00f3w"}],"pa_rozmiar":[{"value":39,"label":"L"}]},"featured_image_src_large":["https:\/\/fts.you2.pl\/wp-content\/uploads\/2025\/09\/Photoroom_022_20250725_110144-1024x1024.png",1024,1024,true],"author_info":[],"comment_info":"","_links":{"self":[{"href":"https:\/\/fts.you2.pl\/en\/wp-json\/wp\/v2\/product\/3174","targetHints":{"allow":["GET"]}}],"collection":[{"href":"https:\/\/fts.you2.pl\/en\/wp-json\/wp\/v2\/product"}],"about":[{"href":"https:\/\/fts.you2.pl\/en\/wp-json\/wp\/v2\/types\/product"}],"wp:featuredmedia":[{"embeddable":true,"href":"https:\/\/fts.you2.pl\/en\/wp-json\/wp\/v2\/media\/15037"}],"wp:attachment":[{"href":"https:\/\/fts.you2.pl\/en\/wp-json\/wp\/v2\/media?parent=3174"}],"wp:term":[{"taxonomy":"product_brand","embeddable":true,"href":"https:\/\/fts.you2.pl\/en\/wp-json\/wp\/v2\/product_brand?post=3174"},{"taxonomy":"product_cat","embeddable":true,"href":"https:\/\/fts.you2.pl\/en\/wp-json\/wp\/v2\/product_cat?post=3174"},{"taxonomy":"product_tag","embeddable":true,"href":"https:\/\/fts.you2.pl\/en\/wp-json\/wp\/v2\/product_tag?post=3174"}],"curies":[{"name":"wp","href":"https:\/\/api.w.org\/{rel}","templated":true}]}}