{"id":3175,"date":"2025-07-30T10:36:58","date_gmt":"2025-07-30T08:36:58","guid":{"rendered":"https:\/\/fts.you2.pl\/index.php\/produkt\/koszulka-treningowa-brazylia-2008-10-m\/"},"modified":"2025-09-19T17:21:01","modified_gmt":"2025-09-19T15:21:01","slug":"koszulka-treningowa-brazylia-2008-10-m","status":"publish","type":"product","link":"https:\/\/fts.you2.pl\/en\/koszulka-treningowa-brazylia-2008-10-m\/","title":{"rendered":"Koszulka treningowa Brazylia 2008\/10 [M]"},"content":{"rendered":"<p><strong>Klub:<\/strong> Brazylia<\/p>\n<p><strong>Sezon:<\/strong> 2008\/10<\/p>\n<p><strong>Rozmiar: <\/strong>M<\/p>\n<p><strong>Stan:\u00a0<\/strong>Bardzo dobry &#8211; kilka mikro zaci\u0105gni\u0119\u0107 oraz pop\u0119kane logo Nike na karku.<\/p>\n<p><strong>Wymiary (szeroko\u015b\u0107 pod pachami\/d\u0142ugo\u015b\u0107) w cm:\u00a0<\/strong>52\/73<\/p>","protected":false},"excerpt":{"rendered":"<article class=\"text-token-text-primary w-full focus:outline-none scroll-mt-[calc(var(--header-height)+min(200px,max(70px,20svh)))]\" dir=\"auto\" tabindex=\"-1\" data-turn-id=\"request-6889f6f2-4b18-832f-a18d-67852bf3e672-25\" data-testid=\"conversation-turn-184\" data-scroll-anchor=\"true\" data-turn=\"assistant\">\n<div class=\"text-base my-auto mx-auto pb-10 [--thread-content-margin:--spacing(4)] @[37rem]:[--thread-content-margin:--spacing(6)] @[72rem]:[--thread-content-margin:--spacing(16)] px-(--thread-content-margin)\">\n<div class=\"[--thread-content-max-width:32rem] @[34rem]:[--thread-content-max-width:40rem] @[64rem]:[--thread-content-max-width:48rem] mx-auto max-w-(--thread-content-max-width) flex-1 group\/turn-messages focus-visible:outline-hidden relative flex w-full min-w-0 flex-col agent-turn\" tabindex=\"-1\">\n<div class=\"flex max-w-full flex-col grow\">\n<div class=\"min-h-8 text-message relative flex w-full flex-col items-end gap-2 text-start break-words whitespace-normal [.text-message+&amp;]:mt-5\" dir=\"auto\" data-message-author-role=\"assistant\" data-message-id=\"8444eadb-dce2-428a-ac3f-7079d0696995\" data-message-model-slug=\"gpt-4o\">\n<div class=\"flex w-full flex-col gap-1 empty:hidden first:pt-[3px]\">\n<div class=\"markdown prose dark:prose-invert w-full break-words light markdown-new-styling\">\n<p data-start=\"0\" data-end=\"93\"><strong data-start=\"0\" data-end=\"91\">Oryginalna treningowa koszulka reprezentacji Brazylii z lat 2008\u20132010 \u2013 produkcji Nike.<\/strong><\/p>\n<p data-start=\"95\" data-end=\"343\">Ta <strong data-start=\"98\" data-end=\"155\">oryginalna treningowa koszulka reprezentacji Brazylii<\/strong> z lat <strong data-start=\"162\" data-end=\"175\">2008\u20132010<\/strong>, wyprodukowana przez <strong data-start=\"197\" data-end=\"205\">Nike<\/strong>, to oficjalny model u\u017cywany przez pi\u0142karzy \u201eCanarinhos\u201d podczas przygotowa\u0144 do mecz\u00f3w w okresie kwalifikacji do Mistrzostw \u015awiata 2010.<\/p>\n<p data-start=\"345\" data-end=\"697\">Koszulka zosta\u0142a utrzymana w <strong data-start=\"374\" data-end=\"411\">charakterystycznym \u017c\u00f3\u0142tym kolorze<\/strong>, symbolizuj\u0105cym <strong data-start=\"428\" data-end=\"486\">najbardziej rozpoznawalne barwy brazylijskiego futbolu<\/strong>. Na piersi znajduje si\u0119 <strong data-start=\"511\" data-end=\"570\">\u00a0herb CBF (Confedera\u00e7\u00e3o Brasileira de Futebol)<\/strong> oraz <strong data-start=\"576\" data-end=\"589\">logo Nike<\/strong>, a ca\u0142o\u015b\u0107 uzupe\u0142nia minimalistyczny i nowoczesny design typowy dla treningowej linii Nike z ko\u0144ca lat 2000.<\/p>\n<p data-start=\"699\" data-end=\"933\">Wykonana w technologii <strong data-start=\"722\" data-end=\"733\">Dri-FIT<\/strong>, koszulka zapewnia <strong data-start=\"753\" data-end=\"809\">wysoki komfort, przewiewno\u015b\u0107 i odprowadzanie wilgoci<\/strong>, dzi\u0119ki czemu doskonale sprawdza si\u0119 zar\u00f3wno podczas aktywno\u015bci fizycznej, jak i jako stylowy element codziennej garderoby.<\/p>\n<p data-start=\"935\" data-end=\"1226\">W tamtym okresie reprezentacj\u0119 Brazylii reprezentowa\u0142y gwiazdy \u015bwiatowego formatu, takie jak <strong data-start=\"1028\" data-end=\"1077\">Kak\u00e1, Ronaldinho, Robinho, Dani Alves, Maicon<\/strong> czy <strong data-start=\"1082\" data-end=\"1098\">Luis Fabiano<\/strong>, a dru\u017cyna prowadzona przez <strong data-start=\"1127\" data-end=\"1136\">Dung\u0119<\/strong> z powodzeniem przesz\u0142a przez kwalifikacje i triumfowa\u0142a w <strong data-start=\"1195\" data-end=\"1225\">Pucharze Konfederacji 2009<\/strong>.<\/p>\n<p data-start=\"1228\" data-end=\"1477\" data-is-last-node=\"\" data-is-only-node=\"\">To koszulka, kt\u00f3ra \u0142\u0105czy w sobie <strong data-start=\"1261\" data-end=\"1332\">funkcjonalno\u015b\u0107, ponadczasowy styl i brazylijsk\u0105 to\u017csamo\u015b\u0107 pi\u0142karsk\u0105<\/strong>. \u015awietna propozycja dla fan\u00f3w reprezentacji Brazylii i kolekcjoner\u00f3w, kt\u00f3rzy ceni\u0105 <strong data-start=\"1416\" data-end=\"1476\">oryginalne elementy z profesjonalnych linii treningowych<\/strong>.<\/p>\n<\/div>\n<\/div>\n<\/div>\n<\/div>\n<\/div>\n<\/div>\n<\/article>\n<div class=\"pointer-events-none h-px w-px\" aria-hidden=\"true\" data-edge=\"true\"><\/div>","protected":false},"featured_media":15045,"template":"","meta":{"_kad_blocks_custom_css":"","_kad_blocks_head_custom_js":"","_kad_blocks_body_custom_js":"","_kad_blocks_footer_custom_js":"","_kad_post_transparent":"","_kad_post_title":"","_kad_post_layout":"","_kad_post_sidebar_id":"","_kad_post_content_style":"","_kad_post_vertical_padding":"","_kad_post_feature":"","_kad_post_feature_position":"","_kad_post_header":false,"_kad_post_footer":false},"product_brand":[55],"product_cat":[77,78,25,26,22],"product_tag":[],"class_list":{"0":"post-3175","1":"product","2":"type-product","3":"status-publish","4":"has-post-thumbnail","6":"product_brand-nike","7":"product_cat-ameryka-poludniowa-reprezentacje","8":"product_cat-brazylia","9":"product_cat-inne","10":"product_cat-kurtki-bluzy-trening","11":"product_cat-reprezentacje","12":"pa_rozmiar-m","14":"first","15":"instock","16":"taxable","17":"shipping-taxable","18":"purchasable","19":"product-type-simple","20":"entry","21":"content-bg","22":"loop-entry"},"taxonomy_info":{"product_brand":[{"value":55,"label":"Nike"}],"product_cat":[{"value":77,"label":"Ameryka Po\u0142udniowa"},{"value":78,"label":"Brazylia"},{"value":25,"label":"Inne"},{"value":26,"label":"Kurtki\/bluzy\/trening"},{"value":22,"label":"REPREZENTACJE"}],"pa_rozmiar":[{"value":28,"label":"M"}]},"featured_image_src_large":["https:\/\/fts.you2.pl\/wp-content\/uploads\/2025\/09\/Photoroom_040_20250801_191221-1024x1024.png",1024,1024,true],"author_info":[],"comment_info":"","_links":{"self":[{"href":"https:\/\/fts.you2.pl\/en\/wp-json\/wp\/v2\/product\/3175","targetHints":{"allow":["GET"]}}],"collection":[{"href":"https:\/\/fts.you2.pl\/en\/wp-json\/wp\/v2\/product"}],"about":[{"href":"https:\/\/fts.you2.pl\/en\/wp-json\/wp\/v2\/types\/product"}],"wp:featuredmedia":[{"embeddable":true,"href":"https:\/\/fts.you2.pl\/en\/wp-json\/wp\/v2\/media\/15045"}],"wp:attachment":[{"href":"https:\/\/fts.you2.pl\/en\/wp-json\/wp\/v2\/media?parent=3175"}],"wp:term":[{"taxonomy":"product_brand","embeddable":true,"href":"https:\/\/fts.you2.pl\/en\/wp-json\/wp\/v2\/product_brand?post=3175"},{"taxonomy":"product_cat","embeddable":true,"href":"https:\/\/fts.you2.pl\/en\/wp-json\/wp\/v2\/product_cat?post=3175"},{"taxonomy":"product_tag","embeddable":true,"href":"https:\/\/fts.you2.pl\/en\/wp-json\/wp\/v2\/product_tag?post=3175"}],"curies":[{"name":"wp","href":"https:\/\/api.w.org\/{rel}","templated":true}]}}