{"id":3178,"date":"2025-08-03T15:49:28","date_gmt":"2025-08-03T13:49:28","guid":{"rendered":"https:\/\/fts.you2.pl\/index.php\/produkt\/koszulka-treningowa-fc-barcelona-2014-15-s\/"},"modified":"2025-09-19T17:22:41","modified_gmt":"2025-09-19T15:22:41","slug":"koszulka-treningowa-fc-barcelona-2014-15-s","status":"publish","type":"product","link":"https:\/\/fts.you2.pl\/en\/koszulka-treningowa-fc-barcelona-2014-15-s\/","title":{"rendered":"Koszulka treningowa FC Barcelona 2014\/15 [S]"},"content":{"rendered":"<p><strong>Klub:<\/strong> FC Barcelona<\/p>\n<p><strong>Sezon:<\/strong> 2014\/15<\/p>\n<p><strong>Rozmiar: <\/strong>S<\/p>\n<p><strong>Stan:<\/strong> Doskona\u0142y<\/p>\n<p><strong>Wymiary (szeroko\u015b\u0107 pod pachami\/d\u0142ugo\u015b\u0107) w cm: <\/strong>48\/67<\/p>","protected":false},"excerpt":{"rendered":"<p data-start=\"0\" data-end=\"451\"><strong data-start=\"0\" data-end=\"82\">Oryginalna koszulka treningowa FC Barcelony z sezonu 2014\/15 \u2013 produkcji Nike.<\/strong><\/p>\n<p data-start=\"0\" data-end=\"451\"><br data-start=\"82\" data-end=\"85\" \/>Ta <strong data-start=\"88\" data-end=\"145\" data-is-only-node=\"\">oryginalna treningowa koszulka pi\u0142karska FC Barcelony<\/strong> z sezonu <strong data-start=\"155\" data-end=\"166\">2014\/15<\/strong> to oficjalny model treningowy wyprodukowany przez <strong data-start=\"217\" data-end=\"225\">Nike<\/strong>, zaprojektowany z my\u015bl\u0105 o profesjonalnych sesjach treningowych \u201eBlaugrany\u201d. Utrzymana w efektownym po\u0142\u0105czeniu <strong data-start=\"336\" data-end=\"351\">granatowego<\/strong> i <strong data-start=\"354\" data-end=\"379\">pomara\u0144czowego koloru<\/strong>, koszulka wyr\u00f3\u017cnia si\u0119 nowoczesnym wygl\u0105dem oraz sportowym charakterem.<\/p>\n<p data-start=\"453\" data-end=\"779\">Na piersi umieszczono <strong data-start=\"475\" data-end=\"496\">herb FC Barcelony <\/strong>oraz\u00a0logo <strong data-start=\"503\" data-end=\"511\">Nike<\/strong>, co nadaje jej autentyczny, klubowy charakter. Wykonana z lekkiego, oddychaj\u0105cego materia\u0142u w technologii <strong data-start=\"658\" data-end=\"669\">Dri-FIT<\/strong>, zapewnia komfort noszenia i odprowadzanie wilgoci \u2013 zar\u00f3wno podczas aktywno\u015bci fizycznej, jak i na co dzie\u0144.<\/p>\n<p data-start=\"781\" data-end=\"1085\" data-is-last-node=\"\" data-is-only-node=\"\">Model pochodzi z sezonu, w kt\u00f3rym FC Barcelona pod wodz\u0105 <strong data-start=\"838\" data-end=\"855\">Luisa Enrique<\/strong> zdoby\u0142a <strong data-start=\"864\" data-end=\"883\">potr\u00f3jn\u0105 koron\u0119<\/strong>, triumfuj\u0105c w <strong data-start=\"898\" data-end=\"923\">La Liga, Copa del Rey<\/strong> i <strong data-start=\"926\" data-end=\"949\">Lidze Mistrz\u00f3w UEFA<\/strong>. To \u015bwietna propozycja dla fan\u00f3w, kt\u00f3rzy chc\u0105 mie\u0107 w swojej kolekcji koszulk\u0119 z jednego z najbardziej udanych sezon\u00f3w w historii klubu.<\/p>","protected":false},"featured_media":15067,"template":"","meta":{"_kad_blocks_custom_css":"","_kad_blocks_head_custom_js":"","_kad_blocks_body_custom_js":"","_kad_blocks_footer_custom_js":"","_kad_post_transparent":"","_kad_post_title":"","_kad_post_layout":"","_kad_post_sidebar_id":"","_kad_post_content_style":"","_kad_post_vertical_padding":"","_kad_post_feature":"","_kad_post_feature_position":"","_kad_post_header":false,"_kad_post_footer":false},"product_brand":[55],"product_cat":[248,25,31,87,26],"product_tag":[],"class_list":{"0":"post-3178","1":"product","2":"type-product","3":"status-publish","4":"has-post-thumbnail","6":"product_brand-nike","7":"product_cat-fc-barcelona","8":"product_cat-inne","9":"product_cat-kluby-europejskie","10":"product_cat-kluby-hiszpanskie","11":"product_cat-kurtki-bluzy-trening","12":"pa_rozmiar-s","14":"first","15":"instock","16":"taxable","17":"shipping-taxable","18":"purchasable","19":"product-type-simple","20":"entry","21":"content-bg","22":"loop-entry"},"taxonomy_info":{"product_brand":[{"value":55,"label":"Nike"}],"product_cat":[{"value":248,"label":"FC Barcelona"},{"value":25,"label":"Inne"},{"value":31,"label":"Kluby Europejskie"},{"value":87,"label":"Kluby Hiszpa\u0144skie"},{"value":26,"label":"Kurtki\/bluzy\/trening"}],"pa_rozmiar":[{"value":19,"label":"S"}]},"featured_image_src_large":["https:\/\/fts.you2.pl\/wp-content\/uploads\/2025\/09\/Photoroom_006_20250801_191221-1024x1024.png",1024,1024,true],"author_info":[],"comment_info":"","_links":{"self":[{"href":"https:\/\/fts.you2.pl\/en\/wp-json\/wp\/v2\/product\/3178","targetHints":{"allow":["GET"]}}],"collection":[{"href":"https:\/\/fts.you2.pl\/en\/wp-json\/wp\/v2\/product"}],"about":[{"href":"https:\/\/fts.you2.pl\/en\/wp-json\/wp\/v2\/types\/product"}],"wp:featuredmedia":[{"embeddable":true,"href":"https:\/\/fts.you2.pl\/en\/wp-json\/wp\/v2\/media\/15067"}],"wp:attachment":[{"href":"https:\/\/fts.you2.pl\/en\/wp-json\/wp\/v2\/media?parent=3178"}],"wp:term":[{"taxonomy":"product_brand","embeddable":true,"href":"https:\/\/fts.you2.pl\/en\/wp-json\/wp\/v2\/product_brand?post=3178"},{"taxonomy":"product_cat","embeddable":true,"href":"https:\/\/fts.you2.pl\/en\/wp-json\/wp\/v2\/product_cat?post=3178"},{"taxonomy":"product_tag","embeddable":true,"href":"https:\/\/fts.you2.pl\/en\/wp-json\/wp\/v2\/product_tag?post=3178"}],"curies":[{"name":"wp","href":"https:\/\/api.w.org\/{rel}","templated":true}]}}