{"id":3179,"date":"2025-08-03T15:49:26","date_gmt":"2025-08-03T13:49:26","guid":{"rendered":"https:\/\/fts.you2.pl\/index.php\/produkt\/koszulka-pilkarska-fc-koln-2010-11-away-m\/"},"modified":"2025-09-19T17:23:05","modified_gmt":"2025-09-19T15:23:05","slug":"koszulka-pilkarska-fc-koln-2010-11-away-m","status":"publish","type":"product","link":"https:\/\/fts.you2.pl\/en\/koszulka-pilkarska-fc-koln-2010-11-away-m\/","title":{"rendered":"Koszulka pi\u0142karska FC Koln 2010\/11 Away [M]"},"content":{"rendered":"<p><strong>Klub:<\/strong> FC Koln<\/p>\n<p><strong>Sezon:<\/strong> 2010\/11 Away<\/p>\n<p><strong>Rozmiar: <\/strong>M<\/p>\n<p><strong>Stan:<\/strong> Dobry &#8211; nieznacznie uszkodzona nalepka 'PlayDry&#8217; na froncie oraz drobne zabrudzenie na plecach.<\/p>\n<p><strong>Wymiary (szeroko\u015b\u0107 pod pachami\/d\u0142ugo\u015b\u0107) w cm: <\/strong>53\/70(prz\u00f3d), 76(ty\u0142)<\/p>","protected":false},"excerpt":{"rendered":"<p data-start=\"0\" data-end=\"432\"><strong data-start=\"0\" data-end=\"79\">Oryginalna koszulka wyjazdowa FC K\u00f6ln z sezonu 2010\/11 \u2013 produkcji Reeboka.<\/strong><\/p>\n<p data-start=\"0\" data-end=\"432\"><br data-start=\"79\" data-end=\"82\" \/>Ta <strong data-start=\"85\" data-end=\"136\">oryginalna wyjazdowa koszulka pi\u0142karska FC K\u00f6ln<\/strong> z sezonu <strong data-start=\"146\" data-end=\"157\">2010\/11<\/strong> to oficjalny model stworzony przez <strong data-start=\"193\" data-end=\"204\">Reeboka<\/strong>, utrzymany w nowoczesnym po\u0142\u0105czeniu <strong data-start=\"241\" data-end=\"259\">bieli i czerni<\/strong>. Koszulka wyr\u00f3\u017cnia si\u0119 eleganckim designem z kontrastowymi czerwonymi wstawkami oraz logo sponsora <strong data-start=\"348\" data-end=\"356\">REWE<\/strong> na froncie. Na piersi umieszczono <strong data-start=\"391\" data-end=\"410\">herb 1. FC K\u00f6ln<\/strong> oraz logo producenta.<\/p>\n<p data-start=\"434\" data-end=\"737\" data-is-last-node=\"\" data-is-only-node=\"\">Model pochodzi z sezonu, w kt\u00f3rym klub rywalizowa\u0142 w <strong data-start=\"487\" data-end=\"502\">Bundeslidze<\/strong>, a jego barwy reprezentowali m.in. <strong data-start=\"538\" data-end=\"556\">Lukas Podolski<\/strong> i <strong data-start=\"559\" data-end=\"581\">Milivoje Novakovi\u0107<\/strong>. Wykonana z lekkiego materia\u0142u, koszulka oferuje <strong data-start=\"631\" data-end=\"657\">wygod\u0119 i sportowy styl<\/strong>, idealna dla fan\u00f3w niemieckiej pi\u0142ki oraz <strong data-start=\"700\" data-end=\"736\">kolekcjoner\u00f3w koszulek klubowych<\/strong>.<\/p>","protected":false},"featured_media":15074,"template":"","meta":{"_kad_blocks_custom_css":"","_kad_blocks_head_custom_js":"","_kad_blocks_body_custom_js":"","_kad_blocks_footer_custom_js":"","_kad_post_transparent":"","_kad_post_title":"","_kad_post_layout":"","_kad_post_sidebar_id":"","_kad_post_content_style":"","_kad_post_vertical_padding":"","_kad_post_feature":"","_kad_post_feature_position":"","_kad_post_header":false,"_kad_post_footer":false},"product_brand":[30],"product_cat":[31,46,174],"product_tag":[],"class_list":{"0":"post-3179","1":"product","2":"type-product","3":"status-publish","4":"has-post-thumbnail","6":"product_brand-reebok","7":"product_cat-kluby-europejskie","8":"product_cat-kluby-niemieckie","9":"product_cat-pozostale-kluby-niemieckie","10":"pa_rozmiar-m","12":"first","13":"instock","14":"taxable","15":"shipping-taxable","16":"purchasable","17":"product-type-simple","18":"entry","19":"content-bg","20":"loop-entry"},"taxonomy_info":{"product_brand":[{"value":30,"label":"Reebok"}],"product_cat":[{"value":31,"label":"Kluby Europejskie"},{"value":46,"label":"Kluby Niemieckie"},{"value":174,"label":"Pozosta\u0142e kluby niemieckie"}],"pa_rozmiar":[{"value":28,"label":"M"}]},"featured_image_src_large":["https:\/\/fts.you2.pl\/wp-content\/uploads\/2025\/09\/Photoroom_030_20250801_191221-1024x1024.png",1024,1024,true],"author_info":[],"comment_info":"","_links":{"self":[{"href":"https:\/\/fts.you2.pl\/en\/wp-json\/wp\/v2\/product\/3179","targetHints":{"allow":["GET"]}}],"collection":[{"href":"https:\/\/fts.you2.pl\/en\/wp-json\/wp\/v2\/product"}],"about":[{"href":"https:\/\/fts.you2.pl\/en\/wp-json\/wp\/v2\/types\/product"}],"wp:featuredmedia":[{"embeddable":true,"href":"https:\/\/fts.you2.pl\/en\/wp-json\/wp\/v2\/media\/15074"}],"wp:attachment":[{"href":"https:\/\/fts.you2.pl\/en\/wp-json\/wp\/v2\/media?parent=3179"}],"wp:term":[{"taxonomy":"product_brand","embeddable":true,"href":"https:\/\/fts.you2.pl\/en\/wp-json\/wp\/v2\/product_brand?post=3179"},{"taxonomy":"product_cat","embeddable":true,"href":"https:\/\/fts.you2.pl\/en\/wp-json\/wp\/v2\/product_cat?post=3179"},{"taxonomy":"product_tag","embeddable":true,"href":"https:\/\/fts.you2.pl\/en\/wp-json\/wp\/v2\/product_tag?post=3179"}],"curies":[{"name":"wp","href":"https:\/\/api.w.org\/{rel}","templated":true}]}}