{"id":3181,"date":"2025-08-03T15:49:25","date_gmt":"2025-08-03T13:49:25","guid":{"rendered":"https:\/\/fts.you2.pl\/index.php\/produkt\/koszulka-treningowa-francja-2012-14-xl\/"},"modified":"2025-09-19T17:24:01","modified_gmt":"2025-09-19T15:24:01","slug":"koszulka-treningowa-francja-2012-14-xl","status":"publish","type":"product","link":"https:\/\/fts.you2.pl\/en\/koszulka-treningowa-francja-2012-14-xl\/","title":{"rendered":"Koszulka treningowa Francja 2012\/14 [XL]"},"content":{"rendered":"<p><strong>Klub:<\/strong> Francja<\/p>\n<p><strong>Sezon:<\/strong> 2012\/14<\/p>\n<p><strong>Rozmiar: <\/strong>XL<\/p>\n<p><strong>Stan:<\/strong> Bardzo dobry &#8211; jedno mikro zaci\u0105gni\u0119cie na plecach.<\/p>\n<p><strong>Wymiary (szeroko\u015b\u0107 pod pachami\/d\u0142ugo\u015b\u0107) w cm: <\/strong>58\/76<\/p>","protected":false},"excerpt":{"rendered":"<p><strong data-start=\"0\" data-end=\"90\" data-is-only-node=\"\">Oryginalna treningowa koszulka reprezentacji Francji z lat 2012\u20132014 \u2013 produkcji Nike.<\/strong><\/p>\n<p><br data-start=\"90\" data-end=\"93\" \/>Ta <strong data-start=\"96\" data-end=\"152\">oryginalna koszulka treningowa reprezentacji Francji<\/strong> z lat <strong data-start=\"159\" data-end=\"172\">2012\u20132014<\/strong> to oficjalny model stworzony przez <strong data-start=\"208\" data-end=\"216\">Nike<\/strong>, wyr\u00f3\u017cniaj\u0105cy si\u0119 efektownym <strong data-start=\"246\" data-end=\"268\">turkusowym kolorem<\/strong> i minimalistycznym designem. Na piersi znajduje si\u0119<strong data-start=\"321\" data-end=\"343\">\u00a0herb FFF<\/strong> oraz logo Nike, a ca\u0142o\u015b\u0107 wykonana jest z lekkiego, oddychaj\u0105cego materia\u0142u z technologi\u0105 <strong data-start=\"433\" data-end=\"444\">Dri-FIT<\/strong>, zapewniaj\u0105c\u0105 wygod\u0119 podczas treningu i codziennego noszenia. \u015awietna propozycja dla fan\u00f3w <strong data-start=\"536\" data-end=\"549\">Les Bleus<\/strong> i kolekcjoner\u00f3w nowoczesnej odzie\u017cy pi\u0142karskiej.<\/p>","protected":false},"featured_media":15091,"template":"","meta":{"_kad_blocks_custom_css":"","_kad_blocks_head_custom_js":"","_kad_blocks_body_custom_js":"","_kad_blocks_footer_custom_js":"","_kad_post_transparent":"","_kad_post_title":"","_kad_post_layout":"","_kad_post_sidebar_id":"","_kad_post_content_style":"","_kad_post_vertical_padding":"","_kad_post_feature":"","_kad_post_feature_position":"","_kad_post_header":false,"_kad_post_footer":false},"product_brand":[55],"product_cat":[23,267,25,26,22],"product_tag":[],"class_list":{"0":"post-3181","1":"product","2":"type-product","3":"status-publish","4":"has-post-thumbnail","6":"product_brand-nike","7":"product_cat-europa","8":"product_cat-francja","9":"product_cat-inne","10":"product_cat-kurtki-bluzy-trening","11":"product_cat-reprezentacje","12":"pa_rozmiar-xl","14":"first","15":"instock","16":"taxable","17":"shipping-taxable","18":"purchasable","19":"product-type-simple","20":"entry","21":"content-bg","22":"loop-entry"},"taxonomy_info":{"product_brand":[{"value":55,"label":"Nike"}],"product_cat":[{"value":23,"label":"Europa"},{"value":267,"label":"Francja"},{"value":25,"label":"Inne"},{"value":26,"label":"Kurtki\/bluzy\/trening"},{"value":22,"label":"REPREZENTACJE"}],"pa_rozmiar":[{"value":57,"label":"XL"}]},"featured_image_src_large":["https:\/\/fts.you2.pl\/wp-content\/uploads\/2025\/09\/Photoroom_010_20250801_191221-1024x1024.png",1024,1024,true],"author_info":[],"comment_info":"","_links":{"self":[{"href":"https:\/\/fts.you2.pl\/en\/wp-json\/wp\/v2\/product\/3181","targetHints":{"allow":["GET"]}}],"collection":[{"href":"https:\/\/fts.you2.pl\/en\/wp-json\/wp\/v2\/product"}],"about":[{"href":"https:\/\/fts.you2.pl\/en\/wp-json\/wp\/v2\/types\/product"}],"wp:featuredmedia":[{"embeddable":true,"href":"https:\/\/fts.you2.pl\/en\/wp-json\/wp\/v2\/media\/15091"}],"wp:attachment":[{"href":"https:\/\/fts.you2.pl\/en\/wp-json\/wp\/v2\/media?parent=3181"}],"wp:term":[{"taxonomy":"product_brand","embeddable":true,"href":"https:\/\/fts.you2.pl\/en\/wp-json\/wp\/v2\/product_brand?post=3181"},{"taxonomy":"product_cat","embeddable":true,"href":"https:\/\/fts.you2.pl\/en\/wp-json\/wp\/v2\/product_cat?post=3181"},{"taxonomy":"product_tag","embeddable":true,"href":"https:\/\/fts.you2.pl\/en\/wp-json\/wp\/v2\/product_tag?post=3181"}],"curies":[{"name":"wp","href":"https:\/\/api.w.org\/{rel}","templated":true}]}}