{"id":3182,"date":"2025-08-03T15:49:24","date_gmt":"2025-08-03T13:49:24","guid":{"rendered":"https:\/\/fts.you2.pl\/index.php\/produkt\/koszulka-pilkarska-inter-mediolan-2004-05-home-xxl\/"},"modified":"2025-09-19T17:24:28","modified_gmt":"2025-09-19T15:24:28","slug":"koszulka-pilkarska-inter-mediolan-2004-05-home-xxl","status":"publish","type":"product","link":"https:\/\/fts.you2.pl\/en\/koszulka-pilkarska-inter-mediolan-2004-05-home-xxl\/","title":{"rendered":"Koszulka pi\u0142karska Inter Mediolan 2004\/05 Home [XXL]"},"content":{"rendered":"<p><strong>Klub:<\/strong> Inter Mediolan<\/p>\n<p><strong>Sezon:<\/strong> 2004\/05 Home<\/p>\n<p><strong>Rozmiar: <\/strong>XXL<\/p>\n<p><strong>Stan:<\/strong> Bardzo dobry &#8211; nieznacznie uszkodzony nadruk sponsora na froncie.<\/p>\n<p><strong>Wymiary (szeroko\u015b\u0107 pod pachami\/d\u0142ugo\u015b\u0107) w cm: <\/strong>66\/79<\/p>","protected":false},"excerpt":{"rendered":"<article class=\"text-token-text-primary w-full focus:outline-none scroll-mt-[calc(var(--header-height)+min(200px,max(70px,20svh)))]\" dir=\"auto\" tabindex=\"-1\" data-testid=\"conversation-turn-80\" data-scroll-anchor=\"true\" data-turn=\"assistant\">\n<div class=\"text-base my-auto mx-auto pb-10 [--thread-content-margin:--spacing(4)] @[37rem]:[--thread-content-margin:--spacing(6)] @[72rem]:[--thread-content-margin:--spacing(16)] px-(--thread-content-margin)\">\n<div class=\"[--thread-content-max-width:32rem] @[34rem]:[--thread-content-max-width:40rem] @[64rem]:[--thread-content-max-width:48rem] mx-auto max-w-(--thread-content-max-width) flex-1 group\/turn-messages focus-visible:outline-hidden relative flex w-full min-w-0 flex-col agent-turn\" tabindex=\"-1\">\n<div class=\"flex max-w-full flex-col grow\">\n<div class=\"min-h-8 text-message relative flex w-full flex-col items-end gap-2 text-start break-words whitespace-normal [.text-message+&amp;]:mt-5\" dir=\"auto\" data-message-author-role=\"assistant\" data-message-id=\"362df301-a477-4ba7-ac11-1e6a72aef2e1\" data-message-model-slug=\"gpt-4o\">\n<div class=\"flex w-full flex-col gap-1 empty:hidden first:pt-[3px]\">\n<div class=\"markdown prose dark:prose-invert w-full break-words light\">\n<p data-start=\"0\" data-end=\"548\"><strong data-start=\"0\" data-end=\"101\">Oryginalna koszulka pi\u0142karska Interu Mediolan z sezonu 2004\/05 w wersji domowej \u2013 produkcji Nike.<\/strong><\/p>\n<p data-start=\"0\" data-end=\"548\"><br data-start=\"101\" data-end=\"104\" \/>Ta <strong data-start=\"107\" data-end=\"163\">oryginalna domowa koszulka pi\u0142karska Interu Mediolan<\/strong> z sezonu <strong data-start=\"173\" data-end=\"184\">2004\/05<\/strong> to klasyczny model wyprodukowany przez firm\u0119 <strong data-start=\"230\" data-end=\"238\">Nike<\/strong>, stanowi\u0105cy idealne po\u0142\u0105czenie tradycji i nowoczesno\u015bci w klubowym designie. Koszulka zachowuje charakterystyczne dla \u201eNerazzurrich\u201d <strong data-start=\"372\" data-end=\"398\">czarno-niebieskie pasy<\/strong>, kt\u00f3re w tym projekcie maj\u0105 prosty i elegancki uk\u0142ad, nawi\u0105zuj\u0105cy do dziedzictwa klubu, a jednocze\u015bnie wpisuj\u0105cy si\u0119 w stylistyk\u0119 wczesnych lat 2000.<\/p>\n<p data-start=\"550\" data-end=\"946\">Na froncie koszulki widnieje <strong data-start=\"579\" data-end=\"613\">haftowany herb Interu Mediolan<\/strong>, logo <strong data-start=\"620\" data-end=\"628\">Nike<\/strong> oraz sponsor g\u0142\u00f3wny \u2013 <strong data-start=\"651\" data-end=\"662\">Pirelli<\/strong>, kt\u00f3ry przez wiele lat stanowi\u0142 nieod\u0142\u0105czny element klubowych stroj\u00f3w. Klasyczny kr\u00f3j z serii T90 dodaje jej stylowego charakteru, czyni\u0105c ten model zar\u00f3wno <strong data-start=\"837\" data-end=\"872\">funkcjonalnym strojem sportowym<\/strong>, jak i <strong data-start=\"880\" data-end=\"913\">efektownym elementem kolekcji<\/strong> dla ka\u017cdego fana w\u0142oskiej pi\u0142ki.<\/p>\n<p data-start=\"948\" data-end=\"1424\">Sezon <strong data-start=\"954\" data-end=\"965\">2004\/05<\/strong> by\u0142 dla Interu okresem du\u017cych ambicji \u2013 klub rywalizowa\u0142 w <strong data-start=\"1025\" data-end=\"1057\">Serie A, Lidze Mistrz\u00f3w UEFA<\/strong> i zdoby\u0142 <strong data-start=\"1067\" data-end=\"1083\">Coppa Italia<\/strong>, pokonuj\u0105c AS Rom\u0119 w dwumeczu fina\u0142owym. W zespole prowadzonym przez <strong data-start=\"1153\" data-end=\"1175\">Roberto Manciniego<\/strong> wyst\u0119powali znakomici pi\u0142karze, tacy jak <strong data-start=\"1217\" data-end=\"1280\">Javier Zanetti, Adriano, Esteban Cambiasso, Dejan Stankovi\u0107<\/strong> czy m\u0142ody <strong data-start=\"1291\" data-end=\"1313\">Zlatan Ibrahimovi\u0107<\/strong>. Koszulka ta to pami\u0105tka z czas\u00f3w, kiedy Inter budowa\u0142 fundamenty pod przysz\u0142\u0105 dominacj\u0119 w kolejnych sezonach.<\/p>\n<p data-start=\"1426\" data-end=\"1736\">Wykonana z materia\u0142\u00f3w wysokiej jako\u015bci koszulka zapewnia\u0142a <strong data-start=\"1533\" data-end=\"1559\">oddychalno\u015b\u0107 i komfort<\/strong> zar\u00f3wno podczas meczu, jak i codziennego u\u017cytkowania. To model, kt\u00f3ry zachowa\u0142 si\u0119 jako jeden z bardziej rozpoznawalnych projekt\u00f3w domowych stroj\u00f3w Interu z pocz\u0105tku XXI wieku.<\/p>\n<p data-start=\"2006\" data-end=\"2261\" data-is-last-node=\"\" data-is-only-node=\"\"><strong data-start=\"2006\" data-end=\"2063\">Stylowa, oryginalna i pe\u0142na pi\u0142karskiego dziedzictwa<\/strong> \u2013 domowa koszulka<strong> Interu Mediolan<\/strong> z sezonu <strong>2004\/05<\/strong> to doskona\u0142y wyb\u00f3r dla ka\u017cdego, kto chce mie\u0107 w swojej kolekcji kawa\u0142ek historii jednego z najbardziej utytu\u0142owanych klub\u00f3w we W\u0142oszech i Europie.<\/p>\n<\/div>\n<\/div>\n<\/div>\n<\/div>\n<\/div>\n<\/div>\n<\/article>","protected":false},"featured_media":15100,"template":"","meta":{"_kad_blocks_custom_css":"","_kad_blocks_head_custom_js":"","_kad_blocks_body_custom_js":"","_kad_blocks_footer_custom_js":"","_kad_post_transparent":"","_kad_post_title":"","_kad_post_layout":"","_kad_post_sidebar_id":"","_kad_post_content_style":"","_kad_post_vertical_padding":"","_kad_post_feature":"","_kad_post_feature_position":"","_kad_post_header":false,"_kad_post_footer":false},"product_brand":[55],"product_cat":[347,31,117],"product_tag":[],"class_list":{"0":"post-3182","1":"product","2":"type-product","3":"status-publish","4":"has-post-thumbnail","6":"product_brand-nike","7":"product_cat-inter-mediolan","8":"product_cat-kluby-europejskie","9":"product_cat-kluby-wloskie","10":"pa_rozmiar-xxl","12":"first","13":"instock","14":"taxable","15":"shipping-taxable","16":"purchasable","17":"product-type-simple","18":"entry","19":"content-bg","20":"loop-entry"},"taxonomy_info":{"product_brand":[{"value":55,"label":"Nike"}],"product_cat":[{"value":347,"label":"Inter Mediolan"},{"value":31,"label":"Kluby Europejskie"},{"value":117,"label":"Kluby W\u0142oskie"}],"pa_rozmiar":[{"value":71,"label":"XXL"}]},"featured_image_src_large":["https:\/\/fts.you2.pl\/wp-content\/uploads\/2025\/09\/Photoroom_018_20250801_191221-1024x1024.png",1024,1024,true],"author_info":[],"comment_info":"","_links":{"self":[{"href":"https:\/\/fts.you2.pl\/en\/wp-json\/wp\/v2\/product\/3182","targetHints":{"allow":["GET"]}}],"collection":[{"href":"https:\/\/fts.you2.pl\/en\/wp-json\/wp\/v2\/product"}],"about":[{"href":"https:\/\/fts.you2.pl\/en\/wp-json\/wp\/v2\/types\/product"}],"wp:featuredmedia":[{"embeddable":true,"href":"https:\/\/fts.you2.pl\/en\/wp-json\/wp\/v2\/media\/15100"}],"wp:attachment":[{"href":"https:\/\/fts.you2.pl\/en\/wp-json\/wp\/v2\/media?parent=3182"}],"wp:term":[{"taxonomy":"product_brand","embeddable":true,"href":"https:\/\/fts.you2.pl\/en\/wp-json\/wp\/v2\/product_brand?post=3182"},{"taxonomy":"product_cat","embeddable":true,"href":"https:\/\/fts.you2.pl\/en\/wp-json\/wp\/v2\/product_cat?post=3182"},{"taxonomy":"product_tag","embeddable":true,"href":"https:\/\/fts.you2.pl\/en\/wp-json\/wp\/v2\/product_tag?post=3182"}],"curies":[{"name":"wp","href":"https:\/\/api.w.org\/{rel}","templated":true}]}}